{"id":9113,"date":"2025-02-19T10:27:13","date_gmt":"2025-02-19T10:27:13","guid":{"rendered":"https:\/\/messageflow.com\/?page_id=9113"},"modified":"2025-10-23T07:32:07","modified_gmt":"2025-10-23T07:32:07","slug":"zarezerwuj-demo","status":"publish","type":"page","link":"https:\/\/messageflow.com\/pl\/zarezerwuj-demo\/","title":{"rendered":"Zarezerwuj demo"},"content":{"rendered":"<section id=\"acf-block-form-section-block_fb010ac165771d2d6f6bbc256e7c04ef\" class=\"acf-block-form-section  c-mt-only-9 c-mb-only-9 bg-white\">    <div class=\"container\">        <div class=\"row c-row-gap-only-6\">            <div class=\"col-lg-6 c-pr-lg-6 d-flex flex-column justify-content-start align-items-start c-row-gap-only-4\">                                    <a href=\"https:\/\/messageflow.com\/pl\/kontakt\/\" class=\"crunch-button crunch-button__text-only crunch-button__text-only--medium crunch-button__text-only--primary-300-color crunch-button__text-only--with-arrow crunch-button__text-only--arrow-start\" target=\"_self\">                        Powr\u00f3t do Kontakt                    <\/a>                                <div>                            <h1 class=\"h1  text-primary-900 text-start\">        Zarezerwuj demo    <\/h1>                    <\/div>                                    <div class=\"entry-content text-gray-700\">                        <p>Dowiedz si\u0119, jak MessageFlow mo\u017ce rozwin\u0105\u0107 Tw\u00f3j biznes! Zarezerwuj demo, aby pozna\u0107 nasze funkcje, zadawa\u0107 pytania i zobaczy\u0107 platform\u0119 w akcji. Wype\u0142nij formularz lub napisz do nas na adres <a href=\"mailto:sales@messageflow.com\">sales@messageflow.com<\/a><\/p>                    <\/div>                                    <ul class=\"list-with-ticks list-unstyled d-flex flex-column justify-content-start align-items-start fz-18 list-with-ticks--18 fw-normal\">                    <li class=\"list-with-ticks__item position-relative\">                                <span class=\"text-gray-700\">Wska\u017cemy odpowiednie produkty i wycenimy us\u0142ugi.<\/span>            <\/li>                    <li class=\"list-with-ticks__item position-relative\">                                <span class=\"text-gray-700\">Przedstawimy mo\u017cliwo\u015bci naszej platformy.<\/span>            <\/li>                    <li class=\"list-with-ticks__item position-relative\">                                <span class=\"text-gray-700\">Nasze centrum wsparcia dost\u0119pne jest 24\/7.<\/span>            <\/li>            <\/ul>                                                    <div class=\"d-flex flex-column gap-20px c-mt-only-5 w-full\">                                                    <h3 class=\"fz-16 fw-semibold text-gray-500\">Zaufali nam<\/h3>                                                <div class=\"logos\" style=\"--amount-in-row: 4\">    <div class=\"splide js-logos\" style=\"--amount-in-row: 4\">        <div class=\"splide__track\">            <div class=\"splide__list logos__wrapper logos__wrapper--between\">                                                        <div class=\"splide__slide logos__column logos__column--auto-width\"style=\"--width: 98px\">                        <img decoding=\"async\" width=\"252\" height=\"82\" src=\"https:\/\/messageflow.com\/wp-content\/uploads\/2024\/08\/uTxKbckTnb8kgVM0s4Fmh9hjJEBz8cA6nVCCmr1x-published.png\" class=\"adjustable-element d-block\" alt=\"Coca cola logo\" srcset=\"https:\/\/messageflow.com\/wp-content\/uploads\/2024\/08\/uTxKbckTnb8kgVM0s4Fmh9hjJEBz8cA6nVCCmr1x-published.png 252w, https:\/\/messageflow.com\/wp-content\/uploads\/2024\/08\/uTxKbckTnb8kgVM0s4Fmh9hjJEBz8cA6nVCCmr1x-published-48x16.png 48w, https:\/\/messageflow.com\/wp-content\/uploads\/2024\/08\/uTxKbckTnb8kgVM0s4Fmh9hjJEBz8cA6nVCCmr1x-published-96x31.png 96w, https:\/\/messageflow.com\/wp-content\/uploads\/2024\/08\/uTxKbckTnb8kgVM0s4Fmh9hjJEBz8cA6nVCCmr1x-published-250x82.png 250w\" sizes=\"(max-width: 252px) 100vw, 252px\" \/>                    <\/div>                                                        <div class=\"splide__slide logos__column logos__column--auto-width\"style=\"--width: 104px\">                        <img decoding=\"async\" width=\"320\" height=\"44\" src=\"https:\/\/messageflow.com\/wp-content\/uploads\/2024\/08\/OeKKUowY98WwDIIYI3FrXPVqJKdvY37575kjR8df-published-320x44.png\" class=\"adjustable-element d-block\" alt=\"DHL logo\" srcset=\"https:\/\/messageflow.com\/wp-content\/uploads\/2024\/08\/OeKKUowY98WwDIIYI3FrXPVqJKdvY37575kjR8df-published-320x44.png 320w, https:\/\/messageflow.com\/wp-content\/uploads\/2024\/08\/OeKKUowY98WwDIIYI3FrXPVqJKdvY37575kjR8df-published-48x7.png 48w, https:\/\/messageflow.com\/wp-content\/uploads\/2024\/08\/OeKKUowY98WwDIIYI3FrXPVqJKdvY37575kjR8df-published-96x13.png 96w, https:\/\/messageflow.com\/wp-content\/uploads\/2024\/08\/OeKKUowY98WwDIIYI3FrXPVqJKdvY37575kjR8df-published.png 394w\" sizes=\"(max-width: 320px) 100vw, 320px\" \/>                    <\/div>                                                        <div class=\"splide__slide logos__column logos__column--auto-width\"style=\"--width: 100px\">                        <img decoding=\"async\" width=\"314\" height=\"76\" src=\"https:\/\/messageflow.com\/wp-content\/uploads\/2024\/08\/EcdjBFEaOmGPMAQacYXMVWiwd9CSLIGeh9Zqdyg7-published.png\" class=\"adjustable-element d-block\" alt=\"T-Mobile logo\" srcset=\"https:\/\/messageflow.com\/wp-content\/uploads\/2024\/08\/EcdjBFEaOmGPMAQacYXMVWiwd9CSLIGeh9Zqdyg7-published.png 314w, https:\/\/messageflow.com\/wp-content\/uploads\/2024\/08\/EcdjBFEaOmGPMAQacYXMVWiwd9CSLIGeh9Zqdyg7-published-48x12.png 48w, https:\/\/messageflow.com\/wp-content\/uploads\/2024\/08\/EcdjBFEaOmGPMAQacYXMVWiwd9CSLIGeh9Zqdyg7-published-96x23.png 96w\" sizes=\"(max-width: 314px) 100vw, 314px\" \/>                    <\/div>                                                        <div class=\"splide__slide logos__column logos__column--auto-width\"style=\"--width: 70px\">                        <img decoding=\"async\" width=\"196\" height=\"68\" src=\"https:\/\/messageflow.com\/wp-content\/uploads\/2024\/08\/01iNdE87CkIoysuYdUG62JSWnWDuEiBZmubTehn6-published.png\" class=\"adjustable-element d-block\" alt=\"IKEA logo\" srcset=\"https:\/\/messageflow.com\/wp-content\/uploads\/2024\/08\/01iNdE87CkIoysuYdUG62JSWnWDuEiBZmubTehn6-published.png 196w, https:\/\/messageflow.com\/wp-content\/uploads\/2024\/08\/01iNdE87CkIoysuYdUG62JSWnWDuEiBZmubTehn6-published-48x17.png 48w, https:\/\/messageflow.com\/wp-content\/uploads\/2024\/08\/01iNdE87CkIoysuYdUG62JSWnWDuEiBZmubTehn6-published-96x33.png 96w\" sizes=\"(max-width: 196px) 100vw, 196px\" \/>                    <\/div>                                            <\/div>        <\/div>    <\/div><\/div>                    <\/div>                            <\/div>                            <div class=\"col-lg-6 c-pl-lg-6 d-flex align-items-center justify-content-start\" >                    <script>var gform;gform||(document.addEventListener(\"gform_main_scripts_loaded\",function(){gform.scriptsLoaded=!0}),document.addEventListener(\"gform\/theme\/scripts_loaded\",function(){gform.themeScriptsLoaded=!0}),window.addEventListener(\"DOMContentLoaded\",function(){gform.domLoaded=!0}),gform={domLoaded:!1,scriptsLoaded:!1,themeScriptsLoaded:!1,isFormEditor:()=>\"function\"==typeof InitializeEditor,callIfLoaded:function(o){return!(!gform.domLoaded||!gform.scriptsLoaded||!gform.themeScriptsLoaded&&!gform.isFormEditor()||(gform.isFormEditor()&&console.warn(\"The use of gform.initializeOnLoaded() is deprecated in the form editor context and will be removed in Gravity Forms 3.1.\"),o(),0))},initializeOnLoaded:function(o){gform.callIfLoaded(o)||(document.addEventListener(\"gform_main_scripts_loaded\",()=>{gform.scriptsLoaded=!0,gform.callIfLoaded(o)}),document.addEventListener(\"gform\/theme\/scripts_loaded\",()=>{gform.themeScriptsLoaded=!0,gform.callIfLoaded(o)}),window.addEventListener(\"DOMContentLoaded\",()=>{gform.domLoaded=!0,gform.callIfLoaded(o)}))},hooks:{action:{},filter:{}},addAction:function(o,r,e,t){gform.addHook(\"action\",o,r,e,t)},addFilter:function(o,r,e,t){gform.addHook(\"filter\",o,r,e,t)},doAction:function(o){gform.doHook(\"action\",o,arguments)},applyFilters:function(o){return gform.doHook(\"filter\",o,arguments)},removeAction:function(o,r){gform.removeHook(\"action\",o,r)},removeFilter:function(o,r,e){gform.removeHook(\"filter\",o,r,e)},addHook:function(o,r,e,t,n){null==gform.hooks[o][r]&&(gform.hooks[o][r]=[]);var d=gform.hooks[o][r];null==n&&(n=r+\"_\"+d.length),gform.hooks[o][r].push({tag:n,callable:e,priority:t=null==t?10:t})},doHook:function(r,o,e){var t;if(e=Array.prototype.slice.call(e,1),null!=gform.hooks[r][o]&&((o=gform.hooks[r][o]).sort(function(o,r){return o.priority-r.priority}),o.forEach(function(o){\"function\"!=typeof(t=o.callable)&&(t=window[t]),\"action\"==r?t.apply(null,e):e[0]=t.apply(null,e)})),\"filter\"==r)return e[0]},removeHook:function(o,r,t,n){var e;null!=gform.hooks[o][r]&&(e=(e=gform.hooks[o][r]).filter(function(o,r,e){return!!(null!=n&&n!=o.tag||null!=t&&t!=o.priority)}),gform.hooks[o][r]=e)}});<\/script>                <div class='gf_browser_gecko gform_wrapper gravity-theme gform-theme--no-framework' data-form-theme='gravity-theme' data-form-index='0' id='gform_wrapper_37' ><div id='gf_37' class='gform_anchor' tabindex='-1'><\/div><form method='post' enctype='multipart\/form-data' target='gform_ajax_frame_37' id='gform_37'  action='\/pl\/wp-json\/wp\/v2\/pages\/9113#gf_37' data-formid='37' novalidate><div class='gf_invisible ginput_recaptchav3' data-sitekey='6LewmlUqAAAAACw72GSTEdswuxtL36U24QLBMv4w' data-tabindex='0'><input id=\"input_68380ede86240400be3e1293f1106a20\" class=\"gfield_recaptcha_response\" type=\"hidden\" name=\"input_68380ede86240400be3e1293f1106a20\" value=\"\"\/><\/div>                        <div class='gform-body gform_body'><div id='gform_fields_37' class='gform_fields top_label form_sublabel_below description_below validation_below'><div id=\"field_37_9\" class=\"gfield gfield--type-text gfield--input-type-text gfield--width-half gfield_contains_required field_sublabel_below gfield--no-description field_description_below field_validation_below gfield_visibility_visible\"  ><label class='gfield_label gform-field-label' for='input_37_9'>Imi\u0119<span class=\"gfield_required\"><span class=\"gfield_required gfield_required_text\">(wymagane)<\/span><\/span><\/label><div class='ginput_container ginput_container_text'><input name='input_9' id='input_37_9' type='text' value='' class='large'    placeholder='Twoje imi\u0119' aria-required=\"true\" aria-invalid=\"false\"   \/><\/div><\/div><div id=\"field_37_10\" class=\"gfield gfield--type-text gfield--input-type-text gfield--width-half gfield_contains_required field_sublabel_below gfield--no-description field_description_below field_validation_below gfield_visibility_visible\"  ><label class='gfield_label gform-field-label' for='input_37_10'>Nazwisko<span class=\"gfield_required\"><span class=\"gfield_required gfield_required_text\">(wymagane)<\/span><\/span><\/label><div class='ginput_container ginput_container_text'><input name='input_10' id='input_37_10' type='text' value='' class='large'    placeholder='Twoje nazwisko' aria-required=\"true\" aria-invalid=\"false\"   \/><\/div><\/div><div id=\"field_37_3\" class=\"gfield gfield--type-email gfield--input-type-email gfield_contains_required field_sublabel_below gfield--no-description field_description_below field_validation_below gfield_visibility_visible\"  ><label class='gfield_label gform-field-label' for='input_37_3'>Email<span class=\"gfield_required\"><span class=\"gfield_required gfield_required_text\">(wymagane)<\/span><\/span><\/label><div class='ginput_container ginput_container_email'>                            <input name='input_3' id='input_37_3' type='email' value='' class='large'   placeholder='twoja@firma.com' aria-required=\"true\" aria-invalid=\"false\"  \/>                        <\/div><\/div><div id=\"field_37_4\" class=\"gfield gfield--type-text gfield--input-type-text gfield_contains_required field_sublabel_below gfield--no-description field_description_below field_validation_below gfield_visibility_visible\"  ><label class='gfield_label gform-field-label' for='input_37_4'>Nazwa firmy<span class=\"gfield_required\"><span class=\"gfield_required gfield_required_text\">(wymagane)<\/span><\/span><\/label><div class='ginput_container ginput_container_text'><input name='input_4' id='input_37_4' type='text' value='' class='large'    placeholder='Nazwa firmy' aria-required=\"true\" aria-invalid=\"false\"   \/><\/div><\/div><div id=\"field_37_14\" class=\"gfield gfield--type-text gfield--input-type-text gfield--width-full gfield_contains_required field_sublabel_below gfield--no-description field_description_below field_validation_below gfield_visibility_visible\"  ><label class='gfield_label gform-field-label' for='input_37_14'>Strona internetowa<span class=\"gfield_required\"><span class=\"gfield_required gfield_required_text\">(wymagane)<\/span><\/span><\/label><div class='ginput_container ginput_container_text'><input name='input_14' id='input_37_14' type='text' value='' class='large'    placeholder='Strona internetowa' aria-required=\"true\" aria-invalid=\"false\"   \/><\/div><\/div><div id=\"field_37_7\" class=\"gfield gfield--type-select gfield--input-type-select gfield_contains_required field_sublabel_below gfield--no-description field_description_below field_validation_below gfield_visibility_visible\"  ><label class='gfield_label gform-field-label' for='input_37_7'>Produkt<span class=\"gfield_required\"><span class=\"gfield_required gfield_required_text\">(wymagane)<\/span><\/span><\/label><div class='ginput_container ginput_container_select'><select name='input_7' id='input_37_7' class='large gfield_select'    aria-required=\"true\" aria-invalid=\"false\" ><option value='' selected='selected'>Wybierz<\/option><option value='Email' >Email<\/option><option value='SMS' >SMS<\/option><option value='Mobile Push' >Mobile Push<\/option><option value='Cross-channel' >Cross-channel<\/option><option value='RCS' >RCS<\/option><\/select><\/div><\/div><div id=\"field_37_8\" class=\"gfield gfield--type-phone gfield--input-type-phone field_sublabel_below gfield--no-description field_description_below field_validation_below gfield_visibility_visible\"  ><label class='gfield_label gform-field-label' for='input_37_8'>Numer telefonu<\/label><div class='ginput_container ginput_container_phone'><input name='input_8' id='input_37_8' type='tel' value='' class='large'  placeholder='+48 000 000 000'  aria-invalid=\"false\"   \/><\/div><\/div><fieldset id=\"field_37_15\" class=\"gfield gfield--type-checkbox gfield--type-choice gfield--input-type-checkbox gfield--width-full gfield_contains_required field_sublabel_below gfield--no-description field_description_below field_validation_below gfield_visibility_visible\"  ><legend class='gfield_label gform-field-label screen-reader-text gfield_label_before_complex' ><span class=\"gfield_required\"><span class=\"gfield_required gfield_required_text\">(wymagane)<\/span><\/span><\/legend><div class='ginput_container ginput_container_checkbox'><div class='gfield_checkbox ' id='input_37_15'><div class='gchoice gchoice_37_15_1'><input class='gfield-choice-input' name='input_15.1' type='checkbox'  value='Wyra\u017cam zgod\u0119 na przetwarzanie moich danych osobowych zgodnie z ustaw\u0105 o ochronie danych osobowych w celu przedstawienia odpowiedzi na wysy\u0142ane zapytanie. Podanie danych osobowych jest dobrowolne.'  id='choice_37_15_1'   \/><label for='choice_37_15_1' id='label_37_15_1' class='gform-field-label gform-field-label--type-inline'>Wyra\u017cam zgod\u0119 na przetwarzanie moich danych osobowych zgodnie z ustaw\u0105 o ochronie danych osobowych w celu przedstawienia odpowiedzi na wysy\u0142ane zapytanie. Podanie danych osobowych jest dobrowolne.<\/label><\/div><\/div><\/div><\/fieldset><div id=\"field_37_13\" class=\"gfield gfield--type-html gfield--input-type-html privacy-policy gfield_html gfield_html_formatted gfield_no_follows_desc field_sublabel_below gfield--no-description field_description_below field_validation_below gfield_visibility_visible\"  ><p>Zobowi\u0105zujemy si\u0119 chroni\u0107 Twoj\u0105 prywatno\u015b\u0107. MessageFlow wykorzystuje podane informacje wy\u0142\u0105cznie do kontaktowania si\u0119 z u\u017cytkownikami w sprawie odpowiednich tre\u015bci, produkt\u00f3w i us\u0142ug. Wi\u0119cej informacji mo\u017cna znale\u017a\u0107 w naszej <a href=\"https:\/\/messageflow.com\/pl\/polityka-prywatnosci\/\" target=\"_blank\">Polityce prywatno\u015bci.<\/a>.<\/p><\/div><\/div><\/div>        <div class='gform-footer gform_footer top_label'> <button type=\"submit\" id=\"gform_submit_button_37\" class=\"gform_button button crunch-button crunch-button__full-background crunch-button__full-background--accent-yellow-color crunch-button__full-background--medium\" onclick=\"gform.submission.handleButtonClick(this);\" data-submission-type=\"submit\">Prze\u015blij<\/button> <input type='hidden' name='gform_ajax' value='form_id=37&amp;title=&amp;description=&amp;tabindex=0&amp;theme=gravity-theme&amp;styles=[]&amp;hash=82caec34c539fdf7c901e86c49c7f3fc' \/>            <input type='hidden' class='gform_hidden' name='gform_submission_method' data-js='gform_submission_method_37' value='iframe' \/>            <input type='hidden' class='gform_hidden' name='gform_theme' data-js='gform_theme_37' id='gform_theme_37' value='gravity-theme' \/>            <input type='hidden' class='gform_hidden' name='gform_style_settings' data-js='gform_style_settings_37' id='gform_style_settings_37' value='[]' \/>            <input type='hidden' class='gform_hidden' name='is_submit_37' value='1' \/>            <input type='hidden' class='gform_hidden' name='gform_submit' value='37' \/>                        <input type='hidden' class='gform_hidden' name='gform_currency' data-currency='PLN' value='\/xF95E6sMUQhQwcFsYEyqKEqpirsLM13hE2EDIp8GBi3qKfdXVWyL\/aFhcwgh5gYeg4FX+LrOaMp3dGEhsuQl156wBYpPZ84uVcAZNeUZ1KdID4=' \/>            <input type='hidden' class='gform_hidden' name='gform_unique_id' value='' \/>            <input type='hidden' class='gform_hidden' name='state_37' value='WyJ7XCI3XCI6W1wiYWE1MzU3OTQyMDJiYmUwZGQ1ODZiZjA5NmIxN2UxYzNcIixcIjcwOGVmMjAzMjljNjcyMzAxNWQzZWFhNTlkYzUwYTkwXCIsXCJlMDhiNTA3ODIzNmJkMWRkNGU3ZWZlYmIwY2ViZjFkY1wiLFwiNTJiMjdiYWJiZDFiMThmMTUwZDgxZmVhNWFiNmQ3NDRcIixcImMwY2I3ZTc1Yzg5ZTQ5NDNiYmQxNWEyYTg1MmNmZjI1XCIsXCIwYjMzNjg2YjMwZmM0MjkxMmJiY2VkOTZmODc4YmRmZlwiXSxcIjE1LjFcIjpcImM5NjNiYWJhZjM5MjRhMjU0YjQwMzUwNzliYjFkZWE4XCJ9IiwiNGZlY2Y4MWE0NmI4MzkwNDZhZTYzNWNmYmI3YjljODAiXQ==' \/>            <input type='hidden' autocomplete='off' class='gform_hidden' name='gform_target_page_number_37' id='gform_target_page_number_37' value='0' \/>            <input type='hidden' autocomplete='off' class='gform_hidden' name='gform_source_page_number_37' id='gform_source_page_number_37' value='1' \/>            <input type='hidden' name='gform_field_values' value='' \/>                    <\/div>                        <\/form>                        <\/div>                <iframe style='display:none;width:0px;height:0px;' src='about:blank' name='gform_ajax_frame_37' id='gform_ajax_frame_37' title='Ten element iframe zawiera logik\u0119 wymagan\u0105 do obs\u0142ugi Gravity Forms u\u017cywaj\u0105cych technologii Ajax.'><\/iframe>                <script>gform.initializeOnLoaded( function() {gformInitSpinner( 37, 'data:image\/gif;base64,R0lGODlhAQABAIAAAAAAAP\/\/\/yH5BAEAAAAALAAAAAABAAEAAAIBRAA7', true );jQuery('#gform_ajax_frame_37').on('load',function(){var contents = jQuery(this).contents().find('*').html();var is_postback = contents.indexOf('GF_AJAX_POSTBACK') >= 0;if(!is_postback){return;}var form_content = jQuery(this).contents().find('#gform_wrapper_37');var is_confirmation = jQuery(this).contents().find('#gform_confirmation_wrapper_37').length > 0;var is_redirect = contents.indexOf('gformRedirect(){') >= 0;var is_form = form_content.length > 0 && ! is_redirect && ! is_confirmation;var mt = parseInt(jQuery('html').css('margin-top'), 10) + parseInt(jQuery('body').css('margin-top'), 10) + 100;if(is_form){jQuery('#gform_wrapper_37').html(form_content.html());if(form_content.hasClass('gform_validation_error')){jQuery('#gform_wrapper_37').addClass('gform_validation_error');} else {jQuery('#gform_wrapper_37').removeClass('gform_validation_error');}setTimeout( function() { \/* delay the scroll by 50 milliseconds to fix a bug in chrome *\/ jQuery(document).scrollTop(jQuery('#gform_wrapper_37').offset().top - mt); }, 50 );if(window['gformInitDatepicker']) {gformInitDatepicker();}if(window['gformInitPriceFields']) {gformInitPriceFields();}var current_page = jQuery('#gform_source_page_number_37').val();gformInitSpinner( 37, 'data:image\/gif;base64,R0lGODlhAQABAIAAAAAAAP\/\/\/yH5BAEAAAAALAAAAAABAAEAAAIBRAA7', true );jQuery(document).trigger('gform_page_loaded', [37, current_page]);window['gf_submitting_37'] = false;}else if(!is_redirect){var confirmation_content = jQuery(this).contents().find('.GF_AJAX_POSTBACK').html();if(!confirmation_content){confirmation_content = contents;}jQuery('#gform_wrapper_37').replaceWith(confirmation_content);jQuery(document).scrollTop(jQuery('#gf_37').offset().top - mt);jQuery(document).trigger('gform_confirmation_loaded', [37]);window['gf_submitting_37'] = false;wp.a11y.speak(jQuery('#gform_confirmation_message_37').text());}else{jQuery('#gform_37').append(contents);if(window['gformRedirect']) {gformRedirect();}}jQuery(document).trigger(\"gform_pre_post_render\", [{ formId: \"37\", currentPage: \"current_page\", abort: function() { this.preventDefault(); } }]);        if (event && event.defaultPrevented) {                return;        }        const gformWrapperDiv = document.getElementById( \"gform_wrapper_37\" );        if ( gformWrapperDiv ) {            const visibilitySpan = document.createElement( \"span\" );            visibilitySpan.id = \"gform_visibility_test_37\";            gformWrapperDiv.insertAdjacentElement( \"afterend\", visibilitySpan );        }        const visibilityTestDiv = document.getElementById( \"gform_visibility_test_37\" );        let postRenderFired = false;        function triggerPostRender() {            if ( postRenderFired ) {                return;            }            postRenderFired = true;            gform.core.triggerPostRenderEvents( 37, current_page );            if ( visibilityTestDiv ) {                visibilityTestDiv.parentNode.removeChild( visibilityTestDiv );            }        }        function debounce( func, wait, immediate ) {            var timeout;            return function() {                var context = this, args = arguments;                var later = function() {                    timeout = null;                    if ( !immediate ) func.apply( context, args );                };                var callNow = immediate && !timeout;                clearTimeout( timeout );                timeout = setTimeout( later, wait );                if ( callNow ) func.apply( context, args );            };        }        const debouncedTriggerPostRender = debounce( function() {            triggerPostRender();        }, 200 );        if ( visibilityTestDiv && visibilityTestDiv.offsetParent === null ) {            const observer = new MutationObserver( ( mutations ) => {                mutations.forEach( ( mutation ) => {                    if ( mutation.type === 'attributes' && visibilityTestDiv.offsetParent !== null ) {                        debouncedTriggerPostRender();                        observer.disconnect();                    }                });            });            observer.observe( document.body, {                attributes: true,                childList: false,                subtree: true,                attributeFilter: [ 'style', 'class' ],            });        } else {            triggerPostRender();        }    } );} );<\/script>                <\/div>                    <\/div>    <\/div><\/section><section id=\"acf-block-text-call-to-action-with-logo-block_d22f91ba78feb3f284659305b8aa89f7\" class=\"text-call-to-action-with-logo acf-block-text-call-to-action-with-logo  c-pt-only-8 c-pb-only-8 bg-primary-900\">    <div class=\"container\">        <div class=\"row\">            <div class=\"col-lg-8 c-pr-lg-0 d-flex flex-column c-row-gap-only-5\">                                    <a href=\"https:\/\/messageflow.com\/pl\/\"                        class=\"text-call-to-action-with-logo__logo hover-opacity-0-75\">                        <object type=\"image\/svg+xml\" data=\"https:\/\/messageflow.com\/wp-content\/uploads\/2024\/08\/logo-white.svg\" class=\"w-100 h-100 d-block object-fit-cover\"><\/object>                    <\/a>                                        <h2 class=\"h3  text-white text-start\">        Odkryj sw\u00f3j <span class=\"text-accent-green-500\">komunikacyjny potencja\u0142 <\/span>podczas live demo    <\/h2>                        <div class=\"d-flex align-items-center gap-3\">                                <div class=\"crunch-button-wrapper c-mt-0\">            <a href=\"https:\/\/app.messageflow.com\/register\" class=\"crunch-button crunch-button__full-background crunch-button__full-background--accent-yellow-color crunch-button__full-background--medium\" target=\"_blank\" rel=\"nofollow\">Za\u0142\u00f3\u017c konto<\/a>        <\/div>                        <\/div>            <\/div>        <\/div>    <\/div><\/section><div class=\"text-call-to-action-with-logo__decor w-100\"><\/div>","protected":false},"excerpt":{"rendered":"","protected":false},"author":11,"featured_media":0,"parent":0,"menu_order":0,"comment_status":"closed","ping_status":"closed","template":"","meta":{"_acf_changed":false,"footnotes":""},"class_list":["post-9113","page","type-page","status-publish","hentry"],"acf":[],"_links":{"self":[{"href":"https:\/\/messageflow.com\/pl\/wp-json\/wp\/v2\/pages\/9113","targetHints":{"allow":["GET"]}}],"collection":[{"href":"https:\/\/messageflow.com\/pl\/wp-json\/wp\/v2\/pages"}],"about":[{"href":"https:\/\/messageflow.com\/pl\/wp-json\/wp\/v2\/types\/page"}],"author":[{"embeddable":true,"href":"https:\/\/messageflow.com\/pl\/wp-json\/wp\/v2\/users\/11"}],"replies":[{"embeddable":true,"href":"https:\/\/messageflow.com\/pl\/wp-json\/wp\/v2\/comments?post=9113"}],"version-history":[{"count":4,"href":"https:\/\/messageflow.com\/pl\/wp-json\/wp\/v2\/pages\/9113\/revisions"}],"predecessor-version":[{"id":15466,"href":"https:\/\/messageflow.com\/pl\/wp-json\/wp\/v2\/pages\/9113\/revisions\/15466"}],"wp:attachment":[{"href":"https:\/\/messageflow.com\/pl\/wp-json\/wp\/v2\/media?parent=9113"}],"curies":[{"name":"wp","href":"https:\/\/api.w.org\/{rel}","templated":true}]}}