{"id":2828,"date":"2024-08-09T09:13:55","date_gmt":"2024-08-09T09:13:55","guid":{"rendered":"https:\/\/testwww.messageflow.com\/thank-you\/"},"modified":"2025-03-18T09:02:42","modified_gmt":"2025-03-18T09:02:42","slug":"dziekujemy-za-kontakt","status":"publish","type":"page","link":"https:\/\/messageflow.com\/pl\/dziekujemy-za-kontakt\/","title":{"rendered":"Dzi\u0119kujemy za wiadomo\u015b\u0107 | Kontakt z ekspertem"},"content":{"rendered":"<section id=\"acf-block-information-block_af607392d5696fcc9c2700a01bdb2344\" class=\"acf-block-information  text-center  c-mt-9 c-mb-9\">    <div class=\"container\">                <h1 class=\"h1  text-text-gray-700 text-center\">        Dzi\u0119kujemy za Twoj\u0105 wiadomo\u015b\u0107    <\/h1>                        <div class=\"entry-content fw-medium fz-25 c-mt-4 text-gray-700\">                <p><span style=\"font-weight: 400;\">Otrzymali\u015bmy Twoj\u0105 wiadomo\u015b\u0107 i wkr\u00f3tce si\u0119 z Tob\u0105 skontaktujemy<\/span><\/p>            <\/div>                        <div class=\"crunch-button-wrapper c-mt-5\">            <a href=\"https:\/\/messageflow.com\/pl\/\" class=\"crunch-button crunch-button__full-background crunch-button__full-background--accent-yellow-color crunch-button__full-background--large\" target=\"_self\">Powr\u00f3t do strony g\u0142\u00f3wnej<\/a>        <\/div>        <\/div><\/section><section id=\"acf-block-text-call-to-action-with-logo-block_453f5eb6bfb1542b62349cddb2053e5b\" class=\"text-call-to-action-with-logo acf-block-text-call-to-action-with-logo  c-pt-only-8 c-pb-only-8 bg-primary-900\">    <div class=\"container\">        <div class=\"row\">            <div class=\"col-lg-8 c-pr-lg-0 d-flex flex-column c-row-gap-only-5\">                                    <a href=\"https:\/\/messageflow.com\/pl\/\"                        class=\"text-call-to-action-with-logo__logo hover-opacity-0-75\">                        <object type=\"image\/svg+xml\" data=\"https:\/\/messageflow.com\/wp-content\/uploads\/2024\/08\/logo-white.svg\" class=\"w-100 h-100 d-block object-fit-cover\"><\/object>                    <\/a>                                        <h2 class=\"h3  text-white text-start\">        Wybierz <span class=\"text-accent-green-500\">kompleksowe rozwi\u0105zanie<\/span> dla komunikacji wielokana\u0142owej    <\/h2>                        <div class=\"d-flex align-items-center gap-3\">                                <div class=\"crunch-button-wrapper c-mt-0\">            <a href=\"https:\/\/app.messageflow.com\/register\" class=\"crunch-button crunch-button__full-background crunch-button__full-background--accent-yellow-color crunch-button__full-background--medium\" target=\"_blank\" rel=\"nofollow\">Za\u0142\u00f3\u017c konto<\/a>        <\/div>                        <\/div>            <\/div>        <\/div>    <\/div><\/section><div class=\"text-call-to-action-with-logo__decor w-100\"><\/div><div class=\"container\"><div class=\"row\"><div class=\"col-12\"><div class=\"entry-content\"><p><\/p><\/div><\/div><\/div><\/div>","protected":false},"excerpt":{"rendered":"","protected":false},"author":1,"featured_media":0,"parent":0,"menu_order":0,"comment_status":"closed","ping_status":"closed","template":"","meta":{"_acf_changed":false,"footnotes":""},"class_list":["post-2828","page","type-page","status-publish","hentry"],"acf":[],"_links":{"self":[{"href":"https:\/\/messageflow.com\/pl\/wp-json\/wp\/v2\/pages\/2828","targetHints":{"allow":["GET"]}}],"collection":[{"href":"https:\/\/messageflow.com\/pl\/wp-json\/wp\/v2\/pages"}],"about":[{"href":"https:\/\/messageflow.com\/pl\/wp-json\/wp\/v2\/types\/page"}],"author":[{"embeddable":true,"href":"https:\/\/messageflow.com\/pl\/wp-json\/wp\/v2\/users\/1"}],"replies":[{"embeddable":true,"href":"https:\/\/messageflow.com\/pl\/wp-json\/wp\/v2\/comments?post=2828"}],"version-history":[{"count":7,"href":"https:\/\/messageflow.com\/pl\/wp-json\/wp\/v2\/pages\/2828\/revisions"}],"predecessor-version":[{"id":7101,"href":"https:\/\/messageflow.com\/pl\/wp-json\/wp\/v2\/pages\/2828\/revisions\/7101"}],"wp:attachment":[{"href":"https:\/\/messageflow.com\/pl\/wp-json\/wp\/v2\/media?parent=2828"}],"curies":[{"name":"wp","href":"https:\/\/api.w.org\/{rel}","templated":true}]}}