{"id":22107,"date":"2026-04-09T12:28:28","date_gmt":"2026-04-09T12:28:28","guid":{"rendered":"https:\/\/messageflow.com\/?page_id=22107"},"modified":"2026-04-23T14:37:13","modified_gmt":"2026-04-23T14:37:13","slug":"zaawansowane-funkcjonalnosci","status":"publish","type":"page","link":"https:\/\/messageflow.com\/pl\/zaawansowane-funkcjonalnosci\/","title":{"rendered":"Zaawansowane funkcjonalno\u015bci"},"content":{"rendered":"<div class=\"container\"><div class=\"row\"><div class=\"col-12\"><div class=\"entry-content\"><style>.bg-light-green {    background-color: rgba(212, 255, 223, 1);}.bg-light-turquoise {background-color: rgba(212, 255, 255, 1);}.bg-light-purple {background-color: rgba(207, 207, 252, 1);}.rounded-6px {border-radius: 6px;}.responsive-grid .list-with-icon.box-shadow-16-primary-900 {transition: all 0.5s ease-in-out;}.responsive-grid .list-with-icon.box-shadow-16-primary-900:hover {transform: scale(1.05) !important;box-shadow: 0 7.371px 26.958px 0 rgba(96, 97, 246, 0.14) !important;}.responsive-grid .list-with-icon:hover h3 {color: #6061F6 !important;}@media (max-width: 991px) {.responsive-grid {grid-template-columns: 1fr;}}<\/style><\/div><\/div><\/div><\/div><section id=\"acf-block-hero-section-with-media-block_7075c9d11ce8f1c1dc2ffd5ac3e17216\" class=\"position-relative js-hero acf-block-hero-section-with-media  c-mb-only-6  c-pt-only-6\">    <div class=\"container\">                            <div class=\"row\">                <div class=\"col-lg-6\">                            <h1 class=\"h1  text-primary-900 text-start\">        <span class=\"text-primary-300\">Zaawansowane funkcjonalno\u015bci <\/span><br \/>MessageFlow    <\/h1>                                                <div class=\"entry-content fz-18 text-gray-700 lh-1-5 c-mt-lg-only-5 c-mt-only-4\">                            <p><span style=\"font-weight: 400;\">MessageFlow oferuje zestaw zaawansowanych funkcjonalno\u015bci, kt\u00f3re daj\u0105 Ci pe\u0142n\u0105 kontrol\u0119 nad komunikacj\u0105. Pozwalaj\u0105 one pracowa\u0107 na danych w czasie rzeczywistym, zapewniaj\u0105 najwy\u017cszy priorytet przetwarzania komunikat\u00f3w krytycznych dzi\u0119ki dedykowanej infrastrukturze oraz wspieraj\u0105 podejmowanie decyzji w oparciu o wizualizacj\u0119 trend\u00f3w. Narz\u0119dzia te zosta\u0142y zaprojektowane z my\u015bl\u0105 o skali, wgl\u0105dzie i elastyczno\u015bci, zar\u00f3wno po stronie marketingu, jak i zespo\u0142\u00f3w technicznych.<\/span><\/p>                        <\/div>                                    <\/div>                                    <div class=\"d-flex align-items-center justify-content-center justify-content-lg-end c-pt-lg-only-5 c-pt-xl-0  col-lg-6\">                        <div class=\"acf-block-hero-section-with-media__media-wrapper acf-block-hero-section-with-media__media-wrapper--2 c-mt-only-5 c-mt-lg-0\">                                                        <img decoding=\"async\" width=\"768\" height=\"766\" src=\"https:\/\/messageflow.com\/wp-content\/uploads\/2026\/04\/functionalities-hero-768x766.webp\" class=\"object-fit-cover w-100 h-100\" alt=\"\" srcset=\"https:\/\/messageflow.com\/wp-content\/uploads\/2026\/04\/functionalities-hero-768x766.webp 768w, https:\/\/messageflow.com\/wp-content\/uploads\/2026\/04\/functionalities-hero-48x48.webp 48w, https:\/\/messageflow.com\/wp-content\/uploads\/2026\/04\/functionalities-hero-96x96.webp 96w, https:\/\/messageflow.com\/wp-content\/uploads\/2026\/04\/functionalities-hero-320x319.webp 320w, https:\/\/messageflow.com\/wp-content\/uploads\/2026\/04\/functionalities-hero-640x639.webp 640w, https:\/\/messageflow.com\/wp-content\/uploads\/2026\/04\/functionalities-hero-576x575.webp 576w, https:\/\/messageflow.com\/wp-content\/uploads\/2026\/04\/functionalities-hero-250x250.webp 250w, https:\/\/messageflow.com\/wp-content\/uploads\/2026\/04\/functionalities-hero.webp 959w\" sizes=\"(max-width: 768px) 100vw, 768px\" \/>                        <\/div>                    <\/div>                            <\/div>            <\/div><\/section><section id=\"acf-block-columns-grid-block_0d10072628feba8a2d079104760585e6\" class=\"acf-block-columns-grid  c-mt-only-8 c-mb-6 bg-white\">    <div class=\"container\">                <h2 class=\"h2  text-primary-900 text-start br-lg-up c-mb-only-5\">        Funkcjonalno\u015bci daj\u0105ce Ci wi\u0119cej mo\u017cliwo\u015bci    <\/h2>                        <div class=\"row row-gap-40px\">                    <div class=\"col-lg-8 text-gray-700 entry-content\">        <p><span style=\"font-weight: 400;\">Oferowane funkcjonalno\u015bci platformy komunikacyjnej stanowi\u0105 integraln\u0105 cz\u0119\u015b\u0107 oraz naturalne rozszerzenie platformy. Pozwalaj\u0105 one lepiej wykorzysta\u0107 dane, reagowa\u0107 na kontekst komunikacji i dostosowa\u0107 kampanie do realnych wymaga\u0144 operacyjnych. Ka\u017cda z nich odpowiada na inne, konkretne wyzwanie. Kliknij, aby dowiedzie\u0107 si\u0119 wi\u0119cej i zapozna\u0107 si\u0119 z szerszym kontekstem technicznym.<\/span><\/p>    <\/div>            <\/div>            <\/div><\/section><div class=\"container\"><div class=\"row\"><div class=\"col-12\"><div class=\"entry-content\"><div class=\"wp-block-group responsive-grid c-column-gap-5 c-row-gap-5 is-layout-grid wp-container-core-group-is-layout-baef362d wp-block-group-is-layout-grid\"><a href=\"https:\/\/messageflow.com\/pl\/messageflow-segmentacja-klientow\/\">    <div class=\"list-with-icon d-flex flex-column c-row-gap-only-3 justiyfy-content-start align-items-start text-gray-700 box-shadow-16-primary-900 rounded-24px overflow-hidden bg-white c-py-only-4 c-px-only-5 align-img-left h-100\">        <div class=\"d-flex flex-column row-gap-4\">            <div class=\"d-flex column-gap-2\">                <p class=\"text-primary-900 bg-light-green fw-medium fz-12 c-p-2 lh-1 rounded-6px\">E-mail<\/p>                <p class=\"text-primary-900 bg-light-turquoise fw-medium fz-12 c-p-2 lh-1 rounded-6px\">Mobile Push<\/p>                <p class=\"text-primary-900 bg-light-purple fw-medium fz-12 c-p-2 lh-1 rounded-6px\">SMS<\/p>            <\/div>            <div class=\"c-column-gap-only-3 d-flex align-items-center\">                <figure class=\"size-full m-0\">                    <img decoding=\"async\" width=\"90\" height=\"90\" src=\"https:\/\/messageflow.com\/wp-content\/uploads\/2026\/04\/messageflow-segments.png\" alt=\"\" srcset=\"https:\/\/messageflow.com\/wp-content\/uploads\/2026\/04\/messageflow-segments.png 90w, https:\/\/messageflow.com\/wp-content\/uploads\/2026\/04\/messageflow-segments-48x48.png 48w\" sizes=\"(max-width: 90px) 100vw, 90px\">                <\/figure>                <h3 class=\"text-primary-900 fz-24\">MessageFlow Segments<\/h3>            <\/div>        <\/div>        <p class=\"fz-16 entry-content text-gray-700\">Narz\u0119dzie do tworzenia precyzyjnych segment\u00f3w odbiorc\u00f3w w oparciu o dane, zdarzenia i zachowanie u\u017cytkownik\u00f3w. Segmentacja klient\u00f3w w komunikacji umo\u017cliwia lepsze dopasowanie komunikacji do kontekstu i potrzeb odbiorc\u00f3w w r\u00f3\u017cnych kana\u0142ach, podnosz\u0105c jej skuteczno\u015b\u0107.<\/p>    <\/div><\/a><a href=\"https:\/\/messageflow.com\/pl\/messageflow-priority\/\">    <div class=\"list-with-icon d-flex flex-column c-row-gap-only-3 justiyfy-content-start align-items-start text-gray-700 box-shadow-16-primary-900 rounded-24px overflow-hidden bg-white c-py-only-4 c-px-only-5 align-img-left h-100\">        <div class=\"d-flex flex-column row-gap-4\">            <div class=\"d-flex column-gap-2\">                <p class=\"text-primary-900 bg-light-green fw-medium fz-12 c-p-2 lh-1 rounded-6px\">E-mail API<\/p>                <p class=\"text-primary-900 bg-light-purple fw-medium fz-12 c-p-2 lh-1 rounded-6px\">SMS API<\/p>            <\/div>            <div class=\"c-column-gap-only-3 d-flex align-items-center\">                <figure class=\"size-full m-0\">                    <img decoding=\"async\" width=\"95\" height=\"95\" src=\"https:\/\/messageflow.com\/wp-content\/uploads\/2026\/04\/messageflow-priority.png\" alt=\"\" srcset=\"https:\/\/messageflow.com\/wp-content\/uploads\/2026\/04\/messageflow-priority.png 95w, https:\/\/messageflow.com\/wp-content\/uploads\/2026\/04\/messageflow-priority-48x48.png 48w\" sizes=\"(max-width: 95px) 100vw, 95px\">                <\/figure>                <h3 class=\"text-primary-900 fz-24\">MessageFlow Priority<\/h3>            <\/div>        <\/div>        <p class=\"fz-16 entry-content text-gray-700\">Infrastruktura dla priorytetyzacji wysy\u0142ek, stworzona z my\u015bl\u0105 o komunikatach krytycznych, w kt\u00f3rych czas reakcji odgrywa kluczow\u0105 rol\u0119. Funkcjonalno\u015b\u0107 ta pozwala wydzieli\u0107 osobn\u0105 \u015bcie\u017ck\u0119 dor\u0119cze\u0144 dla wybranych wiadomo\u015bci, niezale\u017cnie od wolumenu pozosta\u0142ego ruchu.<\/p>    <\/div><\/a><a href=\"https:\/\/messageflow.com\/pl\/analityka-e-mail-api\/\">    <div class=\"list-with-icon d-flex flex-column c-row-gap-only-3 justiyfy-content-start align-items-start text-gray-700 box-shadow-16-primary-900 rounded-24px overflow-hidden bg-white c-py-only-4 c-px-only-5 align-img-left h-100\">        <div class=\"d-flex flex-column row-gap-4\">            <div class=\"d-flex column-gap-2\">                <p class=\"text-primary-900 bg-light-green fw-medium fz-12 c-p-2 lh-1 rounded-6px\">E-mail API<\/p>            <\/div>            <div class=\"c-column-gap-only-3 d-flex align-items-center\">                <figure class=\"size-full m-0\">                    <img decoding=\"async\" width=\"90\" height=\"90\" src=\"https:\/\/messageflow.com\/wp-content\/uploads\/2026\/04\/email-api-analytics.png\" alt=\"\" srcset=\"https:\/\/messageflow.com\/wp-content\/uploads\/2026\/04\/email-api-analytics.png 90w, https:\/\/messageflow.com\/wp-content\/uploads\/2026\/04\/email-api-analytics-48x48.png 48w\" sizes=\"(max-width: 90px) 100vw, 90px\">                <\/figure>                <h3 class=\"text-primary-900 fz-24\">Analityka e-mail API<\/h3>            <\/div>        <\/div>        <p class=\"fz-16 entry-content text-gray-700\">Zaawansowane funkcje messaging API umo\u017cliwiaj\u0105 monitorowanie dor\u0119cze\u0144, b\u0142\u0119d\u00f3w oraz trend\u00f3w wysy\u0142kowych. Funkcjonalno\u015b\u0107 ta pozwala na dok\u0142adniejsz\u0105 diagnostyk\u0119, optymalizacj\u0119 i raportowanie, kt\u00f3re stanowi\u0105 podstaw\u0119 analityki komunikacji e-mail.<\/p>    <\/div><\/a><a href=\"https:\/\/messageflow.com\/pl\/message-booster\/\">    <div class=\"list-with-icon d-flex flex-column c-row-gap-only-3 justiyfy-content-start align-items-start text-gray-700 box-shadow-16-primary-900 rounded-24px overflow-hidden bg-white c-py-only-4 c-px-only-5 align-img-left h-100\">        <div class=\"d-flex flex-column row-gap-4\">            <div class=\"d-flex column-gap-2\">                <p class=\"text-primary-900 bg-light-green fw-medium fz-12 c-p-2 lh-1 rounded-6px\">E-mail<\/p>                <p class=\"text-primary-900 bg-light-turquoise fw-medium fz-12 c-p-2 lh-1 rounded-6px\">Mobile Push<\/p>                <p class=\"text-primary-900 bg-light-purple fw-medium fz-12 c-p-2 lh-1 rounded-6px\">SMS<\/p>            <\/div>            <div class=\"c-column-gap-only-3 d-flex align-items-center\">                <figure class=\"size-full m-0\">                    <img decoding=\"async\" width=\"90\" height=\"90\" src=\"https:\/\/messageflow.com\/wp-content\/uploads\/2026\/04\/message-booster.png\" alt=\"\" srcset=\"https:\/\/messageflow.com\/wp-content\/uploads\/2026\/04\/message-booster.png 90w, https:\/\/messageflow.com\/wp-content\/uploads\/2026\/04\/message-booster-48x48.png 48w\" sizes=\"(max-width: 90px) 100vw, 90px\">                <\/figure>                <h3 class=\"text-primary-900 fz-24\">Message Booster<\/h3>            <\/div>            <p class=\"fz-16 entry-content text-gray-700\">Funkcjonalno\u015b\u0107 zwi\u0119kszaj\u0105ca zasi\u0119g kampanii, automatycznie wysy\u0142aj\u0105ca wiadomo\u015b\u0107 follow-up do odbiorc\u00f3w, kt\u00f3rzy nie zareagowali na pierwszy kontakt. W oparciu o warunki sprawdzane w czasie rzeczywistym, umo\u017cliwia sprawn\u0105 komunikacj\u0119 cross-channel bez dodatkowej pracy manualnej.<\/p>        <\/div>    <\/div><\/a><\/div><\/div><\/div><\/div><\/div><section id=\"acf-block-call-to-action-with-small-image-block_d297d00838805c301013fc75a0b33f45\" class=\"acf-block-call-to-action-with-small-image  background-image-lg-contain  c-mt-8  c-mb-0 bg-primary-900 c-pt-8 c-pb-8\"         style=\"            background-image: url('https:\/\/messageflow.com\/wp-content\/uploads\/2025\/12\/Tlo-RCS-Raport.png');            background-position: center;            background-size: auto;            background-repeat: no-repeat;        \"    >    <div class=\"container d-flex flex-column align-items-center justify-content-center\">        <div class=\"col-md-9 col-lg-7 d-flex flex-column align-items-center justify-content-center c-row-gap-only-5 text-center\">                        <div class=\"d-flex flex-column gap-12px\">                        <h2 class=\"h2  text-accent-yellow-500 text-center\">        Chcesz porozmawia\u0107 o funkcjonalno\u015bciach MessageFlow?    <\/h2>                                                    <div class=\"entry-content text-white\">                        <p><span style=\"font-weight: 400;\">Je\u015bli potrzebujesz pomocy w doborze zaawansowanych funkcjonalno\u015bci lub chcesz lepiej zrozumie\u0107 ich zastosowanie w Twoim przypadku, skontaktuj si\u0119 z nami.<\/span><\/p>                    <\/div>                            <\/div>                        <div class=\"d-flex c-column-gap-only-4 c-row-gap-only-3 align-items-center flex-wrap justify-content-center\">                        <div class=\"crunch-button-wrapper c-mt-0\">            <a href=\"https:\/\/messageflow.com\/pl\/kontakt\/\" class=\"crunch-button crunch-button__full-background crunch-button__full-background--accent-yellow-color crunch-button__full-background--medium\" target=\"_self\">Porozmawiaj z ekspertem<\/a>        <\/div>                                <\/div>        <\/div>    <\/div><\/section><section id=\"acf-block-accordion-block_d11f16a409e807a68d7fbf231244c3c6\" class=\"acf-block-accordion  c-mt-0 c-mb-0 bg-gray-50 c-pt-only-8 c-pb-only-8\">    <div class=\"container\">        <div class=\"row\">            <div class=\"col-lg-12 d-flex flex-column c-row-gap-only-5 \">                                    <div class=\"d-flex flex-column c-row-gap-only-4\">                        <div>                                    <h2 class=\"h2  text-primary-900 text-start\">        FAQ    <\/h2>                            <\/div>                                            <\/div>                                                    <div class=\"accordion js-accordion d-flex flex-column c-row-gap-only-2\" id=\"bootstrap-acf-block-accordion-block_d11f16a409e807a68d7fbf231244c3c6\">                                                                                                        <div id=\"question-1\" class=\"single-row js-single-row border border-gray-100 rounded-2 c-p-only-4 bg-white\">                                <div class=\"single-row__header\">                                    <h3 class=\"single-row__title position-relative\" id=\"heading1\">                                        <button class=\"single-row__button text-start d-block bg-transparent fw-semibold border-0 w-100 fz-18  c-pl-0\" type=\"button\" data-bs-toggle=\"collapse\" data-bs-target=\"#faq-1\" aria-expanded=\"true\" aria-controls=\"faq-1\">                                            Czym s\u0105 zaawansowane funkcjonalno\u015bci MessageFlow?                                        <\/button>                                    <\/h3>                                <\/div>                                <div id=\"faq-1\" class=\"collapse js-collapse show\" aria-labelledby=\"heading1\" data-bs-parent=\"#bootstrap-acf-block-accordion-block_d11f16a409e807a68d7fbf231244c3c6\">                                    <div class=\"single-row__content entry-content c-mt-only-3 text-gray-700\">                                        <p><span style=\"font-weight: 400\">Jest to zestaw wyspecjalizowanych narz\u0119dzi dost\u0119pnych w ramach platformy MessageFlow, takich jak segmentacja klient\u00f3w, priorytetyzacja wysy\u0142ek czy analityka e-mail API. Maj\u0105 one na celu usprawnienie i popraw\u0119 wynik\u00f3w komunikacji, kt\u00f3r\u0105 prowadzisz.<\/span><\/p>                                    <\/div>                                <\/div>                            <\/div>                                                                                                            <div id=\"question-2\" class=\"single-row js-single-row border border-gray-100 rounded-2 c-p-only-4 bg-white\">                                <div class=\"single-row__header\">                                    <h3 class=\"single-row__title position-relative\" id=\"heading2\">                                        <button class=\"single-row__button text-start d-block bg-transparent fw-semibold border-0 w-100 fz-18 collapsed c-pl-0\" type=\"button\" data-bs-toggle=\"collapse\" data-bs-target=\"#faq-2\" aria-expanded=\"false\" aria-controls=\"faq-2\">                                            Czy wszystkie funkcjonalno\u015bci s\u0105 dost\u0119pne przez API?                                        <\/button>                                    <\/h3>                                <\/div>                                <div id=\"faq-2\" class=\"collapse js-collapse\" aria-labelledby=\"heading2\" data-bs-parent=\"#bootstrap-acf-block-accordion-block_d11f16a409e807a68d7fbf231244c3c6\">                                    <div class=\"single-row__content entry-content c-mt-only-3 text-gray-700\">                                        <p><span style=\"font-weight: 400\">MessageFlow Priority jest w pe\u0142ni obs\u0142ugiwane przez API i SMTP. MessageFlow Segments przyjmuje dane przez API, jednak gotowe segmenty dynamiczne wykorzystywane s\u0105 wy\u0142\u0105cznie w kampaniach realizowanych z poziomu panelu. Analityka to natomiast modu\u0142 w panelu, s\u0142u\u017c\u0105cy do raportowania wysy\u0142ek zrealizowanych przez API lub SMTP.<\/span><\/p>                                    <\/div>                                <\/div>                            <\/div>                                                                                                            <div id=\"question-3\" class=\"single-row js-single-row border border-gray-100 rounded-2 c-p-only-4 bg-white\">                                <div class=\"single-row__header\">                                    <h3 class=\"single-row__title position-relative\" id=\"heading3\">                                        <button class=\"single-row__button text-start d-block bg-transparent fw-semibold border-0 w-100 fz-18 collapsed c-pl-0\" type=\"button\" data-bs-toggle=\"collapse\" data-bs-target=\"#faq-3\" aria-expanded=\"false\" aria-controls=\"faq-3\">                                            Dla kogo przeznaczone s\u0105 te funkcje?                                        <\/button>                                    <\/h3>                                <\/div>                                <div id=\"faq-3\" class=\"collapse js-collapse\" aria-labelledby=\"heading3\" data-bs-parent=\"#bootstrap-acf-block-accordion-block_d11f16a409e807a68d7fbf231244c3c6\">                                    <div class=\"single-row__content entry-content c-mt-only-3 text-gray-700\">                                        <p><span style=\"font-weight: 400\">Zaawansowane funkcjonalno\u015bci MessageFlow zosta\u0142y stworzone z my\u015bl\u0105 o zespo\u0142ach marketingowych, produktowych czy IT, kt\u00f3re potrzebuj\u0105 narz\u0119dzia do automatyzacji komunikacji prowadzonej na szerok\u0105 skal\u0119.<\/span><\/p>                                    <\/div>                                <\/div>                            <\/div>                                                                                                            <div id=\"question-4\" class=\"single-row js-single-row border border-gray-100 rounded-2 c-p-only-4 bg-white\">                                <div class=\"single-row__header\">                                    <h3 class=\"single-row__title position-relative\" id=\"heading4\">                                        <button class=\"single-row__button text-start d-block bg-transparent fw-semibold border-0 w-100 fz-18 collapsed c-pl-0\" type=\"button\" data-bs-toggle=\"collapse\" data-bs-target=\"#faq-4\" aria-expanded=\"false\" aria-controls=\"faq-4\">                                            Gdzie znajd\u0119 szczeg\u00f3\u0142ow\u0105 dokumentacj\u0119?                                        <\/button>                                    <\/h3>                                <\/div>                                <div id=\"faq-4\" class=\"collapse js-collapse\" aria-labelledby=\"heading4\" data-bs-parent=\"#bootstrap-acf-block-accordion-block_d11f16a409e807a68d7fbf231244c3c6\">                                    <div class=\"single-row__content entry-content c-mt-only-3 text-gray-700\">                                        <p><span style=\"font-weight: 400\">Szczeg\u00f3\u0142owe informacje i kontekst u\u017cycia znajduj\u0105 si\u0119 na stronach po\u015bwi\u0119conych konkretnym funkcjonalno\u015bciom. W przypadku pyta\u0144 technicznych zach\u0119camy r\u00f3wnie\u017c do kontaktu z naszym zespo\u0142em.<\/span><\/p>                                    <\/div>                                <\/div>                            <\/div>                                                                        <\/div>                            <\/div>        <\/div>    <\/div><\/section><section id=\"acf-block-text-call-to-action-with-logo-block_481f70e9af614f195e60a79b008568c7\" class=\"text-call-to-action-with-logo acf-block-text-call-to-action-with-logo  c-pt-only-8 c-pb-only-8 bg-primary-900\">    <div class=\"container\">        <div class=\"row\">            <div class=\"col-lg-8 c-pr-lg-0 d-flex flex-column c-row-gap-only-5\">                                    <a href=\"https:\/\/messageflow.com\/pl\/\"                        class=\"text-call-to-action-with-logo__logo hover-opacity-0-75\">                        <object type=\"image\/svg+xml\" data=\"https:\/\/messageflow.com\/wp-content\/uploads\/2024\/08\/logo-white.svg\" class=\"w-100 h-100 d-block object-fit-cover\"><\/object>                    <\/a>                                        <h2 class=\"h3  text-white text-start\">        Zwi\u0119ksz zaanga\u017cowanie klient\u00f3w, korzystaj\u0105c <span class=\"text-accent-green-500\">z platformy cross-channel<\/span> dostosowanej do Twoich potrzeb.    <\/h2>                        <div class=\"d-flex align-items-center gap-3\">                                <div class=\"crunch-button-wrapper c-mt-0\">            <a href=\"https:\/\/app.messageflow.com\/register?_gl=1*ujprwr*_ga*NTcxNTM2MzM1LjE3NDI4MjUzOTM.*_ga_N94ECPKJ6X*czE3NzY2ODk1MTUkbzE0MiRnMSR0MTc3NjY4OTU1MiRqMjMkbDAkaDA.*_gcl_aw*R0NMLjE3NzM5MTMzNDEuQ2owS0NRand2ZTdOQmhDLUFSSXNBTFp5OUhWYzc1ME84M3ptWmthdC02TTJHQllwVTAxZ1YzeE0wRi1Ga2F1R1E3MEJMcjVKenNoaENmRWFBa0JaRUFMd193Y0I.*_gcl_au*Njk2OTUyOTY5LjE3NzY2ODU2MDE.*_ga_D3LJBCRDWG*czE3NzY2ODk1MTUkbzM5MiRnMSR0MTc3NjY4OTU1MiRqMjMkbDAkaDE0Mzk3MzM3Nzc\" class=\"crunch-button crunch-button__full-background crunch-button__full-background--accent-yellow-color crunch-button__full-background--medium\" target=\"_self\">Za\u0142\u00f3\u017c konto<\/a>        <\/div>                        <\/div>            <\/div>        <\/div>    <\/div><\/section><div class=\"text-call-to-action-with-logo__decor w-100\"><\/div>","protected":false},"excerpt":{"rendered":"","protected":false},"author":19,"featured_media":0,"parent":0,"menu_order":0,"comment_status":"closed","ping_status":"closed","template":"","meta":{"_acf_changed":false,"footnotes":""},"class_list":["post-22107","page","type-page","status-publish","hentry"],"acf":[],"_links":{"self":[{"href":"https:\/\/messageflow.com\/pl\/wp-json\/wp\/v2\/pages\/22107","targetHints":{"allow":["GET"]}}],"collection":[{"href":"https:\/\/messageflow.com\/pl\/wp-json\/wp\/v2\/pages"}],"about":[{"href":"https:\/\/messageflow.com\/pl\/wp-json\/wp\/v2\/types\/page"}],"author":[{"embeddable":true,"href":"https:\/\/messageflow.com\/pl\/wp-json\/wp\/v2\/users\/19"}],"replies":[{"embeddable":true,"href":"https:\/\/messageflow.com\/pl\/wp-json\/wp\/v2\/comments?post=22107"}],"version-history":[{"count":8,"href":"https:\/\/messageflow.com\/pl\/wp-json\/wp\/v2\/pages\/22107\/revisions"}],"predecessor-version":[{"id":22780,"href":"https:\/\/messageflow.com\/pl\/wp-json\/wp\/v2\/pages\/22107\/revisions\/22780"}],"wp:attachment":[{"href":"https:\/\/messageflow.com\/pl\/wp-json\/wp\/v2\/media?parent=22107"}],"curies":[{"name":"wp","href":"https:\/\/api.w.org\/{rel}","templated":true}]}}