{"id":2082,"date":"2024-08-08T09:03:55","date_gmt":"2024-08-08T09:03:55","guid":{"rendered":"https:\/\/testwww.messageflow.com\/trends\/"},"modified":"2024-11-20T15:19:58","modified_gmt":"2024-11-20T15:19:58","slug":"biznes-komunikacja-trendy-2024","status":"publish","type":"page","link":"https:\/\/messageflow.com\/pl\/biznes-komunikacja-trendy-2024\/","title":{"rendered":"Trendy w\u00a0komunikacji biznesowej 2024"},"content":{"rendered":"<section id=\"acf-block-hero-section-with-media-block_ec691b7451c2bb1e504087a2ac30a5f8\" class=\"position-relative js-hero acf-block-hero-section-with-media  c-mb-only-6 c-pt-only-6\">    <div class=\"container\">                <h1 class=\"h1  text-primary-900 text-center acf-block-hero-section-with-media__title\">        Trendy w <span class=\"text-primary-300\">komunikacji biznesowej 2024<\/span>    <\/h1>                        <div class=\"row c-mt-only-5 c-mt-lg-7 c-pt-lg-3\">                <div class=\"col-lg-6 order-2 order-lg-1\">                                                                <div class=\"entry-content fz-18 text-gray-700 lh-1-5 c-mt-lg-only-5\">                            <p>Poznaj trendy w komunikacji biznesowej, kt\u00f3re zyskaj\u0105 na znaczeniu w 2024 roku. Pobierz za darmo nasz\u00a0<em><strong class=\"text-[color:var(--64ddf56f7c9a7)]\">ekspercki ebook<\/strong>,<\/em> aby zyska\u0107 przewag\u0119 konkurencyjn\u0105 i by\u0107 gotowym na nadchodz\u0105ce zmiany.<\/p><p>Wsp\u00f3\u0142czesne realia biznesowe wymagaj\u0105 od marek elastyczno\u015bci i umiej\u0119tno\u015bci dostosowania si\u0119 do preferencji klient\u00f3w. Dowiedz si\u0119, co b\u0119dzie na topie i\u00a0<em><strong class=\"text-[color:var(--64ddf56f7c9a7)]\">zoptymalizuj swoj\u0105 strategi\u0119<\/strong>\u00a0<strong class=\"text-[color:var(--64ddf56f7c9a7)]\">komunikacji<\/strong><\/em>.<\/p>                        <\/div>                                    <\/div>                                    <div class=\"d-flex align-items-center justify-content-center justify-content-lg-end c-pt-lg-only-5 c-pt-xl-0 order-1 order-lg-2 col-lg-6\">                        <div class=\"acf-block-hero-section-with-media__media-wrapper acf-block-hero-section-with-media__media-wrapper--1 overflow-hidden c-mb-only-5 c-mb-lg-0 rounded-24px\">                                <video poster=\"https:\/\/messageflow.com\/wp-content\/uploads\/2024\/10\/communication-trends.jpg\" class=\"js-hero-video\" autoplay muted loop playsinline preload=\"metadata\">        <source src=\"\/\" data-src=\"https:\/\/messageflow.com\/wp-content\/uploads\/2024\/08\/RJQzfNJGJ2VCIhilHc12T2FsV8Fm8QSvR8FimMvD-published.mp4\" type=\"video\/mp4\">        Twoja przegl\u0105darka nie wspiera tagu video.    <\/video>                                                    <\/div>                    <\/div>                            <\/div>            <\/div><\/section><section id=\"acf-block-list-with-image-block_a8d4c406bd5249597bb83063d5c2a1d9\" class=\"acf-block-list-with-image  c-mt-9 c-mb-0 bg-gray-50 c-pt-only-8 c-pb-only-8\">    <div class=\"container\">                <h2 class=\"h1  text-primary-900 text-center br-lg-up\">        Ebook omawia wiele<br \/><span class=\"text-primary-300\">interesuj\u0105cych temat\u00f3w, w tym:<\/span>    <\/h2>                        <div class=\"row c-row-gap-only-6 c-mt-only-6\">                <div class=\"col-lg-6 d-flex flex-column c-row-gap-only-5 order-1\">                        <ul class=\"list-with-ticks list-unstyled d-flex flex-column justify-content-start align-items-start fz-18 list-with-ticks--18 fw-medium\">                    <li class=\"list-with-ticks__item position-relative\">                                    <span class=\"text-primary-300 fw-bold\">Marketing konwersacyjny<\/span>                                <span class=\"text-gray-700\">&#8211; dwukierunkowa komunikacja w r\u00f3\u017cnych kana\u0142ach<\/span>            <\/li>                    <li class=\"list-with-ticks__item position-relative\">                                    <span class=\"text-primary-300 fw-bold\">Podej\u015bcie oparte na danych<\/span>                                <span class=\"text-gray-700\">&#8211; centralizacja danych i koniec silos\u00f3w informacyjnych.<\/span>            <\/li>                    <li class=\"list-with-ticks__item position-relative\">                                    <span class=\"text-primary-300 fw-bold\">Klientocentryczno\u015b\u0107<\/span>                                <span class=\"text-gray-700\">&#8211; wykorzystanie danych do g\u0142\u0119bszego zrozumienia klienta.<\/span>            <\/li>                    <li class=\"list-with-ticks__item position-relative\">                                    <span class=\"text-primary-300 fw-bold\">Cyberbezpiecze\u0144stwo<\/span>                                <span class=\"text-gray-700\">&#8211; tworzenie zabezpiecze\u0144 przed przybieraj\u0105cymi na sile zagro\u017ceniami.<\/span>            <\/li>                    <li class=\"list-with-ticks__item position-relative\">                                    <span class=\"text-primary-300 fw-bold\">Zero-party data<\/span>                                <span class=\"text-gray-700\">&#8211;  firmy rezygnuj\u0105ce z plik\u00f3w cookie na rzecz danych prosto od klient\u00f3w.<\/span>            <\/li>            <\/ul>                                            <div class=\"entry-content text-gray-700\">                            <div><div><p class=\"text-[18px] leading-[28px] font-normal text-[#465464] text-opacity-[100%]\">Sprawd\u017a jakie inne trendy wp\u0142yn\u0105 na komunikacj\u0119 biznesow\u0105 w 2024 roku.<\/p><\/div><\/div>                        <\/div>                                    <\/div>                <div class=\"col-lg-6 d-flex align-items-center justify-content-center justify-content-lg-start order-2\">                    <img decoding=\"async\" width=\"768\" height=\"428\" src=\"https:\/\/messageflow.com\/wp-content\/uploads\/2024\/08\/CkmDTgKMoUWdKMRxj47CTeM6tOzxQshTA317lgDA-published-768x428.png\" class=\"adjustable-element\" alt=\"Mockup of business communication trends for 2024\" srcset=\"https:\/\/messageflow.com\/wp-content\/uploads\/2024\/08\/CkmDTgKMoUWdKMRxj47CTeM6tOzxQshTA317lgDA-published-768x428.png 768w, https:\/\/messageflow.com\/wp-content\/uploads\/2024\/08\/CkmDTgKMoUWdKMRxj47CTeM6tOzxQshTA317lgDA-published-48x27.png 48w, https:\/\/messageflow.com\/wp-content\/uploads\/2024\/08\/CkmDTgKMoUWdKMRxj47CTeM6tOzxQshTA317lgDA-published-96x53.png 96w, https:\/\/messageflow.com\/wp-content\/uploads\/2024\/08\/CkmDTgKMoUWdKMRxj47CTeM6tOzxQshTA317lgDA-published-320x178.png 320w, https:\/\/messageflow.com\/wp-content\/uploads\/2024\/08\/CkmDTgKMoUWdKMRxj47CTeM6tOzxQshTA317lgDA-published-640x356.png 640w, https:\/\/messageflow.com\/wp-content\/uploads\/2024\/08\/CkmDTgKMoUWdKMRxj47CTeM6tOzxQshTA317lgDA-published-576x321.png 576w, https:\/\/messageflow.com\/wp-content\/uploads\/2024\/08\/CkmDTgKMoUWdKMRxj47CTeM6tOzxQshTA317lgDA-published-1152x642.png 1152w, https:\/\/messageflow.com\/wp-content\/uploads\/2024\/08\/CkmDTgKMoUWdKMRxj47CTeM6tOzxQshTA317lgDA-published-1536x856.png 1536w, https:\/\/messageflow.com\/wp-content\/uploads\/2024\/08\/CkmDTgKMoUWdKMRxj47CTeM6tOzxQshTA317lgDA-published-1920x1069.png 1920w, https:\/\/messageflow.com\/wp-content\/uploads\/2024\/08\/CkmDTgKMoUWdKMRxj47CTeM6tOzxQshTA317lgDA-published.png 2000w\" sizes=\"(max-width: 768px) 100vw, 768px\" \/>                <\/div>            <\/div>            <\/div><\/section><section id=\"acf-block-content-with-media-block_dde1b1805ab5518c4f7a614417dab4f2\" class=\"acf-block-content-with-media    bg-gray-50  c-pt-only-7 c-pt-lg-only-8 c-pb-only-7 c-pb-lg-only-8\">    <div class=\"container\">        <div class=\"row c-row-gap-only-6\">            <div class=\"col-lg-6 c-pr-lg-only-6 c-pr-xl-only-8 d-flex align-items-center justify-content-start order-2 order-lg-1\">                <img decoding=\"async\" width=\"768\" height=\"768\" src=\"https:\/\/messageflow.com\/wp-content\/uploads\/2024\/09\/EmJWESgfHX3XNUKA4KXQF1BTx8P3MHOE5brGa65l-published-768x768.png\" class=\"adjustable-element d-block\" alt=\"Karolina Antonowicz quote\" srcset=\"https:\/\/messageflow.com\/wp-content\/uploads\/2024\/09\/EmJWESgfHX3XNUKA4KXQF1BTx8P3MHOE5brGa65l-published-768x768.png 768w, https:\/\/messageflow.com\/wp-content\/uploads\/2024\/09\/EmJWESgfHX3XNUKA4KXQF1BTx8P3MHOE5brGa65l-published-48x48.png 48w, https:\/\/messageflow.com\/wp-content\/uploads\/2024\/09\/EmJWESgfHX3XNUKA4KXQF1BTx8P3MHOE5brGa65l-published-96x96.png 96w, https:\/\/messageflow.com\/wp-content\/uploads\/2024\/09\/EmJWESgfHX3XNUKA4KXQF1BTx8P3MHOE5brGa65l-published-320x320.png 320w, https:\/\/messageflow.com\/wp-content\/uploads\/2024\/09\/EmJWESgfHX3XNUKA4KXQF1BTx8P3MHOE5brGa65l-published-640x640.png 640w, https:\/\/messageflow.com\/wp-content\/uploads\/2024\/09\/EmJWESgfHX3XNUKA4KXQF1BTx8P3MHOE5brGa65l-published-576x576.png 576w, https:\/\/messageflow.com\/wp-content\/uploads\/2024\/09\/EmJWESgfHX3XNUKA4KXQF1BTx8P3MHOE5brGa65l-published-1152x1152.png 1152w, https:\/\/messageflow.com\/wp-content\/uploads\/2024\/09\/EmJWESgfHX3XNUKA4KXQF1BTx8P3MHOE5brGa65l-published-991x991.png 991w, https:\/\/messageflow.com\/wp-content\/uploads\/2024\/09\/EmJWESgfHX3XNUKA4KXQF1BTx8P3MHOE5brGa65l-published-1080x1080.png 1080w, https:\/\/messageflow.com\/wp-content\/uploads\/2024\/09\/EmJWESgfHX3XNUKA4KXQF1BTx8P3MHOE5brGa65l-published-250x250.png 250w, https:\/\/messageflow.com\/wp-content\/uploads\/2024\/09\/EmJWESgfHX3XNUKA4KXQF1BTx8P3MHOE5brGa65l-published.png 1240w\" sizes=\"(max-width: 768px) 100vw, 768px\" \/>            <\/div>            <div class=\"col-lg-6 d-flex flex-column c-row-gap-only-5 align-items-start justify-content-center order-1 order-lg-2\">                <div>                            <h2 class=\"h2  text-primary-900 text-start\">        Pobierz sw\u00f3j darmowy egzemplarz ebooka:    <\/h2>                    <\/div>                <script>var gform;gform||(document.addEventListener(\"gform_main_scripts_loaded\",function(){gform.scriptsLoaded=!0}),document.addEventListener(\"gform\/theme\/scripts_loaded\",function(){gform.themeScriptsLoaded=!0}),window.addEventListener(\"DOMContentLoaded\",function(){gform.domLoaded=!0}),gform={domLoaded:!1,scriptsLoaded:!1,themeScriptsLoaded:!1,isFormEditor:()=>\"function\"==typeof InitializeEditor,callIfLoaded:function(o){return!(!gform.domLoaded||!gform.scriptsLoaded||!gform.themeScriptsLoaded&&!gform.isFormEditor()||(gform.isFormEditor()&&console.warn(\"The use of gform.initializeOnLoaded() is deprecated in the form editor context and will be removed in Gravity Forms 3.1.\"),o(),0))},initializeOnLoaded:function(o){gform.callIfLoaded(o)||(document.addEventListener(\"gform_main_scripts_loaded\",()=>{gform.scriptsLoaded=!0,gform.callIfLoaded(o)}),document.addEventListener(\"gform\/theme\/scripts_loaded\",()=>{gform.themeScriptsLoaded=!0,gform.callIfLoaded(o)}),window.addEventListener(\"DOMContentLoaded\",()=>{gform.domLoaded=!0,gform.callIfLoaded(o)}))},hooks:{action:{},filter:{}},addAction:function(o,r,e,t){gform.addHook(\"action\",o,r,e,t)},addFilter:function(o,r,e,t){gform.addHook(\"filter\",o,r,e,t)},doAction:function(o){gform.doHook(\"action\",o,arguments)},applyFilters:function(o){return gform.doHook(\"filter\",o,arguments)},removeAction:function(o,r){gform.removeHook(\"action\",o,r)},removeFilter:function(o,r,e){gform.removeHook(\"filter\",o,r,e)},addHook:function(o,r,e,t,n){null==gform.hooks[o][r]&&(gform.hooks[o][r]=[]);var d=gform.hooks[o][r];null==n&&(n=r+\"_\"+d.length),gform.hooks[o][r].push({tag:n,callable:e,priority:t=null==t?10:t})},doHook:function(r,o,e){var t;if(e=Array.prototype.slice.call(e,1),null!=gform.hooks[r][o]&&((o=gform.hooks[r][o]).sort(function(o,r){return o.priority-r.priority}),o.forEach(function(o){\"function\"!=typeof(t=o.callable)&&(t=window[t]),\"action\"==r?t.apply(null,e):e[0]=t.apply(null,e)})),\"filter\"==r)return e[0]},removeHook:function(o,r,t,n){var e;null!=gform.hooks[o][r]&&(e=(e=gform.hooks[o][r]).filter(function(o,r,e){return!!(null!=n&&n!=o.tag||null!=t&&t!=o.priority)}),gform.hooks[o][r]=e)}});<\/script>                <div class='gf_browser_gecko gform_wrapper gravity-theme gform-theme--no-framework' data-form-theme='gravity-theme' data-form-index='0' id='gform_wrapper_28' ><div id='gf_28' class='gform_anchor' tabindex='-1'><\/div><form method='post' enctype='multipart\/form-data' target='gform_ajax_frame_28' id='gform_28'  action='\/pl\/wp-json\/wp\/v2\/pages\/2082#gf_28' data-formid='28' novalidate><div class='gf_invisible ginput_recaptchav3' data-sitekey='6LewmlUqAAAAACw72GSTEdswuxtL36U24QLBMv4w' data-tabindex='0'><input id=\"input_b3f32fc08e9b23d08a2827d6d5261130\" class=\"gfield_recaptcha_response\" type=\"hidden\" name=\"input_b3f32fc08e9b23d08a2827d6d5261130\" value=\"\"\/><\/div>                        <div class='gform-body gform_body'><div id='gform_fields_28' class='gform_fields top_label form_sublabel_below description_below validation_below'><div id=\"field_28_4\" class=\"gfield gfield--type-honeypot gform_validation_container field_sublabel_below gfield--has-description field_description_below field_validation_below gfield_visibility_visible\"  ><label class='gfield_label gform-field-label' for='input_28_4'>Facebook<\/label><div class='ginput_container'><input name='input_4' id='input_28_4' type='text' value='' autocomplete='new-password'\/><\/div><div class='gfield_description' id='gfield_description_28_4'>To pole jest u\u017cywane do walidacji i powinno pozosta\u0107 niezmienione.<\/div><\/div><div id=\"field_28_1\" class=\"gfield gfield--type-email gfield--input-type-email gfield_contains_required field_sublabel_below gfield--no-description field_description_below field_validation_below gfield_visibility_visible\"  ><label class='gfield_label gform-field-label' for='input_28_1'>Wpisz sw\u00f3j adres Email*<span class=\"gfield_required\"><span class=\"gfield_required gfield_required_text\">(wymagane)<\/span><\/span><\/label><div class='ginput_container ginput_container_email'>                            <input name='input_1' id='input_28_1' type='email' value='' class='large'    aria-required=\"true\" aria-invalid=\"false\"  \/>                        <\/div><\/div><fieldset id=\"field_28_2\" class=\"gfield gfield--type-consent gfield--type-choice gfield--input-type-consent gfield_contains_required field_sublabel_below gfield--no-description field_description_below hidden_label field_validation_below gfield_visibility_visible\"  ><legend class='gfield_label gform-field-label gfield_label_before_complex' >Consent<span class=\"gfield_required\"><span class=\"gfield_required gfield_required_text\">(wymagane)<\/span><\/span><\/legend><div class='ginput_container ginput_container_consent'><input name='input_2.1' id='input_28_2_1' type='checkbox' value='1'   aria-required=\"true\" aria-invalid=\"false\"   \/> <label class=\"gform-field-label gform-field-label--type-inline gfield_consent_label\" for='input_28_2_1' >Wyra\u017cam zgod\u0119 na otrzymywanie dalszych wiadomo\u015bci od MessageFlow<span class=\"gfield_required gfield_required_text\">(wymagane)<\/span><\/label><input type='hidden' name='input_2.2' value='Wyra\u017cam zgod\u0119 na otrzymywanie dalszych wiadomo\u015bci od MessageFlow' class='gform_hidden' \/><input type='hidden' name='input_2.3' value='4' class='gform_hidden' \/><\/div><\/fieldset><div id=\"field_28_3\" class=\"gfield gfield--type-html gfield--input-type-html privacy-policy gfield_html gfield_html_formatted gfield_no_follows_desc field_sublabel_below gfield--no-description field_description_below field_validation_below gfield_visibility_visible\"  ><p>Zobowi\u0105zujemy si\u0119 chroni\u0107 Twoj\u0105 prywatno\u015b\u0107. MessageFlow wykorzystuje podane informacje wy\u0142\u0105cznie do kontaktowania si\u0119 z u\u017cytkownikami w sprawie odpowiednich tre\u015bci, produkt\u00f3w i us\u0142ug. U\u017cytkownik mo\u017ce w dowolnym momencie zrezygnowa\u0107 z subskrypcji tych wiadomo\u015bci. Wi\u0119cej informacji mo\u017cna znale\u017a\u0107 w naszej <a href=\"https:\/\/messageflow.com\/pl\/polityka-prywatnosci\/\" target=\"_blank\">Polityce prywatno\u015bci<\/a>.<\/p><\/div><\/div><\/div>        <div class='gform-footer gform_footer top_label'> <button type=\"submit\" id=\"gform_submit_button_28\" class=\"gform_button button crunch-button crunch-button__full-background crunch-button__full-background--accent-yellow-color crunch-button__full-background--medium\" onclick=\"gform.submission.handleButtonClick(this);\" data-submission-type=\"submit\">Download ebook<\/button> <input type='hidden' name='gform_ajax' value='form_id=28&amp;title=&amp;description=&amp;tabindex=0&amp;theme=gravity-theme&amp;styles=[]&amp;hash=7931a1c7985ca60841d03b03d79d1245' \/>            <input type='hidden' class='gform_hidden' name='gform_submission_method' data-js='gform_submission_method_28' value='iframe' \/>            <input type='hidden' class='gform_hidden' name='gform_theme' data-js='gform_theme_28' id='gform_theme_28' value='gravity-theme' \/>            <input type='hidden' class='gform_hidden' name='gform_style_settings' data-js='gform_style_settings_28' id='gform_style_settings_28' value='[]' \/>            <input type='hidden' class='gform_hidden' name='is_submit_28' value='1' \/>            <input type='hidden' class='gform_hidden' name='gform_submit' value='28' \/>                        <input type='hidden' class='gform_hidden' name='gform_currency' data-currency='PLN' value='eqKLfYPiL9djfyt+VOb3EIgkOZNSQjtoO5qeHZuLHAAXa997tur1WXrNMDGiYcjFC9tYUN6rBHrYpNwl7FeHEZ01853dhek60kTkJw7u0mxP1qc=' \/>            <input type='hidden' class='gform_hidden' name='gform_unique_id' value='' \/>            <input type='hidden' class='gform_hidden' name='state_28' value='WyJ7XCIyLjFcIjpcIjFiNDdiMzM2YzAyNTVmNzgwY2MyOGQzY2I4MTJjZWYyXCIsXCIyLjJcIjpcImY5OWY3ZmE3NjEwYTM1Mjg5ODAxMjJlMTU0OTFmOTY4XCIsXCIyLjNcIjpcIjc0NGMxMDhjYWY4NDg1ZTQ0YjJiNjg5MzEyMzJhOTZlXCJ9IiwiMjc4NjIzNjQwNzYzMDAwN2QwYzMzZGEzMjA1MmU1NWMiXQ==' \/>            <input type='hidden' autocomplete='off' class='gform_hidden' name='gform_target_page_number_28' id='gform_target_page_number_28' value='0' \/>            <input type='hidden' autocomplete='off' class='gform_hidden' name='gform_source_page_number_28' id='gform_source_page_number_28' value='1' \/>            <input type='hidden' name='gform_field_values' value='' \/>                    <\/div>                        <\/form>                        <\/div>                <iframe style='display:none;width:0px;height:0px;' src='about:blank' name='gform_ajax_frame_28' id='gform_ajax_frame_28' title='Ten element iframe zawiera logik\u0119 wymagan\u0105 do obs\u0142ugi Gravity Forms u\u017cywaj\u0105cych technologii Ajax.'><\/iframe>                <script>gform.initializeOnLoaded( function() {gformInitSpinner( 28, 'data:image\/gif;base64,R0lGODlhAQABAIAAAAAAAP\/\/\/yH5BAEAAAAALAAAAAABAAEAAAIBRAA7', true );jQuery('#gform_ajax_frame_28').on('load',function(){var contents = jQuery(this).contents().find('*').html();var is_postback = contents.indexOf('GF_AJAX_POSTBACK') >= 0;if(!is_postback){return;}var form_content = jQuery(this).contents().find('#gform_wrapper_28');var is_confirmation = jQuery(this).contents().find('#gform_confirmation_wrapper_28').length > 0;var is_redirect = contents.indexOf('gformRedirect(){') >= 0;var is_form = form_content.length > 0 && ! is_redirect && ! is_confirmation;var mt = parseInt(jQuery('html').css('margin-top'), 10) + parseInt(jQuery('body').css('margin-top'), 10) + 100;if(is_form){jQuery('#gform_wrapper_28').html(form_content.html());if(form_content.hasClass('gform_validation_error')){jQuery('#gform_wrapper_28').addClass('gform_validation_error');} else {jQuery('#gform_wrapper_28').removeClass('gform_validation_error');}setTimeout( function() { \/* delay the scroll by 50 milliseconds to fix a bug in chrome *\/ jQuery(document).scrollTop(jQuery('#gform_wrapper_28').offset().top - mt); }, 50 );if(window['gformInitDatepicker']) {gformInitDatepicker();}if(window['gformInitPriceFields']) {gformInitPriceFields();}var current_page = jQuery('#gform_source_page_number_28').val();gformInitSpinner( 28, 'data:image\/gif;base64,R0lGODlhAQABAIAAAAAAAP\/\/\/yH5BAEAAAAALAAAAAABAAEAAAIBRAA7', true );jQuery(document).trigger('gform_page_loaded', [28, current_page]);window['gf_submitting_28'] = false;}else if(!is_redirect){var confirmation_content = jQuery(this).contents().find('.GF_AJAX_POSTBACK').html();if(!confirmation_content){confirmation_content = contents;}jQuery('#gform_wrapper_28').replaceWith(confirmation_content);jQuery(document).scrollTop(jQuery('#gf_28').offset().top - mt);jQuery(document).trigger('gform_confirmation_loaded', [28]);window['gf_submitting_28'] = false;wp.a11y.speak(jQuery('#gform_confirmation_message_28').text());}else{jQuery('#gform_28').append(contents);if(window['gformRedirect']) {gformRedirect();}}jQuery(document).trigger(\"gform_pre_post_render\", [{ formId: \"28\", currentPage: \"current_page\", abort: function() { this.preventDefault(); } }]);        if (event && event.defaultPrevented) {                return;        }        const gformWrapperDiv = document.getElementById( \"gform_wrapper_28\" );        if ( gformWrapperDiv ) {            const visibilitySpan = document.createElement( \"span\" );            visibilitySpan.id = \"gform_visibility_test_28\";            gformWrapperDiv.insertAdjacentElement( \"afterend\", visibilitySpan );        }        const visibilityTestDiv = document.getElementById( \"gform_visibility_test_28\" );        let postRenderFired = false;        function triggerPostRender() {            if ( postRenderFired ) {                return;            }            postRenderFired = true;            gform.core.triggerPostRenderEvents( 28, current_page );            if ( visibilityTestDiv ) {                visibilityTestDiv.parentNode.removeChild( visibilityTestDiv );            }        }        function debounce( func, wait, immediate ) {            var timeout;            return function() {                var context = this, args = arguments;                var later = function() {                    timeout = null;                    if ( !immediate ) func.apply( context, args );                };                var callNow = immediate && !timeout;                clearTimeout( timeout );                timeout = setTimeout( later, wait );                if ( callNow ) func.apply( context, args );            };        }        const debouncedTriggerPostRender = debounce( function() {            triggerPostRender();        }, 200 );        if ( visibilityTestDiv && visibilityTestDiv.offsetParent === null ) {            const observer = new MutationObserver( ( mutations ) => {                mutations.forEach( ( mutation ) => {                    if ( mutation.type === 'attributes' && visibilityTestDiv.offsetParent !== null ) {                        debouncedTriggerPostRender();                        observer.disconnect();                    }                });            });            observer.observe( document.body, {                attributes: true,                childList: false,                subtree: true,                attributeFilter: [ 'style', 'class' ],            });        } else {            triggerPostRender();        }    } );} );<\/script>            <\/div>        <\/div>    <\/div><\/section><section id=\"acf-block-text-call-to-action-with-logo-block_431e7f2d1f1b37402e44167b31c3aa02\" class=\"text-call-to-action-with-logo acf-block-text-call-to-action-with-logo  c-pt-only-8 c-pb-only-8 bg-primary-900\">    <div class=\"container\">        <div class=\"row\">            <div class=\"col-lg-8 c-pr-lg-0 d-flex flex-column c-row-gap-only-5\">                                    <a href=\"https:\/\/messageflow.com\/pl\/\"                        class=\"text-call-to-action-with-logo__logo hover-opacity-0-75\">                        <object type=\"image\/svg+xml\" data=\"https:\/\/messageflow.com\/wp-content\/uploads\/2024\/08\/logo-white.svg\" class=\"w-100 h-100 d-block object-fit-cover\"><\/object>                    <\/a>                                        <h2 class=\"h3  text-white text-start\">        Wybierz <span class=\"text-accent-green-500\">kompleksowe rozwi\u0105zanie<\/span> dla komunikacji wielokana\u0142owej    <\/h2>                        <div class=\"d-flex align-items-center gap-3\">                                <div class=\"crunch-button-wrapper c-mt-0\">            <a href=\"https:\/\/app.messageflow.com\/register\" class=\"crunch-button crunch-button__full-background crunch-button__full-background--accent-yellow-color crunch-button__full-background--medium\" target=\"_blank\" rel=\"nofollow\">Za\u0142\u00f3\u017c konto<\/a>        <\/div>                        <\/div>            <\/div>        <\/div>    <\/div><\/section><div class=\"text-call-to-action-with-logo__decor w-100\"><\/div>","protected":false},"excerpt":{"rendered":"","protected":false},"author":1,"featured_media":0,"parent":0,"menu_order":0,"comment_status":"closed","ping_status":"closed","template":"","meta":{"_acf_changed":false,"footnotes":""},"class_list":["post-2082","page","type-page","status-publish","hentry"],"acf":[],"_links":{"self":[{"href":"https:\/\/messageflow.com\/pl\/wp-json\/wp\/v2\/pages\/2082","targetHints":{"allow":["GET"]}}],"collection":[{"href":"https:\/\/messageflow.com\/pl\/wp-json\/wp\/v2\/pages"}],"about":[{"href":"https:\/\/messageflow.com\/pl\/wp-json\/wp\/v2\/types\/page"}],"author":[{"embeddable":true,"href":"https:\/\/messageflow.com\/pl\/wp-json\/wp\/v2\/users\/1"}],"replies":[{"embeddable":true,"href":"https:\/\/messageflow.com\/pl\/wp-json\/wp\/v2\/comments?post=2082"}],"version-history":[{"count":8,"href":"https:\/\/messageflow.com\/pl\/wp-json\/wp\/v2\/pages\/2082\/revisions"}],"predecessor-version":[{"id":14786,"href":"https:\/\/messageflow.com\/pl\/wp-json\/wp\/v2\/pages\/2082\/revisions\/14786"}],"wp:attachment":[{"href":"https:\/\/messageflow.com\/pl\/wp-json\/wp\/v2\/media?parent=2082"}],"curies":[{"name":"wp","href":"https:\/\/api.w.org\/{rel}","templated":true}]}}