{"id":16126,"date":"2025-12-01T10:00:54","date_gmt":"2025-12-01T10:00:54","guid":{"rendered":"https:\/\/messageflow.com\/dsa-contact-point\/"},"modified":"2025-12-02T08:34:51","modified_gmt":"2025-12-02T08:34:51","slug":"dsa-punkt-kontaktowy-2","status":"publish","type":"page","link":"https:\/\/messageflow.com\/pl\/dsa-punkt-kontaktowy-2\/","title":{"rendered":"Zg\u0142o\u015b nadu\u017cycie"},"content":{"rendered":"<section id=\"acf-block-text-hero-section-block_e0fd9b28e143602c9421dd2d5add27c9\" class=\"text-hero-section big-left-radius position-relative c-pt-only-8 c-pt-lg-only-6  acf-block-text-hero-section  c-mb-only-8 bg-white \">        <div class=\"container\">        <div class=\"row\">            <div class=\"col-12\">                        <h1 class=\"h1  text-primary-900 text-center\">        Zgodno\u015b\u0107 Vercom S.A. z Aktem o Us\u0142ugach Cyfrowych (DSA)    <\/h1>                                        <div class=\"entry-content entry-content--18 fw-medium c-mt-only-5 lh-1-75 text-center text-gray-700\">                        <p>D\u0105\u017c\u0105c do zachowania zgodno\u015bci z Rozporz\u0105dzeniem Parlamentu Europejskiego i Rady (UE) 2022\/2065 z dnia 19 pa\u017adziernika 2022 r. w sprawie jednolitego rynku us\u0142ug cyfrowych (Digital Services Act, DSA), Vercom S.A. wdra\u017ca dzia\u0142ania zwi\u0119kszaj\u0105ce przejrzysto\u015b\u0107, odpowiedzialno\u015b\u0107 i bezpiecze\u0144stwo u\u017cytkownik\u00f3w swoich us\u0142ug w \u015brodowisku cyfrowym.<\/p>                    <\/div>                            <\/div>        <\/div>    <\/div><\/section>    <div id=\"acf-block-default-content-block_a18caa0f26bd2046acb76fa5f96d181c\" class=\"acf-block-default-content  bg-gray-50 text-gray-700 c-py-only-8  \">        <div class=\"container\">            <div class=\"entry-content lh-1-75  entry-content--headings-24 entry-content--18\">                <h2 id=\"page-1\" class=\"_kqswh2mm _bfhku67f _18u01wug _2hwx1wug\" data-testid=\"page-0\">Punkt kontaktowy ds. DSA<\/h2><p class=\"_kqswh2mm _bfhku67f _18u01wug _2hwx1wug\" data-testid=\"page-0\">Zgodnie z art. 11 i 12 DSA wyznaczyli\u015bmy pojedynczy punkt kontaktowy (dedykowany r\u00f3wnie\u017c dla organ\u00f3w pa\u0144stw cz\u0142onkowskich, Komisji Europejskiej i Rady Us\u0142ug Cyfrowych) w sprawach dotycz\u0105cych stosowania przepis\u00f3w rozporz\u0105dzenia, pod adresem e-mail:\u00a0<a class=\"mail-link\" data-enc-email=\"nohfr[at]irepbz.cy\" data-wpel-link=\"ignore\"><span id=\"eeb-871728-17668\">abuse@vercom.pl<\/span><\/a><\/p><p data-testid=\"page-0\">W ramach prowadzonej komunikacji nale\u017cy pos\u0142ugiwa\u0107 si\u0119 j\u0119zykiem polskim lub angielskim. W przesy\u0142anych wiadomo\u015bciach prosimy poda\u0107 nast\u0119puj\u0105ce informacje:<\/p><ul><li data-testid=\"page-0\">Imi\u0119 i nazwisko<\/li><li data-testid=\"page-0\">Ewentualn\u0105 nazw\u0119 organu w imieniu kt\u00f3rego kierowana jest wiadomo\u015b\u0107<\/li><li data-testid=\"page-0\">Adres e-mail do kontaktu (nie akceptujemy jednorazowych adres\u00f3w email)<\/li><\/ul><h2 data-testid=\"page-0\">Zg\u0142aszanie nadu\u017cy\u0107<\/h2><p data-testid=\"page-0\">Je\u015bli zauwa\u017cysz tre\u015b\u0107 rozpowszechnian\u0105 za po\u015brednictwem naszych us\u0142ug, kt\u00f3ra w Twojej ocenie narusza prawo obowi\u0105zuj\u0105ce w Twoim kraju cz\u0142onkowskim UE, mo\u017cesz zg\u0142osi\u0107 tak\u0105 tre\u015b\u0107, wysy\u0142aj\u0105c wiadomo\u015b\u0107 na adres:\u00a0<a class=\"mail-link\" data-enc-email=\"nohfr[at]irepbz.cy\" data-wpel-link=\"ignore\"><span id=\"eeb-119644-922547\">abuse@vercom.pl<\/span><\/a><\/p><p data-testid=\"page-0\">W celu umo\u017cliwienia nam weryfikacji zg\u0142oszenia prosimy aby zawiera\u0142o:<\/p><div data-testid=\"page-0\"><ul><li id=\"page-1\" class=\"_kqswh2mm _bfhku67f _18u01wug _2hwx1wug\" data-testid=\"page-0\">Imi\u0119 i nazwisko<\/li><li class=\"_kqswh2mm _bfhku67f _18u01wug _2hwx1wug\" data-testid=\"page-0\">Ewentualn\u0105 nazw\u0119 organu w imieniu kt\u00f3rego kierowana jest wiadomo\u015b\u0107<\/li><li class=\"_kqswh2mm _bfhku67f _18u01wug _2hwx1wug\" data-testid=\"page-0\">Adres e-mail do kontaktu (nie obs\u0142ugujemy zg\u0142osze\u0144 z adres\u00f3w tymczasowych lub jednorazowych)<\/li><li id=\"page-2\" class=\"_kqswh2mm _bfhku67f _18u01wug _2hwx1wug\" data-testid=\"page-1\">Dok\u0142adny adres URL lub lokalizacj\u0119 tre\u015bci, kt\u00f3rej dotyczy zg\u0142oszenie (mo\u017ce to by\u0107 przeforwardowany email)<\/li><li class=\"_kqswh2mm _bfhku67f _18u01wug _2hwx1wug\" data-testid=\"page-1\">Opis zg\u0142aszanej tre\u015bci wraz z uzasadnieniem, dlaczego jest ona nielegalna, w tym z przywo\u0142aniem podstawy prawnej oraz w miar\u0119 mo\u017cliwo\u015bci dowodami\u00a0 \u00a0 potwierdzaj\u0105cymi zarzut. Pami\u0119taj, \u017ce w zale\u017cno\u015bci od sytuacji wyja\u015bnienie mo\u017ce zosta\u0107 przekazane naszym klientom dlatego nie podawaj poufnych ani osobistych informacji do kt\u00f3rych nie chcesz udzieli\u0107 dost\u0119pu.<\/li><li class=\"_kqswh2mm _bfhku67f _18u01wug _2hwx1wug\" data-testid=\"page-1\">Zg\u0142oszenie powinno zawiera\u0107 o\u015bwiadczenie o dzia\u0142aniu w dobrej wierze. Zgodnie z przepisami, sk\u0142adanie fa\u0142szywych informacji mo\u017ce skutkowa\u0107 odpowiedzialno\u015bci\u0105 cywiln\u0105 lub karn\u0105.<\/li><\/ul><p>Po otrzymaniu zg\u0142oszenia przeanalizujemy je zgodnie z naszymi procedurami oraz przepisami DSA. W razie potrzeby zastrzegamy sobie prawo do przekazania cz\u0119\u015b\u0107 informacji odpowiednim organom lub stronom trzecim bior\u0105cym udzia\u0142 w post\u0119powaniu wyja\u015bniaj\u0105cym. O decyzji w sprawie zg\u0142oszenia poinformujemy Ci\u0119 drog\u0105 mailow\u0105.<\/p><\/div><h2>Sprawozdania w zakresie przejrzysto\u015bci<\/h2><p>Zgodnie z art. 15 DSA publikujemy coroczne sprawozdania dotycz\u0105ce dzia\u0142a\u0144 moderacyjnych podejmowanych w naszych us\u0142ugach. Aktualne raporty s\u0105 dost\u0119pne pod adresem:\u00a0<a href=\"https:\/\/vercom.pl\/dsa-raporty\" target=\"_blank\" rel=\"nofollow noopener\"><span class=\"visually-hidden\">Link opens in a new tab<\/span>https:\/\/vercom.pl\/dsa-raporty<\/a><\/p>            <\/div>        <\/div>    <\/div><div class=\"container\"><div class=\"row\"><div class=\"col-12\"><div class=\"entry-content\"><p><\/p><\/div><\/div><\/div><\/div>","protected":false},"excerpt":{"rendered":"","protected":false},"author":18,"featured_media":0,"parent":0,"menu_order":0,"comment_status":"closed","ping_status":"closed","template":"","meta":{"_acf_changed":false,"footnotes":""},"class_list":["post-16126","page","type-page","status-publish","hentry"],"acf":[],"_links":{"self":[{"href":"https:\/\/messageflow.com\/pl\/wp-json\/wp\/v2\/pages\/16126","targetHints":{"allow":["GET"]}}],"collection":[{"href":"https:\/\/messageflow.com\/pl\/wp-json\/wp\/v2\/pages"}],"about":[{"href":"https:\/\/messageflow.com\/pl\/wp-json\/wp\/v2\/types\/page"}],"author":[{"embeddable":true,"href":"https:\/\/messageflow.com\/pl\/wp-json\/wp\/v2\/users\/18"}],"replies":[{"embeddable":true,"href":"https:\/\/messageflow.com\/pl\/wp-json\/wp\/v2\/comments?post=16126"}],"version-history":[{"count":5,"href":"https:\/\/messageflow.com\/pl\/wp-json\/wp\/v2\/pages\/16126\/revisions"}],"predecessor-version":[{"id":16132,"href":"https:\/\/messageflow.com\/pl\/wp-json\/wp\/v2\/pages\/16126\/revisions\/16132"}],"wp:attachment":[{"href":"https:\/\/messageflow.com\/pl\/wp-json\/wp\/v2\/media?parent=16126"}],"curies":[{"name":"wp","href":"https:\/\/api.w.org\/{rel}","templated":true}]}}