{"id":15669,"date":"2025-10-29T20:49:27","date_gmt":"2025-10-29T20:49:27","guid":{"rendered":"https:\/\/messageflow.com\/?page_id=15669"},"modified":"2025-10-30T09:51:00","modified_gmt":"2025-10-30T09:51:00","slug":"jak-w-kilka-dni-wyslac-kampanie-rcs-i-zwiekszyc-sprzedaz-przed-black-friday","status":"publish","type":"page","link":"https:\/\/messageflow.com\/pl\/webinary\/jak-w-kilka-dni-wyslac-kampanie-rcs-i-zwiekszyc-sprzedaz-przed-black-friday\/","title":{"rendered":"Jak w kilka dni wys\u0142a\u0107 kampanie RCS i zwi\u0119kszy\u0107 sprzeda\u017c przed Black Friday"},"content":{"rendered":"<div class=\"container\"><div class=\"row\"><div class=\"col-12\"><div class=\"entry-content\"><div style=\"height:50px\" aria-hidden=\"true\" class=\"wp-block-spacer\"><\/div><h1 class=\"wp-block-heading\">Jak w kilka dni wys\u0142a\u0107 kampanie RCS i zwi\u0119kszy\u0107 sprzeda\u017c przed Black Friday<\/h1><p>  <span style=\"color: #6061F6; font-weight: 600; font-size: 14px;\">RCS<\/span><span style=\"color: #465464; font-weight: normal; font-size: 14px;\"> \u2022 29 pa\u017adziernika 2025 \u2022 49 minut \u2022 J\u0119zyk polski<\/span><\/p><div style=\"height:30px\" aria-hidden=\"true\" class=\"wp-block-spacer\"><\/div><figure class=\"wp-block-embed is-type-video is-provider-youtube wp-block-embed-youtube wp-embed-aspect-16-9 wp-has-aspect-ratio\"><div class=\"wp-block-embed__wrapper\"><iframe title=\"Jak w kilka dni wys\u0142a\u0107 kampanie RCS i zwi\u0119kszy\u0107 sprzeda\u017c przed Black Friday\" width=\"500\" height=\"281\" src=\"https:\/\/www.youtube-nocookie.com\/embed\/q8iJCiwrMmw?feature=oembed\" frameborder=\"0\" allow=\"accelerometer; autoplay; clipboard-write; encrypted-media; gyroscope; picture-in-picture; web-share\" referrerpolicy=\"strict-origin-when-cross-origin\" allowfullscreen><\/iframe><\/div><\/figure><script type=\"application\/ld+json\">{  \"@context\": \"https:\/\/schema.org\",  \"@type\": \"VideoObject\",  \"name\": \"RCS w biznesie \u2013 Jak w kilka dni wys\u0142a\u0107 kampanie RCS i zwi\u0119kszy\u0107 sprzeda\u017c przed Black Friday\",  \"description\": \"Zobacz nagranie webinaru o praktycznym wykorzystaniu RCS w komunikacji z klientami.\",  \"thumbnailUrl\": \"https:\/\/img.youtube.com\/vi\/q8iJCiwrMmw\/maxresdefault.jpg\",  \"uploadDate\": \"2025-05-22T10:00:00+01:00\",  \"duration\": \"PT60M\",  \"embedUrl\": \"https:\/\/www.youtube.com\/embed\/q8iJCiwrMmw\",  \"contentUrl\": \"https:\/\/www.messageflow.com\/webinary\/rcs-w-biznesie\/\",  \"publisher\": {    \"@type\": \"Organization\",    \"name\": \"MessageFlow\",    \"logo\": {      \"@type\": \"ImageObject\",      \"url\": \"https:\/\/www.messageflow.com\/logo.svg\"    }  }}<\/script><h2 class=\"wp-block-heading\">O webinarze<\/h2><p>Black Friday to najgor\u0119tszy okres w kalendarzu e-commerce. Czy Twoja strategia komunikacji jest na to gotowa? Je\u015bli&nbsp;<strong>RCS<\/strong>&nbsp;nie jest jeszcze cz\u0119\u015bci\u0105 Twoich dzia\u0142a\u0144 marketingowych, to idealny moment, by pozna\u0107 jego mo\u017cliwo\u015bci i zobaczy\u0107,<strong>&nbsp;<\/strong>jak<strong>&nbsp;wykorzysta\u0107 go w praktyce jeszcze przed szczytem sezonu zakupowego.<\/strong><\/p><p>RCS (Rich Communication Services) to rozwini\u0119cie klasycznego SMS-a \u2013 nowoczesny kana\u0142, kt\u00f3ry pozwala prowadzi\u0107 interaktywne, atrakcyjne wizualnie i skutecznie mierzalne kampanie bezpo\u015brednio na telefonach klient\u00f3w.&nbsp;<strong>W 2025 roku jego zasi\u0119g w Polsce dynamicznie ro\u015bnie. To dobry moment, by do\u0142\u0105czy\u0107, zanim zrobi to konkurencja.<\/strong><\/p><h2 class=\"wp-block-heading\">Czego dowiesz si\u0119 z webinaru<\/h2><ul class=\"wp-block-list\"><li>Czym RCS r\u00f3\u017cni si\u0119 od klasycznych SMS-\u00f3w<\/li><li>Jakie elementy wyr\u00f3\u017cniaj\u0105 nowoczesn\u0105 wiadomo\u015b\u0107 RCS<\/li><li>Dlaczego Black Friday to dobry moment na wdro\u017cenie nowego kana\u0142u komunikacji<\/li><li>Jakie formaty kampanii RCS mo\u017cna uruchomi\u0107 w ci\u0105gu kilku dni<\/li><li>W jaki spos\u00f3b RCS wpisuje si\u0119 w strategi\u0119 omnichannel i wsp\u00f3\u0142gra z innymi kana\u0142ami<\/li><li>Jakie wyniki osi\u0105gaj\u0105 marki, kt\u00f3re ju\u017c wykorzystuj\u0105 RCS<\/li><\/ul><h2 class=\"wp-block-heading\">Prelegenci<\/h2><\/div><\/div><\/div><\/div><section id=\"acf-block-cards-block_107ae7bd606bf1f0a0acfc8abf418988\" class=\"acf-block-cards   c-mt-0 c-mb-only-9 bg-white\">    <div class=\"container\">        <div class=\"row row--spacing-lg-24px c-row-gap-only-6 justify-content-center justify-content-lg-start\">            <div>                            <\/div>                            <div class=\"col-md-4 col-lg-3\">                    <div class=\"bg-white h-100 d-flex flex-column c-row-gap-only-3 c-p-only-4 rounded-24px\">                                                    <div class=\"aspect-ratio-1-45 mw-100\">                                                                    <object type=\"image\/svg+xml\" data=\"https:\/\/messageflow.com\/wp-content\/uploads\/2025\/08\/Piotr_Kudzior_MF.svg\" class=\"w-100 h-100 object-fit-cover\"><\/object>                                                            <\/div>                                                <h2 class=\"fz-20 fw-semibold\">                                                    <\/h2>                                                    <div class=\"d-flex flex-column c-row-gap-only-3 fz-16 fw-semibold\">                                <div style=\"text-align: left; margin-top: 0;\">  <a href=\"https:\/\/www.linkedin.com\/in\/pkudzior\/\" target=\"_blank\" style=\"display: inline-block; margin: 0 0 8px 0;\" rel=\"noopener\"><br \/>    <img decoding=\"async\" src=\"https:\/\/messageflow.com\/wp-content\/uploads\/2025\/08\/linkedin-svgrepo-com.svg\" alt=\"LinkedIn\" width=\"20\" height=\"20\" style=\"vertical-align: middle;\"><br \/>  <\/a><\/p><h5 style=\"color: #000033; margin: 0;\">Piotr Kudzior<\/h5><p style=\"color: #000033; font-weight: normal; margin: 4px 0 0 0;\">    RCS Product Growth Manager, MessageFlow  <\/p><\/div>                                                            <\/div>                                            <\/div>                <\/div>                    <\/div>    <\/div><\/section><section id=\"acf-block-cards-block_19e728f6dfa2a645f40f29c23f8ebc37\" class=\"acf-block-cards   c-mt-0  c-mb-0 bg-gray-50 c-py-only-8\">    <div class=\"container\">        <div class=\"row row--spacing-lg-24px c-row-gap-only-6 justify-content-center justify-content-lg-start\">            <div>                        <h2 class=\"h2  text-primary-900 text-start\">        Obejrzyj wi\u0119cej webinar\u00f3w    <\/h2>                <\/div>                            <div class=\"col-md-6 col-lg-4\">                    <div class=\"bg-white h-100 d-flex flex-column c-row-gap-only-3 c-p-only-4 rounded-24px\">                                                    <div class=\"aspect-ratio-1-45 mw-100\">                                                                    <img decoding=\"async\" width=\"576\" height=\"396\" src=\"https:\/\/messageflow.com\/wp-content\/uploads\/2025\/09\/website_cover_wyroznij-sie-na-black-friday-576x396.png\" class=\"w-100 h-100 object-fit-cover\" alt=\"\" srcset=\"https:\/\/messageflow.com\/wp-content\/uploads\/2025\/09\/website_cover_wyroznij-sie-na-black-friday-576x396.png 576w, https:\/\/messageflow.com\/wp-content\/uploads\/2025\/09\/website_cover_wyroznij-sie-na-black-friday-48x33.png 48w, https:\/\/messageflow.com\/wp-content\/uploads\/2025\/09\/website_cover_wyroznij-sie-na-black-friday-96x66.png 96w, https:\/\/messageflow.com\/wp-content\/uploads\/2025\/09\/website_cover_wyroznij-sie-na-black-friday-320x220.png 320w, https:\/\/messageflow.com\/wp-content\/uploads\/2025\/09\/website_cover_wyroznij-sie-na-black-friday-640x440.png 640w, https:\/\/messageflow.com\/wp-content\/uploads\/2025\/09\/website_cover_wyroznij-sie-na-black-friday-768x528.png 768w, https:\/\/messageflow.com\/wp-content\/uploads\/2025\/09\/website_cover_wyroznij-sie-na-black-friday.png 904w\" sizes=\"(max-width: 576px) 100vw, 576px\" \/>                                                            <\/div>                                                <h3 class=\"fz-20 fw-semibold\">                                                    <\/h3>                                                    <div class=\"d-flex flex-column c-row-gap-only-3 fz-16 fw-semibold\">                                <p>  <span style=\"color: #6061F6; font-weight: 600;\">RCS<\/span><span style=\"color: #000033; font-weight: normal;\"> \u2022 22 pa\u017adziernika 2024<\/span><\/p><h5 style=\"color: #000033;\">Wyr\u00f3\u017cnij si\u0119 na Black Friday dzi\u0119ki RCS!<\/h5><p><a href=\"https:\/\/messageflow.com\/pl\/webinary\/wyroznij-sie-na-black-friday-dzieki-rcs\/\" target=\"_blank\" rel=\"noopener noreferrer\" style=\"text-decoration: underline; color: #000033;\">Obejrzyj nagranie\u2192<\/a><\/p>                                                            <\/div>                                            <\/div>                <\/div>                            <div class=\"col-md-6 col-lg-4\">                    <div class=\"bg-white h-100 d-flex flex-column c-row-gap-only-3 c-p-only-4 rounded-24px\">                                                    <div class=\"aspect-ratio-1-45 mw-100\">                                                                    <img decoding=\"async\" width=\"576\" height=\"396\" src=\"https:\/\/messageflow.com\/wp-content\/uploads\/2025\/09\/website_cover_dostarczalnosc-4-576x396.png\" class=\"w-100 h-100 object-fit-cover\" alt=\"\" srcset=\"https:\/\/messageflow.com\/wp-content\/uploads\/2025\/09\/website_cover_dostarczalnosc-4-576x396.png 576w, https:\/\/messageflow.com\/wp-content\/uploads\/2025\/09\/website_cover_dostarczalnosc-4-48x33.png 48w, https:\/\/messageflow.com\/wp-content\/uploads\/2025\/09\/website_cover_dostarczalnosc-4-96x66.png 96w, https:\/\/messageflow.com\/wp-content\/uploads\/2025\/09\/website_cover_dostarczalnosc-4-320x220.png 320w, https:\/\/messageflow.com\/wp-content\/uploads\/2025\/09\/website_cover_dostarczalnosc-4-640x440.png 640w, https:\/\/messageflow.com\/wp-content\/uploads\/2025\/09\/website_cover_dostarczalnosc-4-768x528.png 768w, https:\/\/messageflow.com\/wp-content\/uploads\/2025\/09\/website_cover_dostarczalnosc-4.png 904w\" sizes=\"(max-width: 576px) 100vw, 576px\" \/>                                                            <\/div>                                                <h3 class=\"fz-20 fw-semibold\">                                                    <\/h3>                                                    <div class=\"d-flex flex-column c-row-gap-only-3 fz-16 fw-semibold\">                                <p>  <span style=\"color: #6061F6; font-weight: 600;\">E-mail<\/span><span style=\"color: #000033; font-weight: normal;\"> \u2022 21 lipca 2025<\/span><\/p><h5 style=\"color: #000033;\">Dostarczalnos\u0301c\u0301 e mail, czyli co zrobic\u0301, z\u0307eby wiadomos\u0301ci nie trafia\u0142y do spamu<\/h5><p><a href=\"https:\/\/messageflow.com\/pl\/webinary\/dostarczalnosc-e-mail\/\" target=\"_blank\" rel=\"noopener noreferrer\" style=\"text-decoration: underline; color: #000033;\">Obejrzyj nagranie \u2192<\/a><\/p>                                                            <\/div>                                            <\/div>                <\/div>                            <div class=\"col-md-6 col-lg-4\">                    <div class=\"bg-white h-100 d-flex flex-column c-row-gap-only-3 c-p-only-4 rounded-24px\">                                                    <div class=\"aspect-ratio-1-45 mw-100\">                                                                    <img decoding=\"async\" width=\"576\" height=\"396\" src=\"https:\/\/messageflow.com\/wp-content\/uploads\/2025\/09\/website_cover_rcs-w-ecommerce-576x396.png\" class=\"w-100 h-100 object-fit-cover\" alt=\"\" srcset=\"https:\/\/messageflow.com\/wp-content\/uploads\/2025\/09\/website_cover_rcs-w-ecommerce-576x396.png 576w, https:\/\/messageflow.com\/wp-content\/uploads\/2025\/09\/website_cover_rcs-w-ecommerce-48x33.png 48w, https:\/\/messageflow.com\/wp-content\/uploads\/2025\/09\/website_cover_rcs-w-ecommerce-96x66.png 96w, https:\/\/messageflow.com\/wp-content\/uploads\/2025\/09\/website_cover_rcs-w-ecommerce-320x220.png 320w, https:\/\/messageflow.com\/wp-content\/uploads\/2025\/09\/website_cover_rcs-w-ecommerce-640x440.png 640w, https:\/\/messageflow.com\/wp-content\/uploads\/2025\/09\/website_cover_rcs-w-ecommerce-768x528.png 768w, https:\/\/messageflow.com\/wp-content\/uploads\/2025\/09\/website_cover_rcs-w-ecommerce.png 904w\" sizes=\"(max-width: 576px) 100vw, 576px\" \/>                                                            <\/div>                                                <h3 class=\"fz-20 fw-semibold\">                                                    <\/h3>                                                    <div class=\"d-flex flex-column c-row-gap-only-3 fz-16 fw-semibold\">                                <p>  <span style=\"color: #6061F6; font-weight: 600;\">RCS<\/span><span style=\"color: #000033; font-weight: normal;\"> \u2022 26 listopada 2024<\/span><\/p><h5 style=\"color: #000033;\">RCS w e-commerce: Wiosenna strategia wzrostu i zaanga\u017cowania klient\u00f3w<\/h5><p><a href=\"https:\/\/messageflow.com\/pl\/webinary\/rcs-w-e-commerce-wiosenna-strategia-wzrostu-i-zaangazowania-klientow\/\" target=\"_blank\" rel=\"noopener noreferrer\" style=\"text-decoration: underline; color: #000033;\">Obejrzyj nagranie \u2192<\/a><\/p>                                                            <\/div>                                            <\/div>                <\/div>                    <\/div>    <\/div><\/section><section id=\"acf-block-text-call-to-action-with-logo-block_964766c9fefed613f49b933618a82fd1\" class=\"text-call-to-action-with-logo acf-block-text-call-to-action-with-logo  c-mt-0  c-pt-only-8 c-pb-only-8 bg-primary-900\">    <div class=\"container\">        <div class=\"row\">            <div class=\"col-lg-8 c-pr-lg-0 d-flex flex-column c-row-gap-only-5\">                                    <a href=\"https:\/\/messageflow.com\/pl\/\" class=\"text-call-to-action-with-logo__logo hover-opacity-0-75\">                        <object type=\"image\/svg+xml\" data=\"https:\/\/messageflow.com\/wp-content\/uploads\/2024\/08\/logo-white.svg\" class=\"w-100 h-100 d-block object-fit-cover\"><\/object>                    <\/a>                                        <h2 class=\"h3  text-white text-start\">        Wybierz <span class=\"text-accent-green-500\">kompleksowe rozwi\u0105zanie<\/span> dla komunikacji wielokana\u0142owej    <\/h2>                        <div class=\"d-flex align-items-center gap-3\">                                <div class=\"crunch-button-wrapper c-mt-0\">            <a href=\"https:\/\/app.messageflow.com\/register\" class=\"crunch-button crunch-button__full-background crunch-button__full-background--accent-yellow-color crunch-button__full-background--medium\" target=\"_blank\" rel=\"nofollow\">Za\u0142\u00f3\u017c konto<\/a>        <\/div>                        <\/div>            <\/div>        <\/div>    <\/div><\/section><div class=\"text-call-to-action-with-logo__decor w-100\"><\/div><div class=\"container\"><div class=\"row\"><div class=\"col-12\"><div class=\"entry-content\"><script type=\"application\/ld+json\">{  \"@context\": \"https:\/\/schema.org\",  \"@type\": \"Event\",  \"name\": \"RCS w biznesie \u2013 jak w kilka dni wys\u0142a\u0107 kampanie RCS i zwi\u0119kszy\u0107 sprzeda\u017c przed Black Friday\",  \"startDate\": \"2025-05-22T10:00:00+01:00\",  \"endDate\": \"2025-05-22T11:00:00+01:00\",  \"eventAttendanceMode\": \"https:\/\/schema.org\/OnlineEventAttendanceMode\",  \"eventStatus\": \"https:\/\/schema.org\/EventScheduled\",  \"location\": {    \"@type\": \"VirtualLocation\",    \"url\": \"https:\/\/messageflow.com\/pl\/jak-w-kilka-dni-wyslac-kampanie-rcs-i-zwiekszyc-sprzedaz-przed-black-friday\/\"  },  \"organizer\": {    \"@type\": \"Organization\",    \"name\": \"MessageFlow\",    \"url\": \"https:\/\/www.messageflow.com\"  },  \"description\": \"Dowiedz si\u0119, jak wykorzysta\u0107 RCS do zwi\u0119kszenia zaanga\u017cowania klient\u00f3w w komunikacji biznesowej.\"}<\/script><p><\/p><\/div><\/div><\/div><\/div>","protected":false},"excerpt":{"rendered":"","protected":false},"author":11,"featured_media":15682,"parent":13120,"menu_order":0,"comment_status":"closed","ping_status":"closed","template":"","meta":{"_acf_changed":false,"footnotes":""},"class_list":["post-15669","page","type-page","status-publish","has-post-thumbnail","hentry"],"acf":[],"_links":{"self":[{"href":"https:\/\/messageflow.com\/pl\/wp-json\/wp\/v2\/pages\/15669","targetHints":{"allow":["GET"]}}],"collection":[{"href":"https:\/\/messageflow.com\/pl\/wp-json\/wp\/v2\/pages"}],"about":[{"href":"https:\/\/messageflow.com\/pl\/wp-json\/wp\/v2\/types\/page"}],"author":[{"embeddable":true,"href":"https:\/\/messageflow.com\/pl\/wp-json\/wp\/v2\/users\/11"}],"replies":[{"embeddable":true,"href":"https:\/\/messageflow.com\/pl\/wp-json\/wp\/v2\/comments?post=15669"}],"version-history":[{"count":10,"href":"https:\/\/messageflow.com\/pl\/wp-json\/wp\/v2\/pages\/15669\/revisions"}],"predecessor-version":[{"id":16134,"href":"https:\/\/messageflow.com\/pl\/wp-json\/wp\/v2\/pages\/15669\/revisions\/16134"}],"up":[{"embeddable":true,"href":"https:\/\/messageflow.com\/pl\/wp-json\/wp\/v2\/pages\/13120"}],"wp:featuredmedia":[{"embeddable":true,"href":"https:\/\/messageflow.com\/pl\/wp-json\/wp\/v2\/media\/15682"}],"wp:attachment":[{"href":"https:\/\/messageflow.com\/pl\/wp-json\/wp\/v2\/media?parent=15669"}],"curies":[{"name":"wp","href":"https:\/\/api.w.org\/{rel}","templated":true}]}}