{"id":13197,"date":"2025-08-07T13:48:54","date_gmt":"2025-08-07T13:48:54","guid":{"rendered":"https:\/\/messageflow.com\/?page_id=13197"},"modified":"2025-10-29T09:48:28","modified_gmt":"2025-10-29T09:48:28","slug":"rcs-dla-saas-jak-zwiekszyc-zaangazowanie-i-konwersje-dzieki-nowemu-standardowi-komunikacji","status":"publish","type":"page","link":"https:\/\/messageflow.com\/pl\/webinary\/rcs-dla-saas-jak-zwiekszyc-zaangazowanie-i-konwersje-dzieki-nowemu-standardowi-komunikacji\/","title":{"rendered":"RCS dla SaaS: Jak zwi\u0119kszy\u0107 zaanga\u017cowanie i konwersj\u0119 dzi\u0119ki nowemu standardowi komunikacji"},"content":{"rendered":"<div class=\"container\"><div class=\"row\"><div class=\"col-12\"><div class=\"entry-content\"><div style=\"height:50px\" aria-hidden=\"true\" class=\"wp-block-spacer\"><\/div><h1 class=\"wp-block-heading\">RCS dla SaaS: Jak zwi\u0119kszy\u0107 zaanga\u017cowanie i konwersj\u0119 dzi\u0119ki nowemu standardowi komunikacji<\/h1><p>  <span style=\"color: #6061F6; font-weight: 600; font-size: 14px;\">RCS<\/span><span style=\"color: #465464; font-weight: normal; font-size: 14px;\"> \u2022 22 maja 2025 \u2022 42 minuty \u2022 J\u0119zyk polski<\/span><\/p><div style=\"height:30px\" aria-hidden=\"true\" class=\"wp-block-spacer\"><\/div><figure class=\"wp-block-embed is-type-video is-provider-youtube wp-block-embed-youtube wp-embed-aspect-16-9 wp-has-aspect-ratio\"><div class=\"wp-block-embed__wrapper\"><iframe title=\"RCS dla SaaS: Jak zwi\u0119kszy\u0107 zaanga\u017cowanie i konwersj\u0119 dzi\u0119ki nowemu standardowi komunikacji \ud83d\ude80\" width=\"500\" height=\"281\" src=\"https:\/\/www.youtube-nocookie.com\/embed\/fzJT3iJ-tXQ?feature=oembed\" frameborder=\"0\" allow=\"accelerometer; autoplay; clipboard-write; encrypted-media; gyroscope; picture-in-picture; web-share\" referrerpolicy=\"strict-origin-when-cross-origin\" allowfullscreen><\/iframe><\/div><\/figure><h2 class=\"wp-block-heading\">O webinarze<\/h2><p>Zastanawiasz si\u0119, jak zwi\u0119kszy\u0107 konwersj\u0119, zaanga\u017cowanie i warto\u015b\u0107 klienta w modelu software-as-a-service? \ud83e\udd14 Je\u015bli tak, to zapisz si\u0119 na nasz webinar! Poka\u017cemy Ci, jak RCS mo\u017ce sta\u0107 si\u0119 Twoim skutecznym narz\u0119dziem do osi\u0105gania lepszych wynik\u00f3w biznesowych i budowania bardziej anga\u017cuj\u0105cych relacji z u\u017cytkownikiem. \ud83d\udcc8 Poznasz konkretne strategie wykorzystania RCS, od wiadomo\u015bci transakcyjnych po personalizacj\u0119, automatyzacj\u0119 oraz integracj\u0119 z systemami CRM. \u2728<\/p><h2 class=\"wp-block-heading\">Czego dowiesz si\u0119 z webinaru<\/h2><ul class=\"wp-block-list\"><li><strong>Odkryjesz mo\u017cliwo\u015bci RCS<\/strong> i zobaczysz, jak interaktywne wiadomo\u015bci mog\u0105 zwi\u0119kszy\u0107 konwersj\u0119, zaanga\u017cowanie i retencj\u0119 u\u017cytkownik\u00f3w. <\/li><li><strong>Poznasz sposoby wykorzystania RCS w lejku sprzeda\u017cowym<\/strong>, od onboarding\u00f3w i powiadomie\u0144 transakcyjnych po personalizacj\u0119 komunikacji i automatyzacj\u0119 dzia\u0142a\u0144 na podstawie zachowa\u0144 u\u017cytkownik\u00f3w. <\/li><li><strong>Zdob\u0119dziesz praktyczn\u0105 wiedz\u0119 na temat korzy\u015bci biznesowych<\/strong> p\u0142yn\u0105cych z wdro\u017cenia RCS, w tym strategii upsellingu, cross-sellingu i budowania lojalno\u015bci u\u017cytkownik\u00f3w poprzez nowoczesn\u0105 komunikacj\u0119. <\/li><li><strong>Dowiesz si\u0119, jak skutecznie integrowa\u0107 RCS z systemami CRM<\/strong> i narz\u0119dziami marketing automation, by zwi\u0119kszy\u0107 efektywno\u015b\u0107 kampanii marketingowych i skr\u00f3ci\u0107 \u015bcie\u017ck\u0119 zakupow\u0105. <\/li><li><strong>Zainspirujesz si\u0119 sprawdzonymi case studies<\/strong> i najlepszymi praktykami innych firm, kt\u00f3re ju\u017c wdro\u017cy\u0142y RCS, oraz skorzystaj z sesji Q&amp;A, by zada\u0107 pytania naszym ekspertom.<\/li><\/ul><h4 class=\"wp-block-heading has-text-color has-link-color wp-elements-f84ca5def6bff1febc6d293e154f2637\" style=\"color:#6061f6\">AGENDA<\/h4><ol class=\"wp-block-list\"><li>Marketing konwersacyjny<\/li><li>Nowy standard komunikacji<\/li><li>Brand Agent<\/li><li>Rodzaje wiadomo\u015bci RCS<\/li><li>Analityka<\/li><li>RCS w SaaS<\/li><li>Case studies<\/li><\/ol><h2 class=\"wp-block-heading\">Prelegenci<\/h2><\/div><\/div><\/div><\/div><section id=\"acf-block-cards-block_efee1ee8e039bba885e887a600543d6b\" class=\"acf-block-cards   c-mt-0 c-mb-only-9 bg-white\">    <div class=\"container\">        <div class=\"row row--spacing-lg-24px c-row-gap-only-6 justify-content-center justify-content-lg-start\">            <div>                            <\/div>                            <div class=\"col-md-4 col-lg-3\">                    <div class=\"bg-white h-100 d-flex flex-column c-row-gap-only-3 c-p-only-4 rounded-24px\">                                                    <div class=\"aspect-ratio-1-45 mw-100\">                                                                    <object type=\"image\/svg+xml\" data=\"https:\/\/messageflow.com\/wp-content\/uploads\/2025\/08\/Radoslaw_Knesz_MF.svg\" class=\"w-100 h-100 object-fit-cover\"><\/object>                                                            <\/div>                                                <h2 class=\"fz-20 fw-semibold\">                                                    <\/h2>                                                    <div class=\"d-flex flex-column c-row-gap-only-3 fz-16 fw-semibold\">                                <div style=\"text-align: left; margin-top: 0;\">  <a href=\"https:\/\/www.linkedin.com\/in\/rados%C5%82aw-knesz\/\" target=\"_blank\" style=\"display: inline-block; margin: 0 0 8px 0;\" rel=\"noopener\"><br \/>    <img decoding=\"async\" src=\"https:\/\/messageflow.com\/wp-content\/uploads\/2025\/08\/linkedin-svgrepo-com.svg\" alt=\"LinkedIn\" width=\"20\" height=\"20\" style=\"vertical-align: middle;\"><br \/>  <\/a><\/p><h5 style=\"color: #000033; margin: 0;\">Rados\u0142aw Knesz<\/h5><p style=\"color: #000033; font-weight: normal; margin: 4px 0 0 0;\">    Interconnect Messaging Manager, MessageFlow  <\/p><\/div>                                                            <\/div>                                            <\/div>                <\/div>                            <div class=\"col-md-4 col-lg-3\">                    <div class=\"bg-white h-100 d-flex flex-column c-row-gap-only-3 c-p-only-4 rounded-24px\">                                                    <div class=\"aspect-ratio-1-45 mw-100\">                                                                    <object type=\"image\/svg+xml\" data=\"https:\/\/messageflow.com\/wp-content\/uploads\/2025\/08\/Piotr_Kudzior_MF.svg\" class=\"w-100 h-100 object-fit-cover\"><\/object>                                                            <\/div>                                                <h2 class=\"fz-20 fw-semibold\">                                                    <\/h2>                                                    <div class=\"d-flex flex-column c-row-gap-only-3 fz-16 fw-semibold\">                                <div style=\"text-align: left; margin-top: 0;\">  <a href=\"https:\/\/www.linkedin.com\/in\/pkudzior\/\" target=\"_blank\" style=\"display: inline-block; margin: 0 0 8px 0;\" rel=\"noopener\"><br \/>    <img decoding=\"async\" src=\"https:\/\/messageflow.com\/wp-content\/uploads\/2025\/08\/linkedin-svgrepo-com.svg\" alt=\"LinkedIn\" width=\"20\" height=\"20\" style=\"vertical-align: middle;\"><br \/>  <\/a><\/p><h5 style=\"color: #000033; margin: 0;\">Piotr Kudzior<\/h5><p style=\"color: #000033; font-weight: normal; margin: 4px 0 0 0;\">    RCS Product Growth Manager, MessageFlow  <\/p><\/div>                                                            <\/div>                                            <\/div>                <\/div>                    <\/div>    <\/div><\/section><section id=\"acf-block-cards-block_b73629b94ba488969ae7fa2f7eaa1af6\" class=\"acf-block-cards   c-mt-0  c-mb-0 bg-gray-50 c-py-only-8\">    <div class=\"container\">        <div class=\"row row--spacing-lg-24px c-row-gap-only-6 justify-content-center justify-content-lg-start\">            <div>                        <h2 class=\"h2  text-primary-900 text-start\">        Obejrzyj wi\u0119cej webinar\u00f3w    <\/h2>                <\/div>                            <div class=\"col-md-6 col-lg-4\">                    <div class=\"bg-white h-100 d-flex flex-column c-row-gap-only-3 c-p-only-4 rounded-24px\">                                                    <div class=\"aspect-ratio-1-45 mw-100\">                                                                    <img decoding=\"async\" width=\"576\" height=\"396\" src=\"https:\/\/messageflow.com\/wp-content\/uploads\/2025\/09\/website_cover_wyroznij-sie-na-black-friday-576x396.png\" class=\"w-100 h-100 object-fit-cover\" alt=\"\" srcset=\"https:\/\/messageflow.com\/wp-content\/uploads\/2025\/09\/website_cover_wyroznij-sie-na-black-friday-576x396.png 576w, https:\/\/messageflow.com\/wp-content\/uploads\/2025\/09\/website_cover_wyroznij-sie-na-black-friday-48x33.png 48w, https:\/\/messageflow.com\/wp-content\/uploads\/2025\/09\/website_cover_wyroznij-sie-na-black-friday-96x66.png 96w, https:\/\/messageflow.com\/wp-content\/uploads\/2025\/09\/website_cover_wyroznij-sie-na-black-friday-320x220.png 320w, https:\/\/messageflow.com\/wp-content\/uploads\/2025\/09\/website_cover_wyroznij-sie-na-black-friday-640x440.png 640w, https:\/\/messageflow.com\/wp-content\/uploads\/2025\/09\/website_cover_wyroznij-sie-na-black-friday-768x528.png 768w, https:\/\/messageflow.com\/wp-content\/uploads\/2025\/09\/website_cover_wyroznij-sie-na-black-friday.png 904w\" sizes=\"(max-width: 576px) 100vw, 576px\" \/>                                                            <\/div>                                                <h3 class=\"fz-20 fw-semibold\">                                                    <\/h3>                                                    <div class=\"d-flex flex-column c-row-gap-only-3 fz-16 fw-semibold\">                                <p>  <span style=\"color: #6061F6; font-weight: 600;\">RCS<\/span><span style=\"color: #000033; font-weight: normal;\"> \u2022 22 pa\u017adziernika 2024<\/span><\/p><h5 style=\"color: #000033;\">Wyr\u00f3\u017cnij si\u0119 na Black Friday dzi\u0119ki RCS!<\/h5><p><a href=\"https:\/\/messageflow.com\/pl\/webinary\/wyroznij-sie-na-black-friday-dzieki-rcs\/\" target=\"_blank\" rel=\"noopener noreferrer\" style=\"text-decoration: underline; color: #000033;\">Obejrzyj nagranie\u2192<\/a><\/p>                                                            <\/div>                                            <\/div>                <\/div>                            <div class=\"col-md-6 col-lg-4\">                    <div class=\"bg-white h-100 d-flex flex-column c-row-gap-only-3 c-p-only-4 rounded-24px\">                                                    <div class=\"aspect-ratio-1-45 mw-100\">                                                                    <img decoding=\"async\" width=\"576\" height=\"396\" src=\"https:\/\/messageflow.com\/wp-content\/uploads\/2025\/09\/website_cover_dostarczalnosc-4-576x396.png\" class=\"w-100 h-100 object-fit-cover\" alt=\"\" srcset=\"https:\/\/messageflow.com\/wp-content\/uploads\/2025\/09\/website_cover_dostarczalnosc-4-576x396.png 576w, https:\/\/messageflow.com\/wp-content\/uploads\/2025\/09\/website_cover_dostarczalnosc-4-48x33.png 48w, https:\/\/messageflow.com\/wp-content\/uploads\/2025\/09\/website_cover_dostarczalnosc-4-96x66.png 96w, https:\/\/messageflow.com\/wp-content\/uploads\/2025\/09\/website_cover_dostarczalnosc-4-320x220.png 320w, https:\/\/messageflow.com\/wp-content\/uploads\/2025\/09\/website_cover_dostarczalnosc-4-640x440.png 640w, https:\/\/messageflow.com\/wp-content\/uploads\/2025\/09\/website_cover_dostarczalnosc-4-768x528.png 768w, https:\/\/messageflow.com\/wp-content\/uploads\/2025\/09\/website_cover_dostarczalnosc-4.png 904w\" sizes=\"(max-width: 576px) 100vw, 576px\" \/>                                                            <\/div>                                                <h3 class=\"fz-20 fw-semibold\">                                                    <\/h3>                                                    <div class=\"d-flex flex-column c-row-gap-only-3 fz-16 fw-semibold\">                                <p>  <span style=\"color: #6061F6; font-weight: 600;\">E-mail<\/span><span style=\"color: #000033; font-weight: normal;\"> \u2022 21 lipca 2025<\/span><\/p><h5 style=\"color: #000033;\">Dostarczalnos\u0301c\u0301 e mail, czyli co zrobic\u0301, z\u0307eby wiadomos\u0301ci nie trafia\u0142y do spamu<\/h5><p><a href=\"https:\/\/messageflow.com\/pl\/webinary\/dostarczalnosc-e-mail\/\" target=\"_blank\" rel=\"noopener noreferrer\" style=\"text-decoration: underline; color: #000033;\">Obejrzyj nagranie \u2192<\/a><\/p>                                                            <\/div>                                            <\/div>                <\/div>                            <div class=\"col-md-6 col-lg-4\">                    <div class=\"bg-white h-100 d-flex flex-column c-row-gap-only-3 c-p-only-4 rounded-24px\">                                                    <div class=\"aspect-ratio-1-45 mw-100\">                                                                    <img decoding=\"async\" width=\"576\" height=\"396\" src=\"https:\/\/messageflow.com\/wp-content\/uploads\/2025\/09\/website_cover_rcs-w-ecommerce-576x396.png\" class=\"w-100 h-100 object-fit-cover\" alt=\"\" srcset=\"https:\/\/messageflow.com\/wp-content\/uploads\/2025\/09\/website_cover_rcs-w-ecommerce-576x396.png 576w, https:\/\/messageflow.com\/wp-content\/uploads\/2025\/09\/website_cover_rcs-w-ecommerce-48x33.png 48w, https:\/\/messageflow.com\/wp-content\/uploads\/2025\/09\/website_cover_rcs-w-ecommerce-96x66.png 96w, https:\/\/messageflow.com\/wp-content\/uploads\/2025\/09\/website_cover_rcs-w-ecommerce-320x220.png 320w, https:\/\/messageflow.com\/wp-content\/uploads\/2025\/09\/website_cover_rcs-w-ecommerce-640x440.png 640w, https:\/\/messageflow.com\/wp-content\/uploads\/2025\/09\/website_cover_rcs-w-ecommerce-768x528.png 768w, https:\/\/messageflow.com\/wp-content\/uploads\/2025\/09\/website_cover_rcs-w-ecommerce.png 904w\" sizes=\"(max-width: 576px) 100vw, 576px\" \/>                                                            <\/div>                                                <h3 class=\"fz-20 fw-semibold\">                                                    <\/h3>                                                    <div class=\"d-flex flex-column c-row-gap-only-3 fz-16 fw-semibold\">                                <p>  <span style=\"color: #6061F6; font-weight: 600;\">RCS<\/span><span style=\"color: #000033; font-weight: normal;\"> \u2022 26 listopada 2024<\/span><\/p><h5 style=\"color: #000033;\">RCS w e-commerce: Wiosenna strategia wzrostu i zaanga\u017cowania klient\u00f3w<\/h5><p><a href=\"https:\/\/messageflow.com\/pl\/webinary\/rcs-w-e-commerce-wiosenna-strategia-wzrostu-i-zaangazowania-klientow\/\" target=\"_blank\" rel=\"noopener noreferrer\" style=\"text-decoration: underline; color: #000033;\">Obejrzyj nagranie \u2192<\/a><\/p>                                                            <\/div>                                            <\/div>                <\/div>                    <\/div>    <\/div><\/section><section id=\"acf-block-text-call-to-action-with-logo-block_182d2efb290350ead0e442f9ad2597e8\" class=\"text-call-to-action-with-logo acf-block-text-call-to-action-with-logo  c-mt-0  c-pt-only-8 c-pb-only-8 bg-primary-900\">    <div class=\"container\">        <div class=\"row\">            <div class=\"col-lg-8 c-pr-lg-0 d-flex flex-column c-row-gap-only-5\">                                    <a href=\"https:\/\/messageflow.com\/pl\/\" class=\"text-call-to-action-with-logo__logo hover-opacity-0-75\">                        <object type=\"image\/svg+xml\" data=\"https:\/\/messageflow.com\/wp-content\/uploads\/2024\/08\/logo-white.svg\" class=\"w-100 h-100 d-block object-fit-cover\"><\/object>                    <\/a>                                        <h2 class=\"h3  text-white text-start\">        Wybierz <span class=\"text-accent-green-500\">kompleksowe rozwi\u0105zanie<\/span> dla komunikacji wielokana\u0142owej    <\/h2>                        <div class=\"d-flex align-items-center gap-3\">                                <div class=\"crunch-button-wrapper c-mt-0\">            <a href=\"https:\/\/app.messageflow.com\/register\" class=\"crunch-button crunch-button__full-background crunch-button__full-background--accent-yellow-color crunch-button__full-background--medium\" target=\"_blank\" rel=\"nofollow\">Za\u0142\u00f3\u017c konto<\/a>        <\/div>                        <\/div>            <\/div>        <\/div>    <\/div><\/section><div class=\"text-call-to-action-with-logo__decor w-100\"><\/div><div class=\"container\"><div class=\"row\"><div class=\"col-12\"><div class=\"entry-content\"><p><\/p><\/div><\/div><\/div><\/div>","protected":false},"excerpt":{"rendered":"","protected":false},"author":11,"featured_media":0,"parent":13120,"menu_order":0,"comment_status":"closed","ping_status":"closed","template":"","meta":{"_acf_changed":false,"footnotes":""},"class_list":["post-13197","page","type-page","status-publish","hentry"],"acf":[],"_links":{"self":[{"href":"https:\/\/messageflow.com\/pl\/wp-json\/wp\/v2\/pages\/13197","targetHints":{"allow":["GET"]}}],"collection":[{"href":"https:\/\/messageflow.com\/pl\/wp-json\/wp\/v2\/pages"}],"about":[{"href":"https:\/\/messageflow.com\/pl\/wp-json\/wp\/v2\/types\/page"}],"author":[{"embeddable":true,"href":"https:\/\/messageflow.com\/pl\/wp-json\/wp\/v2\/users\/11"}],"replies":[{"embeddable":true,"href":"https:\/\/messageflow.com\/pl\/wp-json\/wp\/v2\/comments?post=13197"}],"version-history":[{"count":4,"href":"https:\/\/messageflow.com\/pl\/wp-json\/wp\/v2\/pages\/13197\/revisions"}],"predecessor-version":[{"id":15289,"href":"https:\/\/messageflow.com\/pl\/wp-json\/wp\/v2\/pages\/13197\/revisions\/15289"}],"up":[{"embeddable":true,"href":"https:\/\/messageflow.com\/pl\/wp-json\/wp\/v2\/pages\/13120"}],"wp:attachment":[{"href":"https:\/\/messageflow.com\/pl\/wp-json\/wp\/v2\/media?parent=13197"}],"curies":[{"name":"wp","href":"https:\/\/api.w.org\/{rel}","templated":true}]}}