{"id":13193,"date":"2025-08-07T13:44:46","date_gmt":"2025-08-07T13:44:46","guid":{"rendered":"https:\/\/messageflow.com\/?page_id=13193"},"modified":"2025-10-21T06:46:23","modified_gmt":"2025-10-21T06:46:23","slug":"rcs-w-finansach-bezpieczna-komunikacja-wieksze-zaangazowanie-i-nowoczesna-technologia","status":"publish","type":"page","link":"https:\/\/messageflow.com\/pl\/webinary\/rcs-w-finansach-bezpieczna-komunikacja-wieksze-zaangazowanie-i-nowoczesna-technologia\/","title":{"rendered":"RCS w finansach: Bezpieczna komunikacja, wi\u0119ksze zaanga\u017cowanie i nowoczesna technologia"},"content":{"rendered":"<div class=\"container\"><div class=\"row\"><div class=\"col-12\"><div class=\"entry-content\"><div style=\"height:50px\" aria-hidden=\"true\" class=\"wp-block-spacer\"><\/div><h1 class=\"wp-block-heading\">RCS w finansach: Bezpieczna komunikacja, wi\u0119ksze zaanga\u017cowanie i nowoczesna technologia<\/h1><p>  <span style=\"color: #6061F6; font-weight: 600; font-size: 14px;\">RCS<\/span><span style=\"color: #465464; font-weight: normal; font-size: 14px;\"> \u2022 15 kwietnia 2025 \u2022 53 minuty \u2022 J\u0119zyk polski<\/span><\/p><div style=\"height:30px\" aria-hidden=\"true\" class=\"wp-block-spacer\"><\/div><figure class=\"wp-block-embed is-type-video is-provider-youtube wp-block-embed-youtube wp-embed-aspect-16-9 wp-has-aspect-ratio\"><div class=\"wp-block-embed__wrapper\"><iframe title=\"RCS w finansach: Bezpieczna komunikacja, wi\u0119ksze zaanga\u017cowanie i nowoczesna technologia \ud83d\ude80\" width=\"500\" height=\"281\" src=\"https:\/\/www.youtube-nocookie.com\/embed\/d2VVhoMDrXQ?feature=oembed\" frameborder=\"0\" allow=\"accelerometer; autoplay; clipboard-write; encrypted-media; gyroscope; picture-in-picture; web-share\" referrerpolicy=\"strict-origin-when-cross-origin\" allowfullscreen><\/iframe><\/div><\/figure><h2 class=\"wp-block-heading\">O webinarze<\/h2><p>Czy wiesz, \u017ce RCS mo\u017ce znacz\u0105co zwi\u0119kszy\u0107 skuteczno\u015b\u0107 komunikacji z klientami w bran\u017cy finansowej? \ud83c\udfe6 Podczas naszego specjalistycznego webinaru dowiesz si\u0119, jak wykorzysta\u0107 t\u0119 technologi\u0119 do budowania zaufania, zwi\u0119kszania zaanga\u017cowania i poprawy wynik\u00f3w biznesowych. Nie przegap okazji, by dowiedzie\u0107 si\u0119, jak RCS mo\u017ce zmieni\u0107 Twoj\u0105 komunikacj\u0119 z klientami na lepsze! \u2728<\/p><h2 class=\"wp-block-heading\">Czego dowiesz si\u0119 z webinaru<\/h2><ul class=\"wp-block-list\"><li><strong>Zobaczysz praktyczne przypadki u\u017cycia RCS<\/strong> w sektorze finansowym, od alert\u00f3w bezpiecze\u0144stwa po interaktywn\u0105 obs\u0142ug\u0119 klienta.<\/li><li><strong>Zdob\u0119dziesz wiedz\u0119 <\/strong>o tym, jak RCS wp\u0142ywa na zwi\u0119kszenie konwersji w lejku sprzeda\u017cowym us\u0142ug finansowych. <\/li><li><strong>Poznasz mechanizmy weryfikacji to\u017csamo\u015bci nadawcy w RCS<\/strong>, kt\u00f3re praktycznie eliminuj\u0105 ryzyko phishingu i podszywania si\u0119 pod Twoj\u0105 instytucj\u0119 finansow\u0105.<\/li><\/ul><h4 class=\"wp-block-heading has-text-color has-link-color wp-elements-f84ca5def6bff1febc6d293e154f2637\" style=\"color:#6061f6\">AGENDA<\/h4><ol class=\"wp-block-list\"><li>Marketing konwersacyjny<\/li><li>Nowy standard komunikacji<\/li><li>Brand Agent<\/li><li>Rodzaje wiadomo\u015bci RCS<\/li><li>Analityka<\/li><li>RCS w finansach<\/li><li>Case studies<\/li><\/ol><h2 class=\"wp-block-heading\">Prelegenci<\/h2><\/div><\/div><\/div><\/div><section id=\"acf-block-cards-block_bd7ae02e0ea511ea4261e272faabe8be\" class=\"acf-block-cards   c-mt-0 c-mb-only-9 bg-white\">    <div class=\"container\">        <div class=\"row row--spacing-lg-24px c-row-gap-only-6 justify-content-center justify-content-lg-start\">            <div>                            <\/div>                            <div class=\"col-md-4 col-lg-3\">                    <div class=\"bg-white h-100 d-flex flex-column c-row-gap-only-3 c-p-only-4 rounded-24px\">                                                    <div class=\"aspect-ratio-1-45 mw-100\">                                                                    <object type=\"image\/svg+xml\" data=\"https:\/\/messageflow.com\/wp-content\/uploads\/2025\/08\/Radoslaw_Knesz_MF.svg\" class=\"w-100 h-100 object-fit-cover\"><\/object>                                                            <\/div>                                                <h2 class=\"fz-20 fw-semibold\">                                                    <\/h2>                                                    <div class=\"d-flex flex-column c-row-gap-only-3 fz-16 fw-semibold\">                                <div style=\"text-align: left; margin-top: 0;\">  <a href=\"https:\/\/www.linkedin.com\/in\/rados%C5%82aw-knesz\/\" target=\"_blank\" style=\"display: inline-block; margin: 0 0 8px 0;\" rel=\"noopener\"><br \/>    <img decoding=\"async\" src=\"https:\/\/messageflow.com\/wp-content\/uploads\/2025\/08\/linkedin-svgrepo-com.svg\" alt=\"LinkedIn\" width=\"20\" height=\"20\" style=\"vertical-align: middle;\"><br \/>  <\/a><\/p><h5 style=\"color: #000033; margin: 0;\">Rados\u0142aw Knesz<\/h5><p style=\"color: #000033; font-weight: normal; margin: 4px 0 0 0;\">    Interconnect Messaging Manager, MessageFlow  <\/p><\/div>                                                            <\/div>                                            <\/div>                <\/div>                            <div class=\"col-md-4 col-lg-3\">                    <div class=\"bg-white h-100 d-flex flex-column c-row-gap-only-3 c-p-only-4 rounded-24px\">                                                    <div class=\"aspect-ratio-1-45 mw-100\">                                                                    <object type=\"image\/svg+xml\" data=\"https:\/\/messageflow.com\/wp-content\/uploads\/2025\/08\/Piotr_Kudzior_MF.svg\" class=\"w-100 h-100 object-fit-cover\"><\/object>                                                            <\/div>                                                <h2 class=\"fz-20 fw-semibold\">                                                    <\/h2>                                                    <div class=\"d-flex flex-column c-row-gap-only-3 fz-16 fw-semibold\">                                <div style=\"text-align: left; margin-top: 0;\">  <a href=\"https:\/\/www.linkedin.com\/in\/pkudzior\/\" target=\"_blank\" style=\"display: inline-block; margin: 0 0 8px 0;\" rel=\"noopener\"><br \/>    <img decoding=\"async\" src=\"https:\/\/messageflow.com\/wp-content\/uploads\/2025\/08\/linkedin-svgrepo-com.svg\" alt=\"LinkedIn\" width=\"20\" height=\"20\" style=\"vertical-align: middle;\"><br \/>  <\/a><\/p><h5 style=\"color: #000033; margin: 0;\">Piotr Kudzior<\/h5><p style=\"color: #000033; font-weight: normal; margin: 4px 0 0 0;\">    RCS Product Growth Manager, MessageFlow  <\/p><\/div>                                                            <\/div>                                            <\/div>                <\/div>                    <\/div>    <\/div><\/section><section id=\"acf-block-cards-block_a3c21c23c36d52d99b876b7f672bca1a\" class=\"acf-block-cards   c-mt-0  c-mb-0 bg-gray-50 c-py-only-8\">    <div class=\"container\">        <div class=\"row row--spacing-lg-24px c-row-gap-only-6 justify-content-center justify-content-lg-start\">            <div>                        <h2 class=\"h2  text-primary-900 text-start\">        Obejrzyj wi\u0119cej webinar\u00f3w    <\/h2>                <\/div>                            <div class=\"col-md-6 col-lg-4\">                    <div class=\"bg-white h-100 d-flex flex-column c-row-gap-only-3 c-p-only-4 rounded-24px\">                                                    <div class=\"aspect-ratio-1-45 mw-100\">                                                                    <img decoding=\"async\" width=\"576\" height=\"396\" src=\"https:\/\/messageflow.com\/wp-content\/uploads\/2025\/09\/website_cover_wyroznij-sie-na-black-friday-576x396.png\" class=\"w-100 h-100 object-fit-cover\" alt=\"\" srcset=\"https:\/\/messageflow.com\/wp-content\/uploads\/2025\/09\/website_cover_wyroznij-sie-na-black-friday-576x396.png 576w, https:\/\/messageflow.com\/wp-content\/uploads\/2025\/09\/website_cover_wyroznij-sie-na-black-friday-48x33.png 48w, https:\/\/messageflow.com\/wp-content\/uploads\/2025\/09\/website_cover_wyroznij-sie-na-black-friday-96x66.png 96w, https:\/\/messageflow.com\/wp-content\/uploads\/2025\/09\/website_cover_wyroznij-sie-na-black-friday-320x220.png 320w, https:\/\/messageflow.com\/wp-content\/uploads\/2025\/09\/website_cover_wyroznij-sie-na-black-friday-640x440.png 640w, https:\/\/messageflow.com\/wp-content\/uploads\/2025\/09\/website_cover_wyroznij-sie-na-black-friday-768x528.png 768w, https:\/\/messageflow.com\/wp-content\/uploads\/2025\/09\/website_cover_wyroznij-sie-na-black-friday.png 904w\" sizes=\"(max-width: 576px) 100vw, 576px\" \/>                                                            <\/div>                                                <h3 class=\"fz-20 fw-semibold\">                                                    <\/h3>                                                    <div class=\"d-flex flex-column c-row-gap-only-3 fz-16 fw-semibold\">                                <p>  <span style=\"color: #6061F6; font-weight: 600;\">RCS<\/span><span style=\"color: #000033; font-weight: normal;\"> \u2022 22 pa\u017adziernika 2024<\/span><\/p><h5 style=\"color: #000033;\">Wyr\u00f3\u017cnij si\u0119 na Black Friday dzi\u0119ki RCS!<\/h5><p><a href=\"https:\/\/messageflow.com\/pl\/webinary\/wyroznij-sie-na-black-friday-dzieki-rcs\/\" target=\"_blank\" rel=\"noopener noreferrer\" style=\"text-decoration: underline; color: #000033;\">Obejrzyj nagranie\u2192<\/a><\/p>                                                            <\/div>                                            <\/div>                <\/div>                            <div class=\"col-md-6 col-lg-4\">                    <div class=\"bg-white h-100 d-flex flex-column c-row-gap-only-3 c-p-only-4 rounded-24px\">                                                    <div class=\"aspect-ratio-1-45 mw-100\">                                                                    <img decoding=\"async\" width=\"576\" height=\"396\" src=\"https:\/\/messageflow.com\/wp-content\/uploads\/2025\/09\/website_cover_dostarczalnosc-4-576x396.png\" class=\"w-100 h-100 object-fit-cover\" alt=\"\" srcset=\"https:\/\/messageflow.com\/wp-content\/uploads\/2025\/09\/website_cover_dostarczalnosc-4-576x396.png 576w, https:\/\/messageflow.com\/wp-content\/uploads\/2025\/09\/website_cover_dostarczalnosc-4-48x33.png 48w, https:\/\/messageflow.com\/wp-content\/uploads\/2025\/09\/website_cover_dostarczalnosc-4-96x66.png 96w, https:\/\/messageflow.com\/wp-content\/uploads\/2025\/09\/website_cover_dostarczalnosc-4-320x220.png 320w, https:\/\/messageflow.com\/wp-content\/uploads\/2025\/09\/website_cover_dostarczalnosc-4-640x440.png 640w, https:\/\/messageflow.com\/wp-content\/uploads\/2025\/09\/website_cover_dostarczalnosc-4-768x528.png 768w, https:\/\/messageflow.com\/wp-content\/uploads\/2025\/09\/website_cover_dostarczalnosc-4.png 904w\" sizes=\"(max-width: 576px) 100vw, 576px\" \/>                                                            <\/div>                                                <h3 class=\"fz-20 fw-semibold\">                                                    <\/h3>                                                    <div class=\"d-flex flex-column c-row-gap-only-3 fz-16 fw-semibold\">                                <p>  <span style=\"color: #6061F6; font-weight: 600;\">E-mail<\/span><span style=\"color: #000033; font-weight: normal;\"> \u2022 21 lipca 2025<\/span><\/p><h5 style=\"color: #000033;\">Dostarczalnos\u0301c\u0301 e mail, czyli co zrobic\u0301, z\u0307eby wiadomos\u0301ci nie trafia\u0142y do spamu<\/h5><p><a href=\"https:\/\/messageflow.com\/pl\/webinary\/dostarczalnosc-e-mail\/\" target=\"_blank\" rel=\"noopener noreferrer\" style=\"text-decoration: underline; color: #000033;\">Obejrzyj nagranie \u2192<\/a><\/p>                                                            <\/div>                                            <\/div>                <\/div>                            <div class=\"col-md-6 col-lg-4\">                    <div class=\"bg-white h-100 d-flex flex-column c-row-gap-only-3 c-p-only-4 rounded-24px\">                                                    <div class=\"aspect-ratio-1-45 mw-100\">                                                                    <img decoding=\"async\" width=\"576\" height=\"396\" src=\"https:\/\/messageflow.com\/wp-content\/uploads\/2025\/09\/website_cover_rcs-w-ecommerce-576x396.png\" class=\"w-100 h-100 object-fit-cover\" alt=\"\" srcset=\"https:\/\/messageflow.com\/wp-content\/uploads\/2025\/09\/website_cover_rcs-w-ecommerce-576x396.png 576w, https:\/\/messageflow.com\/wp-content\/uploads\/2025\/09\/website_cover_rcs-w-ecommerce-48x33.png 48w, https:\/\/messageflow.com\/wp-content\/uploads\/2025\/09\/website_cover_rcs-w-ecommerce-96x66.png 96w, https:\/\/messageflow.com\/wp-content\/uploads\/2025\/09\/website_cover_rcs-w-ecommerce-320x220.png 320w, https:\/\/messageflow.com\/wp-content\/uploads\/2025\/09\/website_cover_rcs-w-ecommerce-640x440.png 640w, https:\/\/messageflow.com\/wp-content\/uploads\/2025\/09\/website_cover_rcs-w-ecommerce-768x528.png 768w, https:\/\/messageflow.com\/wp-content\/uploads\/2025\/09\/website_cover_rcs-w-ecommerce.png 904w\" sizes=\"(max-width: 576px) 100vw, 576px\" \/>                                                            <\/div>                                                <h3 class=\"fz-20 fw-semibold\">                                                    <\/h3>                                                    <div class=\"d-flex flex-column c-row-gap-only-3 fz-16 fw-semibold\">                                <p>  <span style=\"color: #6061F6; font-weight: 600;\">RCS<\/span><span style=\"color: #000033; font-weight: normal;\"> \u2022 26 listopada 2024<\/span><\/p><h5 style=\"color: #000033;\">RCS w e-commerce: Wiosenna strategia wzrostu i zaanga\u017cowania klient\u00f3w<\/h5><p><a href=\"https:\/\/messageflow.com\/pl\/webinary\/rcs-w-e-commerce-wiosenna-strategia-wzrostu-i-zaangazowania-klientow\/\" target=\"_blank\" rel=\"noopener noreferrer\" style=\"text-decoration: underline; color: #000033;\">Obejrzyj nagranie \u2192<\/a><\/p>                                                            <\/div>                                            <\/div>                <\/div>                    <\/div>    <\/div><\/section><section id=\"acf-block-text-call-to-action-with-logo-block_8e50dbd164d0865691f4ba0f5144be86\" class=\"text-call-to-action-with-logo acf-block-text-call-to-action-with-logo  c-mt-0  c-pt-only-8 c-pb-only-8 bg-primary-900\">    <div class=\"container\">        <div class=\"row\">            <div class=\"col-lg-8 c-pr-lg-0 d-flex flex-column c-row-gap-only-5\">                                    <a href=\"https:\/\/messageflow.com\/pl\/\" class=\"text-call-to-action-with-logo__logo hover-opacity-0-75\">                        <object type=\"image\/svg+xml\" data=\"https:\/\/messageflow.com\/wp-content\/uploads\/2024\/08\/logo-white.svg\" class=\"w-100 h-100 d-block object-fit-cover\"><\/object>                    <\/a>                                        <h2 class=\"h3  text-white text-start\">        Wybierz <span class=\"text-accent-green-500\">kompleksowe rozwi\u0105zanie<\/span> dla komunikacji wielokana\u0142owej    <\/h2>                        <div class=\"d-flex align-items-center gap-3\">                                <div class=\"crunch-button-wrapper c-mt-0\">            <a href=\"https:\/\/app.messageflow.com\/register\" class=\"crunch-button crunch-button__full-background crunch-button__full-background--accent-yellow-color crunch-button__full-background--medium\" target=\"_blank\" rel=\"nofollow\">Za\u0142\u00f3\u017c konto<\/a>        <\/div>                        <\/div>            <\/div>        <\/div>    <\/div><\/section><div class=\"text-call-to-action-with-logo__decor w-100\"><\/div><div class=\"container\"><div class=\"row\"><div class=\"col-12\"><div class=\"entry-content\"><p><\/p><\/div><\/div><\/div><\/div>","protected":false},"excerpt":{"rendered":"","protected":false},"author":11,"featured_media":0,"parent":13120,"menu_order":0,"comment_status":"closed","ping_status":"closed","template":"","meta":{"_acf_changed":false,"footnotes":""},"class_list":["post-13193","page","type-page","status-publish","hentry"],"acf":[],"_links":{"self":[{"href":"https:\/\/messageflow.com\/pl\/wp-json\/wp\/v2\/pages\/13193","targetHints":{"allow":["GET"]}}],"collection":[{"href":"https:\/\/messageflow.com\/pl\/wp-json\/wp\/v2\/pages"}],"about":[{"href":"https:\/\/messageflow.com\/pl\/wp-json\/wp\/v2\/types\/page"}],"author":[{"embeddable":true,"href":"https:\/\/messageflow.com\/pl\/wp-json\/wp\/v2\/users\/11"}],"replies":[{"embeddable":true,"href":"https:\/\/messageflow.com\/pl\/wp-json\/wp\/v2\/comments?post=13193"}],"version-history":[{"count":4,"href":"https:\/\/messageflow.com\/pl\/wp-json\/wp\/v2\/pages\/13193\/revisions"}],"predecessor-version":[{"id":15309,"href":"https:\/\/messageflow.com\/pl\/wp-json\/wp\/v2\/pages\/13193\/revisions\/15309"}],"up":[{"embeddable":true,"href":"https:\/\/messageflow.com\/pl\/wp-json\/wp\/v2\/pages\/13120"}],"wp:attachment":[{"href":"https:\/\/messageflow.com\/pl\/wp-json\/wp\/v2\/media?parent=13193"}],"curies":[{"name":"wp","href":"https:\/\/api.w.org\/{rel}","templated":true}]}}