{"id":13167,"date":"2025-08-07T11:26:12","date_gmt":"2025-08-07T11:26:12","guid":{"rendered":"https:\/\/messageflow.com\/?page_id=13167"},"modified":"2025-10-21T06:48:19","modified_gmt":"2025-10-21T06:48:19","slug":"wyroznij-sie-na-black-friday-dzieki-rcs","status":"publish","type":"page","link":"https:\/\/messageflow.com\/pl\/webinary\/wyroznij-sie-na-black-friday-dzieki-rcs\/","title":{"rendered":"Wyr\u00f3\u017cnij si\u0119 na Black Friday dzi\u0119ki RCS!"},"content":{"rendered":"<div class=\"container\"><div class=\"row\"><div class=\"col-12\"><div class=\"entry-content\"><div style=\"height:50px\" aria-hidden=\"true\" class=\"wp-block-spacer\"><\/div><h1 class=\"wp-block-heading\">Wyr\u00f3\u017cnij si\u0119 na Black Friday dzi\u0119ki RCS!<\/h1><p>  <span style=\"color: #6061F6; font-weight: 600; font-size: 14px;\">RCS<\/span><span style=\"color: #465464; font-weight: normal; font-size: 14px;\"> \u2022 22 pa\u017adziernika 2024 \u2022 48 minut \u2022 J\u0119zyk polski<\/span><\/p><div style=\"height:30px\" aria-hidden=\"true\" class=\"wp-block-spacer\"><\/div><figure class=\"wp-block-embed is-type-video is-provider-youtube wp-block-embed-youtube wp-embed-aspect-16-9 wp-has-aspect-ratio\"><div class=\"wp-block-embed__wrapper\"><iframe title=\"Wyr\u00f3\u017cnij si\u0119 na Black Friday dzi\u0119ki RCS! \ud83d\ude80\" width=\"500\" height=\"281\" src=\"https:\/\/www.youtube-nocookie.com\/embed\/csRvuc80ZDU?feature=oembed\" frameborder=\"0\" allow=\"accelerometer; autoplay; clipboard-write; encrypted-media; gyroscope; picture-in-picture; web-share\" referrerpolicy=\"strict-origin-when-cross-origin\" allowfullscreen><\/iframe><\/div><\/figure><h2 class=\"wp-block-heading\">O webinarze<\/h2><p>Podczas Black Friday klienci otrzymuj\u0105 mn\u00f3stwo wiadomo\u015bci z ofertami nie tylko od Ciebie. Aby zwi\u0119kszy\u0107 szanse na konwersj\u0119, musisz wyr\u00f3\u017cni\u0107 si\u0119 czym\u015b wi\u0119cej ni\u017c cen\u0105. Liczy si\u0119 spos\u00f3b dotarcia \u2013 spr\u00f3buj czego\u015b nowego! RCS to nowoczesny, multimedialny format, kt\u00f3ry anga\u017cuje odbiorc\u00f3w jak \u017caden inny kana\u0142, oferuj\u0105c interaktywne i spersonalizowane do\u015bwiadczenie.<\/p><h2 class=\"wp-block-heading\">Czego dowiesz si\u0119 z webinaru<\/h2><ul class=\"wp-block-list\"><li><strong>Poznasz nowy kana\u0142 komunikacji <\/strong>jakim jest Rich Communication Services. <\/li><li><strong>Dowiedziesz si\u0119 jak wykorzysta\u0107 go podczas Black Friday<\/strong> oraz innych specjalnych okazji. <\/li><li>B\u0119dziesz m\u00f3g\u0142 prowadzi\u0107 <strong>komunikacj\u0119 z klientami o najwy\u017cszym poziomie bezpiecze\u0144stwa<\/strong>. <\/li><li><strong>Dowiedziesz si\u0119 jak wykorzysta\u0107 chatbota<\/strong> bezpo\u015brednio w skrzynce SMS. <\/li><li><strong>Poznasz przyk\u0142ady<\/strong> polskich i mi\u0119dzynarodowych kampanii RCS.<\/li><li><strong>Zrozumiesz dlaczego lejek sprzeda\u017cowy w RCS jest skuteczny<\/strong>.<\/li><\/ul><h4 class=\"wp-block-heading has-text-color has-link-color wp-elements-f84ca5def6bff1febc6d293e154f2637\" style=\"color:#6061f6\">AGENDA<\/h4><ol class=\"wp-block-list\"><li>Marketing konwersacyjny<\/li><li>Nowy standard komunikacji<\/li><li>Brand Agent<\/li><li>Rodzaje wiadomo\u015bci RCS<\/li><li>Case study<\/li><\/ol><h2 class=\"wp-block-heading\">Prelegenci<\/h2><\/div><\/div><\/div><\/div><section id=\"acf-block-cards-block_1d9bd0705ad9d71ec0908950783097dd\" class=\"acf-block-cards   c-mt-0 c-mb-only-9 bg-white\">    <div class=\"container\">        <div class=\"row row--spacing-lg-24px c-row-gap-only-6 justify-content-center justify-content-lg-start\">            <div>                            <\/div>                            <div class=\"col-md-4 col-lg-3\">                    <div class=\"bg-white h-100 d-flex flex-column c-row-gap-only-3 c-p-only-4 rounded-24px\">                                                    <div class=\"aspect-ratio-1-45 mw-100\">                                                                    <object type=\"image\/svg+xml\" data=\"https:\/\/messageflow.com\/wp-content\/uploads\/2025\/08\/Tomasz_Pakulski_MF.svg\" class=\"w-100 h-100 object-fit-cover\"><\/object>                                                            <\/div>                                                <h2 class=\"fz-20 fw-semibold\">                                                    <\/h2>                                                    <div class=\"d-flex flex-column c-row-gap-only-3 fz-16 fw-semibold\">                                <div style=\"text-align: left; margin-top: 0;\">  <a href=\"https:\/\/www.linkedin.com\/in\/tomasz-pakulski-vercom\/\" target=\"_blank\" style=\"display: inline-block; margin: 0 0 8px 0;\" rel=\"noopener\"><br \/>    <img decoding=\"async\" src=\"https:\/\/messageflow.com\/wp-content\/uploads\/2025\/08\/linkedin-svgrepo-com.svg\" alt=\"LinkedIn\" width=\"20\" height=\"20\" style=\"vertical-align: middle;\"><br \/>  <\/a><\/p><h5 style=\"color: #000033; margin: 0;\">Tomasz Pakulski<\/h5><p style=\"color: #000033; font-weight: normal; margin: 4px 0 0 0;\">Chief Executive Officer MessageFlow  <\/p><\/div>                                                            <\/div>                                            <\/div>                <\/div>                            <div class=\"col-md-4 col-lg-3\">                    <div class=\"bg-white h-100 d-flex flex-column c-row-gap-only-3 c-p-only-4 rounded-24px\">                                                    <div class=\"aspect-ratio-1-45 mw-100\">                                                                    <object type=\"image\/svg+xml\" data=\"https:\/\/messageflow.com\/wp-content\/uploads\/2025\/08\/Radoslaw_Knesz_MF.svg\" class=\"w-100 h-100 object-fit-cover\"><\/object>                                                            <\/div>                                                <h2 class=\"fz-20 fw-semibold\">                                                    <\/h2>                                                    <div class=\"d-flex flex-column c-row-gap-only-3 fz-16 fw-semibold\">                                <div style=\"text-align: left; margin-top: 0;\">  <a href=\"https:\/\/www.linkedin.com\/in\/rados%C5%82aw-knesz\/\" target=\"_blank\" style=\"display: inline-block; margin: 0 0 8px 0;\" rel=\"noopener\"><br \/>    <img decoding=\"async\" src=\"https:\/\/messageflow.com\/wp-content\/uploads\/2025\/08\/linkedin-svgrepo-com.svg\" alt=\"LinkedIn\" width=\"20\" height=\"20\" style=\"vertical-align: middle;\"><br \/>  <\/a><\/p><h5 style=\"color: #000033; margin: 0;\">Rados\u0142aw Knesz<\/h5><p style=\"color: #000033; font-weight: normal; margin: 4px 0 0 0;\">    Interconnect Messaging Manager, MessageFlow  <\/p><\/div>                                                            <\/div>                                            <\/div>                <\/div>                    <\/div>    <\/div><\/section><section id=\"acf-block-cards-block_c3e84436c380715df5e5469fdf00e844\" class=\"acf-block-cards   c-mt-0  c-mb-0 bg-gray-50 c-py-only-8\">    <div class=\"container\">        <div class=\"row row--spacing-lg-24px c-row-gap-only-6 justify-content-center justify-content-lg-start\">            <div>                        <h2 class=\"h2  text-primary-900 text-start\">        Obejrzyj wi\u0119cej webinar\u00f3w    <\/h2>                <\/div>                            <div class=\"col-md-6 col-lg-4\">                    <div class=\"bg-white h-100 d-flex flex-column c-row-gap-only-3 c-p-only-4 rounded-24px\">                                                    <div class=\"aspect-ratio-1-45 mw-100\">                                                                    <img decoding=\"async\" width=\"576\" height=\"396\" src=\"https:\/\/messageflow.com\/wp-content\/uploads\/2025\/09\/website_cover_rcs-sla-saas-576x396.png\" class=\"w-100 h-100 object-fit-cover\" alt=\"\" srcset=\"https:\/\/messageflow.com\/wp-content\/uploads\/2025\/09\/website_cover_rcs-sla-saas-576x396.png 576w, https:\/\/messageflow.com\/wp-content\/uploads\/2025\/09\/website_cover_rcs-sla-saas-48x33.png 48w, https:\/\/messageflow.com\/wp-content\/uploads\/2025\/09\/website_cover_rcs-sla-saas-96x66.png 96w, https:\/\/messageflow.com\/wp-content\/uploads\/2025\/09\/website_cover_rcs-sla-saas-320x220.png 320w, https:\/\/messageflow.com\/wp-content\/uploads\/2025\/09\/website_cover_rcs-sla-saas-640x440.png 640w, https:\/\/messageflow.com\/wp-content\/uploads\/2025\/09\/website_cover_rcs-sla-saas-768x528.png 768w, https:\/\/messageflow.com\/wp-content\/uploads\/2025\/09\/website_cover_rcs-sla-saas.png 904w\" sizes=\"(max-width: 576px) 100vw, 576px\" \/>                                                            <\/div>                                                <h3 class=\"fz-20 fw-semibold\">                                                    <\/h3>                                                    <div class=\"d-flex flex-column c-row-gap-only-3 fz-16 fw-semibold\">                                <p>  <span style=\"color: #6061F6; font-weight: 600;\">RCS<\/span><span style=\"color: #000033; font-weight: normal;\"> \u2022 22 maja 2025<\/span><\/p><h5 style=\"color: #000033;\">RCS dla SaaS: Jak zwi\u0119kszy\u0107 zaanga\u017cowanie i konwersj\u0119 dzi\u0119ki nowemu standardowi<\/h5><p><a href=\"https:\/\/messageflow.com\/pl\/webinary\/rcs-dla-saas-jak-zwiekszyc-zaangazowanie-i-konwersje-dzieki-nowemu-standardowi-komunikacji\/\" target=\"_blank\" rel=\"noopener noreferrer\" style=\"text-decoration: underline; color: #000033;\">Obejrzyj nagranie\u2192<\/a><\/p>                                                            <\/div>                                            <\/div>                <\/div>                            <div class=\"col-md-6 col-lg-4\">                    <div class=\"bg-white h-100 d-flex flex-column c-row-gap-only-3 c-p-only-4 rounded-24px\">                                                    <div class=\"aspect-ratio-1-45 mw-100\">                                                                    <img decoding=\"async\" width=\"576\" height=\"396\" src=\"https:\/\/messageflow.com\/wp-content\/uploads\/2025\/09\/website_cover_rcs-w-akcji-576x396.png\" class=\"w-100 h-100 object-fit-cover\" alt=\"\" srcset=\"https:\/\/messageflow.com\/wp-content\/uploads\/2025\/09\/website_cover_rcs-w-akcji-576x396.png 576w, https:\/\/messageflow.com\/wp-content\/uploads\/2025\/09\/website_cover_rcs-w-akcji-48x33.png 48w, https:\/\/messageflow.com\/wp-content\/uploads\/2025\/09\/website_cover_rcs-w-akcji-96x66.png 96w, https:\/\/messageflow.com\/wp-content\/uploads\/2025\/09\/website_cover_rcs-w-akcji-320x220.png 320w, https:\/\/messageflow.com\/wp-content\/uploads\/2025\/09\/website_cover_rcs-w-akcji-640x440.png 640w, https:\/\/messageflow.com\/wp-content\/uploads\/2025\/09\/website_cover_rcs-w-akcji-768x528.png 768w, https:\/\/messageflow.com\/wp-content\/uploads\/2025\/09\/website_cover_rcs-w-akcji.png 904w\" sizes=\"(max-width: 576px) 100vw, 576px\" \/>                                                            <\/div>                                                <h3 class=\"fz-20 fw-semibold\">                                                    <\/h3>                                                    <div class=\"d-flex flex-column c-row-gap-only-3 fz-16 fw-semibold\">                                <p>  <span style=\"color: #6061F6; font-weight: 600;\">RCS<\/span><span style=\"color: #000033; font-weight: normal;\"> \u2022 26 listopada 2024<\/span><\/p><h5 style=\"color: #000033;\">RCS w akcji \u2013 skuteczne strategie komunikacji dla kampanii 2025<\/h5><p><a href=\"https:\/\/messageflow.com\/pl\/webinary\/rcs-w-akcji\/\" target=\"_blank\" rel=\"noopener noreferrer\" style=\"text-decoration: underline; color: #000033;\">Obejrzyj nagranie \u2192<\/a><\/p>                                                            <\/div>                                            <\/div>                <\/div>                            <div class=\"col-md-6 col-lg-4\">                    <div class=\"bg-white h-100 d-flex flex-column c-row-gap-only-3 c-p-only-4 rounded-24px\">                                                    <div class=\"aspect-ratio-1-45 mw-100\">                                                                    <img decoding=\"async\" width=\"576\" height=\"396\" src=\"https:\/\/messageflow.com\/wp-content\/uploads\/2025\/09\/website_cover_rcs-w-ecommerce-576x396.png\" class=\"w-100 h-100 object-fit-cover\" alt=\"\" srcset=\"https:\/\/messageflow.com\/wp-content\/uploads\/2025\/09\/website_cover_rcs-w-ecommerce-576x396.png 576w, https:\/\/messageflow.com\/wp-content\/uploads\/2025\/09\/website_cover_rcs-w-ecommerce-48x33.png 48w, https:\/\/messageflow.com\/wp-content\/uploads\/2025\/09\/website_cover_rcs-w-ecommerce-96x66.png 96w, https:\/\/messageflow.com\/wp-content\/uploads\/2025\/09\/website_cover_rcs-w-ecommerce-320x220.png 320w, https:\/\/messageflow.com\/wp-content\/uploads\/2025\/09\/website_cover_rcs-w-ecommerce-640x440.png 640w, https:\/\/messageflow.com\/wp-content\/uploads\/2025\/09\/website_cover_rcs-w-ecommerce-768x528.png 768w, https:\/\/messageflow.com\/wp-content\/uploads\/2025\/09\/website_cover_rcs-w-ecommerce.png 904w\" sizes=\"(max-width: 576px) 100vw, 576px\" \/>                                                            <\/div>                                                <h3 class=\"fz-20 fw-semibold\">                                                    <\/h3>                                                    <div class=\"d-flex flex-column c-row-gap-only-3 fz-16 fw-semibold\">                                <p>  <span style=\"color: #6061F6; font-weight: 600;\">RCS<\/span><span style=\"color: #000033; font-weight: normal;\"> \u2022 26 listopada 2024<\/span><\/p><h5 style=\"color: #000033;\">RCS w e-commerce: Wiosenna strategia wzrostu i zaanga\u017cowania klient\u00f3w<\/h5><p><a href=\"https:\/\/messageflow.com\/pl\/webinary\/rcs-w-e-commerce-wiosenna-strategia-wzrostu-i-zaangazowania-klientow\/\" target=\"_blank\" rel=\"noopener noreferrer\" style=\"text-decoration: underline; color: #000033;\">Obejrzyj nagranie \u2192<\/a><\/p>                                                            <\/div>                                            <\/div>                <\/div>                    <\/div>    <\/div><\/section><section id=\"acf-block-text-call-to-action-with-logo-block_7f0c28aa5ee0daddf0cf18a3f61a70af\" class=\"text-call-to-action-with-logo acf-block-text-call-to-action-with-logo  c-mt-0  c-pt-only-8 c-pb-only-8 bg-primary-900\">    <div class=\"container\">        <div class=\"row\">            <div class=\"col-lg-8 c-pr-lg-0 d-flex flex-column c-row-gap-only-5\">                                    <a href=\"https:\/\/messageflow.com\/pl\/\" class=\"text-call-to-action-with-logo__logo hover-opacity-0-75\">                        <object type=\"image\/svg+xml\" data=\"https:\/\/messageflow.com\/wp-content\/uploads\/2024\/08\/logo-white.svg\" class=\"w-100 h-100 d-block object-fit-cover\"><\/object>                    <\/a>                                        <h2 class=\"h3  text-white text-start\">        Wybierz <span class=\"text-accent-green-500\">kompleksowe rozwi\u0105zanie<\/span> dla komunikacji wielokana\u0142owej    <\/h2>                        <div class=\"d-flex align-items-center gap-3\">                                <div class=\"crunch-button-wrapper c-mt-0\">            <a href=\"https:\/\/app.messageflow.com\/register\" class=\"crunch-button crunch-button__full-background crunch-button__full-background--accent-yellow-color crunch-button__full-background--medium\" target=\"_blank\" rel=\"nofollow\">Za\u0142\u00f3\u017c konto<\/a>        <\/div>                        <\/div>            <\/div>        <\/div>    <\/div><\/section><div class=\"text-call-to-action-with-logo__decor w-100\"><\/div>","protected":false},"excerpt":{"rendered":"","protected":false},"author":11,"featured_media":0,"parent":13120,"menu_order":0,"comment_status":"closed","ping_status":"closed","template":"","meta":{"_acf_changed":false,"footnotes":""},"class_list":["post-13167","page","type-page","status-publish","hentry"],"acf":[],"_links":{"self":[{"href":"https:\/\/messageflow.com\/pl\/wp-json\/wp\/v2\/pages\/13167","targetHints":{"allow":["GET"]}}],"collection":[{"href":"https:\/\/messageflow.com\/pl\/wp-json\/wp\/v2\/pages"}],"about":[{"href":"https:\/\/messageflow.com\/pl\/wp-json\/wp\/v2\/types\/page"}],"author":[{"embeddable":true,"href":"https:\/\/messageflow.com\/pl\/wp-json\/wp\/v2\/users\/11"}],"replies":[{"embeddable":true,"href":"https:\/\/messageflow.com\/pl\/wp-json\/wp\/v2\/comments?post=13167"}],"version-history":[{"count":5,"href":"https:\/\/messageflow.com\/pl\/wp-json\/wp\/v2\/pages\/13167\/revisions"}],"predecessor-version":[{"id":15311,"href":"https:\/\/messageflow.com\/pl\/wp-json\/wp\/v2\/pages\/13167\/revisions\/15311"}],"up":[{"embeddable":true,"href":"https:\/\/messageflow.com\/pl\/wp-json\/wp\/v2\/pages\/13120"}],"wp:attachment":[{"href":"https:\/\/messageflow.com\/pl\/wp-json\/wp\/v2\/media?parent=13167"}],"curies":[{"name":"wp","href":"https:\/\/api.w.org\/{rel}","templated":true}]}}