{"id":13153,"date":"2025-08-07T11:08:50","date_gmt":"2025-08-07T11:08:50","guid":{"rendered":"https:\/\/messageflow.com\/?page_id=13153"},"modified":"2025-10-21T06:43:31","modified_gmt":"2025-10-21T06:43:31","slug":"rcs-w-akcji","status":"publish","type":"page","link":"https:\/\/messageflow.com\/pl\/webinary\/rcs-w-akcji\/","title":{"rendered":"RCS w akcji &#8211; skuteczne strategie komunikacji dla kampanii 2025"},"content":{"rendered":"<div class=\"container\"><div class=\"row\"><div class=\"col-12\"><div class=\"entry-content\"><div style=\"height:50px\" aria-hidden=\"true\" class=\"wp-block-spacer\"><\/div><h1 class=\"wp-block-heading\">RCS w akcji &#8211; skuteczne strategie komunikacji dla kampanii 2025<\/h1><p>  <span style=\"color: #6061F6; font-weight: 600; font-size: 14px;\">RCS<\/span><span style=\"color: #465464; font-weight: normal; font-size: 14px;\"> \u2022 26 listopada 2024 \u2022 39 minut \u2022 J\u0119zyk polski<\/span><\/p><div style=\"height:30px\" aria-hidden=\"true\" class=\"wp-block-spacer\"><\/div><figure class=\"wp-block-embed is-type-video is-provider-youtube wp-block-embed-youtube wp-embed-aspect-16-9 wp-has-aspect-ratio\"><div class=\"wp-block-embed__wrapper\"><iframe title=\"RCS w akcji - skuteczne strategie komunikacji dla kampanii 2025 \ud83d\ude80\" width=\"500\" height=\"281\" src=\"https:\/\/www.youtube-nocookie.com\/embed\/79W8So-cOCs?feature=oembed\" frameborder=\"0\" allow=\"accelerometer; autoplay; clipboard-write; encrypted-media; gyroscope; picture-in-picture; web-share\" referrerpolicy=\"strict-origin-when-cross-origin\" allowfullscreen><\/iframe><\/div><\/figure><h2 class=\"wp-block-heading\">O webinarze<\/h2><p>Wyprzed\u017a konkurencj\u0119 w 2025 z Rich Communication Services! RCS to nowoczesny kana\u0142 komunikacyjny, kt\u00f3ry pozwala Ci bezpo\u015brednio zaanga\u017cowa\u0107 klient\u00f3w poprzez bogate w multimedia i interaktywne wiadomo\u015bci. Nasz insiderski webinar pomo\u017ce Ci stworzy\u0107 skuteczne i wyr\u00f3\u017cniaj\u0105ce si\u0119 strategie komunikacyjne wykorzystuj\u0105ce RCS, kt\u00f3re przyci\u0105gn\u0105 uwag\u0119 odbiorc\u00f3w i przynios\u0105 rezultaty.<\/p><h2 class=\"wp-block-heading\">Czego dowiesz si\u0119 z webinaru<\/h2><ul class=\"wp-block-list\"><li><strong>Poznasz RCS<\/strong> \u2013 innowacyjny i posiadaj\u0105cy ogromny potencja\u0142 kana\u0142, kt\u00f3ry zrewolucjonizuje komunikacj\u0119 biznesow\u0105. <\/li><li><strong>Zrozumiesz zaawansowane funkcjonalno\u015bci RCS<\/strong> oraz to jak wykorzysta\u0107 je w swoich dzia\u0142aniach.<\/li><li><strong>Dowiedziesz si\u0119 jak zacz\u0105\u0107 i wys\u0142a\u0107 swoj\u0105 pierwsz\u0105 kampani\u0119 RCS<\/strong>, kt\u00f3ra zachwyci odbiorc\u00f3w.<\/li><li><strong>Zobaczysz case studies <\/strong>skutecznie wdro\u017conych kampanii RCS. <\/li><\/ul><h4 class=\"wp-block-heading has-text-color has-link-color wp-elements-f84ca5def6bff1febc6d293e154f2637\" style=\"color:#6061f6\">AGENDA<\/h4><ol class=\"wp-block-list\"><li>Marketing konwersacyjny<\/li><li>Nowy<strong> <\/strong>standard&nbsp;komunikacji<\/li><li>Brand Agent<\/li><li>Rodzaje wiadomo\u015bci RCS<\/li><li>Analityka<\/li><li>Case studies<\/li><\/ol><h2 class=\"wp-block-heading\">Prelegenci<\/h2><\/div><\/div><\/div><\/div><section id=\"acf-block-cards-block_38f8dd1f4bd524e8973ae55b891f83b3\" class=\"acf-block-cards   c-mt-0 c-mb-only-9 bg-white\">    <div class=\"container\">        <div class=\"row row--spacing-lg-24px c-row-gap-only-6 justify-content-center justify-content-lg-start\">            <div>                            <\/div>                            <div class=\"col-md-4 col-lg-3\">                    <div class=\"bg-white h-100 d-flex flex-column c-row-gap-only-3 c-p-only-4 rounded-24px\">                                                    <div class=\"aspect-ratio-1-45 mw-100\">                                                                    <object type=\"image\/svg+xml\" data=\"https:\/\/messageflow.com\/wp-content\/uploads\/2025\/08\/Radoslaw_Knesz_MF.svg\" class=\"w-100 h-100 object-fit-cover\"><\/object>                                                            <\/div>                                                <h2 class=\"fz-20 fw-semibold\">                                                    <\/h2>                                                    <div class=\"d-flex flex-column c-row-gap-only-3 fz-16 fw-semibold\">                                <div style=\"text-align: left; margin-top: 0;\">  <a href=\"https:\/\/www.linkedin.com\/in\/rados%C5%82aw-knesz\/\" target=\"_blank\" style=\"display: inline-block; margin: 0 0 8px 0;\" rel=\"noopener\"><br \/>    <img decoding=\"async\" src=\"https:\/\/messageflow.com\/wp-content\/uploads\/2025\/08\/linkedin-svgrepo-com.svg\" alt=\"LinkedIn\" width=\"20\" height=\"20\" style=\"vertical-align: middle;\"><br \/>  <\/a><\/p><h5 style=\"color: #000033; margin: 0;\">Rados\u0142aw Knesz<\/h5><p style=\"color: #000033; font-weight: normal; margin: 4px 0 0 0;\">    Interconnect Messaging Manager, MessageFlow  <\/p><\/div>                                                            <\/div>                                            <\/div>                <\/div>                            <div class=\"col-md-4 col-lg-3\">                    <div class=\"bg-white h-100 d-flex flex-column c-row-gap-only-3 c-p-only-4 rounded-24px\">                                                    <div class=\"aspect-ratio-1-45 mw-100\">                                                                    <object type=\"image\/svg+xml\" data=\"https:\/\/messageflow.com\/wp-content\/uploads\/2025\/08\/Piotr_Kudzior_MF.svg\" class=\"w-100 h-100 object-fit-cover\"><\/object>                                                            <\/div>                                                <h2 class=\"fz-20 fw-semibold\">                                                    <\/h2>                                                    <div class=\"d-flex flex-column c-row-gap-only-3 fz-16 fw-semibold\">                                <div style=\"text-align: left; margin-top: 0;\">  <a href=\"https:\/\/www.linkedin.com\/in\/pkudzior\/\" target=\"_blank\" style=\"display: inline-block; margin: 0 0 8px 0;\" rel=\"noopener\"><br \/>    <img decoding=\"async\" src=\"https:\/\/messageflow.com\/wp-content\/uploads\/2025\/08\/linkedin-svgrepo-com.svg\" alt=\"LinkedIn\" width=\"20\" height=\"20\" style=\"vertical-align: middle;\"><br \/>  <\/a><\/p><h5 style=\"color: #000033; margin: 0;\">Piotr Kudzior<\/h5><p style=\"color: #000033; font-weight: normal; margin: 4px 0 0 0;\">    RCS Product Growth Manager, MessageFlow  <\/p><\/div>                                                            <\/div>                                            <\/div>                <\/div>                    <\/div>    <\/div><\/section><section id=\"acf-block-cards-block_43433c7b2d765a0b1c5d8d1c4597d41d\" class=\"acf-block-cards   c-mt-0  c-mb-0 bg-gray-50 c-py-only-8\">    <div class=\"container\">        <div class=\"row row--spacing-lg-24px c-row-gap-only-6 justify-content-center justify-content-lg-start\">            <div>                        <h2 class=\"h2  text-primary-900 text-start\">        Obejrzyj wi\u0119cej webinar\u00f3w    <\/h2>                <\/div>                            <div class=\"col-md-6 col-lg-4\">                    <div class=\"bg-white h-100 d-flex flex-column c-row-gap-only-3 c-p-only-4 rounded-24px\">                                                    <div class=\"aspect-ratio-1-45 mw-100\">                                                                    <img decoding=\"async\" width=\"576\" height=\"396\" src=\"https:\/\/messageflow.com\/wp-content\/uploads\/2025\/09\/website_cover_rcs-sla-saas-576x396.png\" class=\"w-100 h-100 object-fit-cover\" alt=\"\" srcset=\"https:\/\/messageflow.com\/wp-content\/uploads\/2025\/09\/website_cover_rcs-sla-saas-576x396.png 576w, https:\/\/messageflow.com\/wp-content\/uploads\/2025\/09\/website_cover_rcs-sla-saas-48x33.png 48w, https:\/\/messageflow.com\/wp-content\/uploads\/2025\/09\/website_cover_rcs-sla-saas-96x66.png 96w, https:\/\/messageflow.com\/wp-content\/uploads\/2025\/09\/website_cover_rcs-sla-saas-320x220.png 320w, https:\/\/messageflow.com\/wp-content\/uploads\/2025\/09\/website_cover_rcs-sla-saas-640x440.png 640w, https:\/\/messageflow.com\/wp-content\/uploads\/2025\/09\/website_cover_rcs-sla-saas-768x528.png 768w, https:\/\/messageflow.com\/wp-content\/uploads\/2025\/09\/website_cover_rcs-sla-saas.png 904w\" sizes=\"(max-width: 576px) 100vw, 576px\" \/>                                                            <\/div>                                                <h3 class=\"fz-20 fw-semibold\">                                                    <\/h3>                                                    <div class=\"d-flex flex-column c-row-gap-only-3 fz-16 fw-semibold\">                                <p>  <span style=\"color: #6061F6; font-weight: 600;\">RCS<\/span><span style=\"color: #000033; font-weight: normal;\"> \u2022 22 maja 2025<\/span><\/p><h5 style=\"color: #000033;\">RCS dla SaaS: Jak zwi\u0119kszy\u0107 zaanga\u017cowanie i konwersj\u0119 dzi\u0119ki nowemu standardowi<\/h5><p><a href=\"https:\/\/messageflow.com\/pl\/webinary\/rcs-dla-saas-jak-zwiekszyc-zaangazowanie-i-konwersje-dzieki-nowemu-standardowi-komunikacji\/\" target=\"_blank\" rel=\"noopener noreferrer\" style=\"text-decoration: underline; color: #000033;\">Obejrzyj nagranie\u2192<\/a><\/p>                                                            <\/div>                                            <\/div>                <\/div>                            <div class=\"col-md-6 col-lg-4\">                    <div class=\"bg-white h-100 d-flex flex-column c-row-gap-only-3 c-p-only-4 rounded-24px\">                                                    <div class=\"aspect-ratio-1-45 mw-100\">                                                                    <img decoding=\"async\" width=\"576\" height=\"396\" src=\"https:\/\/messageflow.com\/wp-content\/uploads\/2025\/09\/website_cover_dostarczalnosc-4-576x396.png\" class=\"w-100 h-100 object-fit-cover\" alt=\"\" srcset=\"https:\/\/messageflow.com\/wp-content\/uploads\/2025\/09\/website_cover_dostarczalnosc-4-576x396.png 576w, https:\/\/messageflow.com\/wp-content\/uploads\/2025\/09\/website_cover_dostarczalnosc-4-48x33.png 48w, https:\/\/messageflow.com\/wp-content\/uploads\/2025\/09\/website_cover_dostarczalnosc-4-96x66.png 96w, https:\/\/messageflow.com\/wp-content\/uploads\/2025\/09\/website_cover_dostarczalnosc-4-320x220.png 320w, https:\/\/messageflow.com\/wp-content\/uploads\/2025\/09\/website_cover_dostarczalnosc-4-640x440.png 640w, https:\/\/messageflow.com\/wp-content\/uploads\/2025\/09\/website_cover_dostarczalnosc-4-768x528.png 768w, https:\/\/messageflow.com\/wp-content\/uploads\/2025\/09\/website_cover_dostarczalnosc-4.png 904w\" sizes=\"(max-width: 576px) 100vw, 576px\" \/>                                                            <\/div>                                                <h3 class=\"fz-20 fw-semibold\">                                                    <\/h3>                                                    <div class=\"d-flex flex-column c-row-gap-only-3 fz-16 fw-semibold\">                                <p>  <span style=\"color: #6061F6; font-weight: 600;\">E-mail<\/span><span style=\"color: #000033; font-weight: normal;\"> \u2022 21 lipca 2025<\/span><\/p><h5 style=\"color: #000033;\">Dostarczalnos\u0301c\u0301 e mail, czyli co zrobic\u0301, z\u0307eby wiadomos\u0301ci nie trafia\u0142y do spamu<\/h5><p><a href=\"https:\/\/messageflow.com\/pl\/webinary\/dostarczalnosc-e-mail\/\" target=\"_blank\" rel=\"noopener noreferrer\" style=\"text-decoration: underline; color: #000033;\">Obejrzyj nagranie \u2192<\/a><\/p>                                                            <\/div>                                            <\/div>                <\/div>                            <div class=\"col-md-6 col-lg-4\">                    <div class=\"bg-white h-100 d-flex flex-column c-row-gap-only-3 c-p-only-4 rounded-24px\">                                                    <div class=\"aspect-ratio-1-45 mw-100\">                                                                    <img decoding=\"async\" width=\"576\" height=\"396\" src=\"https:\/\/messageflow.com\/wp-content\/uploads\/2025\/09\/website_cover_rcs-w-ecommerce-576x396.png\" class=\"w-100 h-100 object-fit-cover\" alt=\"\" srcset=\"https:\/\/messageflow.com\/wp-content\/uploads\/2025\/09\/website_cover_rcs-w-ecommerce-576x396.png 576w, https:\/\/messageflow.com\/wp-content\/uploads\/2025\/09\/website_cover_rcs-w-ecommerce-48x33.png 48w, https:\/\/messageflow.com\/wp-content\/uploads\/2025\/09\/website_cover_rcs-w-ecommerce-96x66.png 96w, https:\/\/messageflow.com\/wp-content\/uploads\/2025\/09\/website_cover_rcs-w-ecommerce-320x220.png 320w, https:\/\/messageflow.com\/wp-content\/uploads\/2025\/09\/website_cover_rcs-w-ecommerce-640x440.png 640w, https:\/\/messageflow.com\/wp-content\/uploads\/2025\/09\/website_cover_rcs-w-ecommerce-768x528.png 768w, https:\/\/messageflow.com\/wp-content\/uploads\/2025\/09\/website_cover_rcs-w-ecommerce.png 904w\" sizes=\"(max-width: 576px) 100vw, 576px\" \/>                                                            <\/div>                                                <h3 class=\"fz-20 fw-semibold\">                                                    <\/h3>                                                    <div class=\"d-flex flex-column c-row-gap-only-3 fz-16 fw-semibold\">                                <p>  <span style=\"color: #6061F6; font-weight: 600;\">RCS<\/span><span style=\"color: #000033; font-weight: normal;\"> \u2022 26 listopada 2024<\/span><\/p><h5 style=\"color: #000033;\">RCS w e-commerce: Wiosenna strategia wzrostu i zaanga\u017cowania klient\u00f3w<\/h5><p><a href=\"https:\/\/messageflow.com\/pl\/webinary\/rcs-w-e-commerce-wiosenna-strategia-wzrostu-i-zaangazowania-klientow\/\" target=\"_blank\" rel=\"noopener noreferrer\" style=\"text-decoration: underline; color: #000033;\">Obejrzyj nagranie \u2192<\/a><\/p>                                                            <\/div>                                            <\/div>                <\/div>                    <\/div>    <\/div><\/section><section id=\"acf-block-text-call-to-action-with-logo-block_829f49ec76403f5d902ee29dcd6f2ec7\" class=\"text-call-to-action-with-logo acf-block-text-call-to-action-with-logo  c-mt-0  c-pt-only-8 c-pb-only-8 bg-primary-900\">    <div class=\"container\">        <div class=\"row\">            <div class=\"col-lg-8 c-pr-lg-0 d-flex flex-column c-row-gap-only-5\">                                    <a href=\"https:\/\/messageflow.com\/pl\/\" class=\"text-call-to-action-with-logo__logo hover-opacity-0-75\">                        <object type=\"image\/svg+xml\" data=\"https:\/\/messageflow.com\/wp-content\/uploads\/2024\/08\/logo-white.svg\" class=\"w-100 h-100 d-block object-fit-cover\"><\/object>                    <\/a>                                        <h2 class=\"h3  text-white text-start\">        Wybierz <span class=\"text-accent-green-500\">kompleksowe rozwi\u0105zanie<\/span> dla komunikacji wielokana\u0142owej    <\/h2>                        <div class=\"d-flex align-items-center gap-3\">                                <div class=\"crunch-button-wrapper c-mt-0\">            <a href=\"https:\/\/app.messageflow.com\/register\" class=\"crunch-button crunch-button__full-background crunch-button__full-background--accent-yellow-color crunch-button__full-background--medium\" target=\"_blank\" rel=\"nofollow\">Za\u0142\u00f3\u017c konto<\/a>        <\/div>                        <\/div>            <\/div>        <\/div>    <\/div><\/section><div class=\"text-call-to-action-with-logo__decor w-100\"><\/div>","protected":false},"excerpt":{"rendered":"","protected":false},"author":11,"featured_media":0,"parent":13120,"menu_order":0,"comment_status":"closed","ping_status":"closed","template":"","meta":{"_acf_changed":false,"footnotes":""},"class_list":["post-13153","page","type-page","status-publish","hentry"],"acf":[],"_links":{"self":[{"href":"https:\/\/messageflow.com\/pl\/wp-json\/wp\/v2\/pages\/13153","targetHints":{"allow":["GET"]}}],"collection":[{"href":"https:\/\/messageflow.com\/pl\/wp-json\/wp\/v2\/pages"}],"about":[{"href":"https:\/\/messageflow.com\/pl\/wp-json\/wp\/v2\/types\/page"}],"author":[{"embeddable":true,"href":"https:\/\/messageflow.com\/pl\/wp-json\/wp\/v2\/users\/11"}],"replies":[{"embeddable":true,"href":"https:\/\/messageflow.com\/pl\/wp-json\/wp\/v2\/comments?post=13153"}],"version-history":[{"count":6,"href":"https:\/\/messageflow.com\/pl\/wp-json\/wp\/v2\/pages\/13153\/revisions"}],"predecessor-version":[{"id":15307,"href":"https:\/\/messageflow.com\/pl\/wp-json\/wp\/v2\/pages\/13153\/revisions\/15307"}],"up":[{"embeddable":true,"href":"https:\/\/messageflow.com\/pl\/wp-json\/wp\/v2\/pages\/13120"}],"wp:attachment":[{"href":"https:\/\/messageflow.com\/pl\/wp-json\/wp\/v2\/media?parent=13153"}],"curies":[{"name":"wp","href":"https:\/\/api.w.org\/{rel}","templated":true}]}}