{"id":11919,"date":"2025-06-24T11:04:03","date_gmt":"2025-06-24T11:04:03","guid":{"rendered":"https:\/\/messageflow.com\/?page_id=11919"},"modified":"2025-10-20T10:48:26","modified_gmt":"2025-10-20T10:48:26","slug":"synerise","status":"publish","type":"page","link":"https:\/\/messageflow.com\/pl\/integracje\/synerise\/","title":{"rendered":"Synerise"},"content":{"rendered":"<section id=\"acf-block-hero-section-with-media-block_a5f43eb8f760c9899fe341da6f4408c7\" class=\"position-relative js-hero acf-block-hero-section-with-media  c-mb-only-6  c-pt-only-6\">    <div class=\"container\">                            <div class=\"row\">                <div class=\"col-lg-6\">                            <h1 class=\"h1  text-primary-900 text-start\">        Synerise    <\/h1>                                                <div class=\"entry-content fz-18 text-gray-700 lh-1-5 c-mt-lg-only-5 c-mt-only-4\">                            <p>Integracja z Synerise pozwala na niezawodn\u0105 wysy\u0142k\u0119 SMS przez infrastruktur\u0119 MessageFlow. Daje Ci ona kontrol\u0119 nad routingiem, monitoring dostarczalno\u015bci i optymalne zarz\u0105dzanie przepustowo\u015bci\u0105 kampanii.<\/p>                        <\/div>                                    <\/div>                                    <div class=\"d-flex align-items-center justify-content-center justify-content-lg-end c-pt-lg-only-5 c-pt-xl-0  col-lg-6\">                        <div class=\"acf-block-hero-section-with-media__media-wrapper acf-block-hero-section-with-media__media-wrapper--2 c-mt-only-5 c-mt-lg-0\">                                                        <img decoding=\"async\" width=\"768\" height=\"533\" src=\"https:\/\/messageflow.com\/wp-content\/uploads\/2025\/06\/synerise-hero@2x-768x533.png\" class=\"object-fit-cover w-100 h-100\" alt=\"synerise messageflow integration\" srcset=\"https:\/\/messageflow.com\/wp-content\/uploads\/2025\/06\/synerise-hero@2x-768x533.png 768w, https:\/\/messageflow.com\/wp-content\/uploads\/2025\/06\/synerise-hero@2x-48x33.png 48w, https:\/\/messageflow.com\/wp-content\/uploads\/2025\/06\/synerise-hero@2x-96x67.png 96w, https:\/\/messageflow.com\/wp-content\/uploads\/2025\/06\/synerise-hero@2x-320x222.png 320w, https:\/\/messageflow.com\/wp-content\/uploads\/2025\/06\/synerise-hero@2x-640x444.png 640w, https:\/\/messageflow.com\/wp-content\/uploads\/2025\/06\/synerise-hero@2x-576x400.png 576w, https:\/\/messageflow.com\/wp-content\/uploads\/2025\/06\/synerise-hero@2x-1152x799.png 1152w, https:\/\/messageflow.com\/wp-content\/uploads\/2025\/06\/synerise-hero@2x-991x687.png 991w, https:\/\/messageflow.com\/wp-content\/uploads\/2025\/06\/synerise-hero@2x-1080x749.png 1080w, https:\/\/messageflow.com\/wp-content\/uploads\/2025\/06\/synerise-hero@2x.png 1172w\" sizes=\"(max-width: 768px) 100vw, 768px\" \/>                        <\/div>                    <\/div>                            <\/div>            <\/div><\/section><section id=\"acf-block-columns-grid-block_77ea4b93b18a3034b82d1a07731292d1\" class=\"acf-block-columns-grid  c-mt-only-8 c-mb-only-8 bg-white\">    <div class=\"container\">                            <div class=\"row row-gap-40px\">                    <div class=\"list-with-icon d-flex flex-column c-row-gap-only-3 justiyfy-content-start align-items-start col-sm-6 col-lg-3 text-gray-700\">        <object type=\"image\/svg+xml\" data=\"https:\/\/messageflow.com\/wp-content\/uploads\/2024\/08\/2MMLyCFzRnlBmVL5UaUj4zk8XKOQG2qmJXlcLQEk.svg\" class=\"content-with-title-and-icon__icon adjustable-element\"><\/object>        <h3 class=\"text-primary-900 text-start fz-18 c-mt-only-2\">        Dostarczalno\u015b\u0107    <\/h3>                        <div class=\"d-flex flex-column gap-12px fz-16 entry-content text-gray-700\">                <p><span style=\"font-weight: 400;\">Twoje SMS-y trafiaj\u0105 do odbiorc\u00f3w zawsze na czas. Infrastruktura MessageFlow zapewnia wysok\u0105 dostarczalno\u015b\u0107 wiadomo\u015bci dzi\u0119ki wsp\u00f3\u0142pracy z operatorami GSM.<\/span><\/p>            <\/div>            <\/div>    <div class=\"list-with-icon d-flex flex-column c-row-gap-only-3 justiyfy-content-start align-items-start col-sm-6 col-lg-3 text-gray-700\">        <object type=\"image\/svg+xml\" data=\"https:\/\/messageflow.com\/wp-content\/uploads\/2024\/08\/fRTuIOJWqW6aIRcXH979CMv2SZuRWspUBuYRM3UW.svg\" class=\"content-with-title-and-icon__icon adjustable-element\"><\/object>        <h3 class=\"text-primary-900 text-start fz-18 c-mt-only-2\">        Gotowe do automatyzacji    <\/h3>                        <div class=\"d-flex flex-column gap-12px fz-16 entry-content text-gray-700\">                <p><span style=\"font-weight: 400;\">Wysy\u0142aj SMS-y bezpo\u015brednio w \u015bcie\u017ckach automatyzacji Synerise. MessageFlow p\u0142ynnie integruje si\u0119 z logik\u0105 scenariuszy, umo\u017cliwiaj\u0105c natychmiastowe reakcje na dzia\u0142ania u\u017cytkownik\u00f3w.<\/span><\/p>            <\/div>            <\/div>    <div class=\"list-with-icon d-flex flex-column c-row-gap-only-3 justiyfy-content-start align-items-start col-sm-6 col-lg-3 text-gray-700\">        <object type=\"image\/svg+xml\" data=\"https:\/\/messageflow.com\/wp-content\/uploads\/2024\/08\/pPwUTFlVT7kBh57TGN2hK5xg4wTo3anjrBmmMP3t.svg\" class=\"content-with-title-and-icon__icon adjustable-element\"><\/object>        <h3 class=\"text-primary-900 text-start fz-18 c-mt-only-2\">        \u0141atwo\u015b\u0107 u\u017cycia    <\/h3>                        <div class=\"d-flex flex-column gap-12px fz-16 entry-content text-gray-700\">                <p><span style=\"font-weight: 400;\">Integracja gotowa do wykorzystania od zaraz. Pod\u0142\u0105cz, skonfiguruj w Synerise i zacznij wysy\u0142a\u0107 SMS-y bez potrzeby kodowania czy skomplikowanych wdro\u017ce\u0144.<\/span><\/p>            <\/div>            <\/div>    <div class=\"list-with-icon d-flex flex-column c-row-gap-only-3 justiyfy-content-start align-items-start col-sm-6 col-lg-3 text-gray-700\">        <object type=\"image\/svg+xml\" data=\"https:\/\/messageflow.com\/wp-content\/uploads\/2024\/08\/4FiF1dsw28hY7rVBIRlPaazYlY4f4CjBjcDORHoI.svg\" class=\"content-with-title-and-icon__icon adjustable-element\"><\/object>        <h3 class=\"text-primary-900 text-start fz-18 c-mt-only-2\">        Wysoka wydajno\u015b\u0107    <\/h3>                        <div class=\"d-flex flex-column gap-12px fz-16 entry-content text-gray-700\">                <p><span style=\"font-weight: 400;\">Wysy\u0142aj wiadomo\u015bci na du\u017c\u0105 skal\u0119 w czasie rzeczywistym. MessageFlow ro\u015bnie wraz z Twoim biznesem, obs\u0142uguj\u0105c kampanie SMS o dowolnym wolumenie.<\/span><\/p>            <\/div>            <\/div>            <\/div>            <\/div><\/section><section id=\"acf-block-call-to-action-with-small-image-block_a851f43ba1480eaac40bffcc1dce6485\" class=\"acf-block-call-to-action-with-small-image    bg-primary-900 c-pt-only-8 c-pb-only-8\" >    <div class=\"container d-flex flex-column align-items-center justify-content-center\">        <div class=\"col-md-9 col-lg-7 d-flex flex-column align-items-center justify-content-center c-row-gap-only-5 text-center\">                        <div class=\"d-flex flex-column gap-12px\">                        <h2 class=\"h2  text-white text-center\">        Jak zacz\u0105\u0107    <\/h2>                                                    <div class=\"entry-content text-white\">                        <p><span style=\"font-weight: 400;\">Sprawd\u017a jak, krok po kroku, zintegrowa\u0107 Synerise z platform\u0105 MessageFlow. <\/span><\/p>                    <\/div>                            <\/div>                        <div class=\"d-flex c-column-gap-only-4 c-row-gap-only-3 align-items-center flex-wrap justify-content-center\">                        <div class=\"crunch-button-wrapper c-mt-0\">            <a href=\"https:\/\/docs.messageflow.com\/pl\/centrum-pomocy\/integracje\/integracja-z-synerise\" class=\"crunch-button crunch-button__full-background crunch-button__full-background--accent-yellow-color crunch-button__full-background--medium\" target=\"_self\">Zobacz instrukcje<\/a>        <\/div>                                <\/div>        <\/div>    <\/div><\/section><section id=\"acf-block-content-with-media-block_bdaebacc55eaef55e5651d415d15edff\" class=\"acf-block-content-with-media  c-mt-10 c-mb-10 bg-white   js-content-with-media\">    <div class=\"container\">        <div class=\"row c-row-gap-only-5\">            <div class=\"col-lg-6 d-flex flex-column c-row-gap-only-5 align-items-start justify-content-start order-2 order-lg-1 justify-content-lg-start\">                <div>                            <h2 class=\"h2  text-primary-900 text-start\">        Korzy\u015bci <span class=\"text-primary-300\">integracji<\/span>    <\/h2>                    <\/div>                                                    <div class=\"entry-content entry-content--list-with-ticks text-gray-700\">                        <p><span style=\"font-weight: 400;\">Zintegruj MessageFlow z Synerise, aby w pe\u0142ni wykorzysta\u0107 potencja\u0142 danych behawioralnych i regu\u0142 automatyzacji. W\u0142\u0105cz skuteczny kana\u0142 SMS do swojego ekosystemu marketingowego i dostarczaj wiadomo\u015bci w kluczowych momentach \u015bcie\u017cki klienta.<\/span><\/p><ul><li><span style=\"color: #6061f6;\"><b>SMS jako sta\u0142y element scenariuszy: <\/b><\/span><span style=\"font-weight: 400;\">Wysy\u0142aj wiadomo\u015bci SMS bezpo\u015brednio z poziomu scenariuszy w Synerise, bez potrzeby zewn\u0119trznych bramek.<\/span><\/li><li><span style=\"color: #6061f6;\"><b>Komunikacja oparta na zachowaniach: <\/b><\/span><span style=\"font-weight: 400;\">Wysy\u0142aj wiadomo\u015bci w odpowiedzi na konkretne zdarzenia \u2013 porzucenie koszyka, brak logowania, spadek scoringu oraz inne.<\/span><\/li><li><span style=\"color: #6061f6;\"><b>Hiperpersonalizacja wiadomo\u015bci:<\/b><\/span><span style=\"font-weight: 400;\"> Wykorzystaj dynamiczne atrybuty, profile klient\u00f3w i wskazane zainteresowania, aby wysy\u0142a\u0107 SMS-y, kt\u00f3re odpowiadaj\u0105 na indywidualne preferencje, potrzeby i kontekst ka\u017cdego odbiorcy.<\/span><\/li><li><span style=\"color: #6061f6;\"><b>Globalny zasi\u0119g: <\/b><\/span><span style=\"font-weight: 400;\">Utrzymuj najwy\u017csz\u0105 skuteczno\u015b\u0107 wysy\u0142ek niezale\u017cnie od kraju docelowego dzi\u0119ki zgodno\u015bci z lokalnymi wymogami i regu\u0142ami poszczeg\u00f3lnych operator\u00f3w.<\/span><\/li><\/ul>                    <\/div>                                            <\/div>            <div class=\"d-flex col-lg-6 align-items-center justify-content-center order-1 order-lg-2 justify-content-lg-center align-items-lg-center\">                <div class=\"acf-block-content-with-media__media-wrapper mw-100\">                    <img decoding=\"async\" width=\"768\" height=\"768\" src=\"https:\/\/messageflow.com\/wp-content\/uploads\/2025\/04\/hero-image-integrations_final-768x768.png\" class=\"adjustable-element mh-100\" alt=\"Messageflow integrations graphics\" srcset=\"https:\/\/messageflow.com\/wp-content\/uploads\/2025\/04\/hero-image-integrations_final-768x768.png 768w, https:\/\/messageflow.com\/wp-content\/uploads\/2025\/04\/hero-image-integrations_final-48x48.png 48w, https:\/\/messageflow.com\/wp-content\/uploads\/2025\/04\/hero-image-integrations_final-96x96.png 96w, https:\/\/messageflow.com\/wp-content\/uploads\/2025\/04\/hero-image-integrations_final-320x320.png 320w, https:\/\/messageflow.com\/wp-content\/uploads\/2025\/04\/hero-image-integrations_final-640x640.png 640w, https:\/\/messageflow.com\/wp-content\/uploads\/2025\/04\/hero-image-integrations_final-576x576.png 576w, https:\/\/messageflow.com\/wp-content\/uploads\/2025\/04\/hero-image-integrations_final-991x991.png 991w, https:\/\/messageflow.com\/wp-content\/uploads\/2025\/04\/hero-image-integrations_final-250x250.png 250w, https:\/\/messageflow.com\/wp-content\/uploads\/2025\/04\/hero-image-integrations_final.png 1068w\" sizes=\"(max-width: 768px) 100vw, 768px\" \/>                <\/div>            <\/div>        <\/div>    <\/div><\/section><section id=\"acf-block-accordion-block_de33c24d59f49ec92d6635e70949c17f\" class=\"acf-block-accordion  c-mt-only-8 c-mb-0 bg-powder-purple c-pt-only-8 c-pb-only-8\">    <div class=\"container\">        <div class=\"row\">            <div class=\"col-lg-12 d-flex flex-column c-row-gap-only-5 \">                                    <div class=\"d-flex flex-column c-row-gap-only-4\">                        <div>                                    <h2 class=\"h3  text-primary-900 text-center\">        FAQ    <\/h2>                            <\/div>                                            <\/div>                                                    <div class=\"accordion js-accordion d-flex flex-column c-row-gap-only-2\" id=\"bootstrap-acf-block-accordion-block_de33c24d59f49ec92d6635e70949c17f\">                                                                                                        <div id=\"question-1\" class=\"single-row js-single-row border border-gray-100 rounded-2 c-p-only-4 bg-white\">                                <div class=\"single-row__header\">                                    <h3 class=\"single-row__title position-relative\" id=\"heading1\">                                        <button class=\"single-row__button text-start d-block bg-transparent fw-semibold border-0 w-100 fz-18  c-pl-0\" type=\"button\" data-bs-toggle=\"collapse\" data-bs-target=\"#faq-1\" aria-expanded=\"true\" aria-controls=\"faq-1\">                                            Czy integracja MessageFlow z Synerise wymaga umiej\u0119tno\u015bci technicznych?                                        <\/button>                                    <\/h3>                                <\/div>                                <div id=\"faq-1\" class=\"collapse js-collapse show\" aria-labelledby=\"heading1\" data-bs-parent=\"#bootstrap-acf-block-accordion-block_de33c24d59f49ec92d6635e70949c17f\">                                    <div class=\"single-row__content entry-content c-mt-only-3 text-gray-700\">                                        <p><span style=\"font-weight: 400\">Nie, integracja MessageFlow z Synerise nie wymaga umiej\u0119tno\u015bci technicznych. Wystarczy post\u0119powa\u0107 krok po kroku zgodnie z przygotowan\u0105 <a href=\"https:\/\/docs.messageflow.com\/pl\/centrum-pomocy\/integracje\/integracja-z-synerise\" target=\"_blank\" rel=\"noopener\">instrukcj\u0105<\/a>.<\/span><\/p>                                    <\/div>                                <\/div>                            <\/div>                                                                                                            <div id=\"question-2\" class=\"single-row js-single-row border border-gray-100 rounded-2 c-p-only-4 bg-white\">                                <div class=\"single-row__header\">                                    <h3 class=\"single-row__title position-relative\" id=\"heading2\">                                        <button class=\"single-row__button text-start d-block bg-transparent fw-semibold border-0 w-100 fz-18 collapsed c-pl-0\" type=\"button\" data-bs-toggle=\"collapse\" data-bs-target=\"#faq-2\" aria-expanded=\"false\" aria-controls=\"faq-2\">                                            Czy moje SMS-y b\u0119d\u0105 wy\u015bwietla\u0142y si\u0119 z moj\u0105 nazw\u0105 nadawcy?                                        <\/button>                                    <\/h3>                                <\/div>                                <div id=\"faq-2\" class=\"collapse js-collapse\" aria-labelledby=\"heading2\" data-bs-parent=\"#bootstrap-acf-block-accordion-block_de33c24d59f49ec92d6635e70949c17f\">                                    <div class=\"single-row__content entry-content c-mt-only-3 text-gray-700\">                                        <p>Tak, wiadomo\u015bci SMS mog\u0105 by\u0107 wysy\u0142ane z indywidualn\u0105 nazw\u0105 nadawcy (Sender ID), np. nazw\u0105 Twojej firmy. <a href=\"https:\/\/messageflow.com\/pl\/kontakt\/\" target=\"_blank\" rel=\"noopener\">Skontaktuj si\u0119 z nami<\/a>, aby pozna\u0107 szczeg\u00f3\u0142y. Co wi\u0119cej, wiadomo\u015bci mog\u0105 zawiera\u0107 link z nazw\u0105 marki, co zwi\u0119ksza zaufanie i zaanga\u017cowanie odbiorcy. Klikni\u0119cia w te linki b\u0119d\u0105 widoczne w raportach.<\/p>                                    <\/div>                                <\/div>                            <\/div>                                                                                                            <div id=\"question-3\" class=\"single-row js-single-row border border-gray-100 rounded-2 c-p-only-4 bg-white\">                                <div class=\"single-row__header\">                                    <h3 class=\"single-row__title position-relative\" id=\"heading3\">                                        <button class=\"single-row__button text-start d-block bg-transparent fw-semibold border-0 w-100 fz-18 collapsed c-pl-0\" type=\"button\" data-bs-toggle=\"collapse\" data-bs-target=\"#faq-3\" aria-expanded=\"false\" aria-controls=\"faq-3\">                                            Jak wygl\u0105da wsparcie techniczne po dokonaniu integracji?                                        <\/button>                                    <\/h3>                                <\/div>                                <div id=\"faq-3\" class=\"collapse js-collapse\" aria-labelledby=\"heading3\" data-bs-parent=\"#bootstrap-acf-block-accordion-block_de33c24d59f49ec92d6635e70949c17f\">                                    <div class=\"single-row__content entry-content c-mt-only-3 text-gray-700\">                                        <p><span style=\"font-weight: 400\">W ka\u017cdej chwili mo\u017cesz skontaktowa\u0107 si\u0119 z naszym supportem <a href=\"mailto:support@messageflow.com\">support@messageflow.com<\/a>.<\/span><\/p>                                    <\/div>                                <\/div>                            <\/div>                                                                                                            <div id=\"question-4\" class=\"single-row js-single-row border border-gray-100 rounded-2 c-p-only-4 bg-white\">                                <div class=\"single-row__header\">                                    <h3 class=\"single-row__title position-relative\" id=\"heading4\">                                        <button class=\"single-row__button text-start d-block bg-transparent fw-semibold border-0 w-100 fz-18 collapsed c-pl-0\" type=\"button\" data-bs-toggle=\"collapse\" data-bs-target=\"#faq-4\" aria-expanded=\"false\" aria-controls=\"faq-4\">                                            Czy mog\u0119 \u015bledzi\u0107 statystyki wysy\u0142ek moich kampanii SMS?                                        <\/button>                                    <\/h3>                                <\/div>                                <div id=\"faq-4\" class=\"collapse js-collapse\" aria-labelledby=\"heading4\" data-bs-parent=\"#bootstrap-acf-block-accordion-block_de33c24d59f49ec92d6635e70949c17f\">                                    <div class=\"single-row__content entry-content c-mt-only-3 text-gray-700\">                                        <p><span style=\"font-weight: 400\">Tak, mo\u017cesz na bie\u017c\u0105co \u015bledzi\u0107 statystyki wysy\u0142ek swoich kampanii w odpowiedniej zak\u0142adce. Wi\u0119cej informacji znajdziesz na <a href=\"https:\/\/docs.messageflow.com\/pl\/sms-api\/overview\" target=\"_blank\" rel=\"noopener\">tej stronie z dokumentacj\u0105<\/a>.<\/span><\/p>                                    <\/div>                                <\/div>                            <\/div>                                                                        <\/div>                            <\/div>        <\/div>    <\/div><\/section><div class=\"container\"><div class=\"row\"><div class=\"col-12\"><div class=\"entry-content\"><p><\/p><\/div><\/div><\/div><\/div>","protected":false},"excerpt":{"rendered":"","protected":false},"author":2,"featured_media":0,"parent":10564,"menu_order":0,"comment_status":"closed","ping_status":"closed","template":"","meta":{"_acf_changed":false,"footnotes":""},"class_list":["post-11919","page","type-page","status-publish","hentry"],"acf":[],"_links":{"self":[{"href":"https:\/\/messageflow.com\/pl\/wp-json\/wp\/v2\/pages\/11919","targetHints":{"allow":["GET"]}}],"collection":[{"href":"https:\/\/messageflow.com\/pl\/wp-json\/wp\/v2\/pages"}],"about":[{"href":"https:\/\/messageflow.com\/pl\/wp-json\/wp\/v2\/types\/page"}],"author":[{"embeddable":true,"href":"https:\/\/messageflow.com\/pl\/wp-json\/wp\/v2\/users\/2"}],"replies":[{"embeddable":true,"href":"https:\/\/messageflow.com\/pl\/wp-json\/wp\/v2\/comments?post=11919"}],"version-history":[{"count":8,"href":"https:\/\/messageflow.com\/pl\/wp-json\/wp\/v2\/pages\/11919\/revisions"}],"predecessor-version":[{"id":15166,"href":"https:\/\/messageflow.com\/pl\/wp-json\/wp\/v2\/pages\/11919\/revisions\/15166"}],"up":[{"embeddable":true,"href":"https:\/\/messageflow.com\/pl\/wp-json\/wp\/v2\/pages\/10564"}],"wp:attachment":[{"href":"https:\/\/messageflow.com\/pl\/wp-json\/wp\/v2\/media?parent=11919"}],"curies":[{"name":"wp","href":"https:\/\/api.w.org\/{rel}","templated":true}]}}