{"id":10834,"date":"2025-04-22T09:12:54","date_gmt":"2025-04-22T09:12:54","guid":{"rendered":"https:\/\/messageflow.com\/integracje\/idosell-2\/"},"modified":"2025-10-20T10:43:57","modified_gmt":"2025-10-20T10:43:57","slug":"idosell","status":"publish","type":"page","link":"https:\/\/messageflow.com\/pl\/integracje\/idosell\/","title":{"rendered":"IdoSell"},"content":{"rendered":"<section id=\"acf-block-hero-section-with-media-block_e7a704ff14137123193bd8bc17148d31\" class=\"position-relative js-hero acf-block-hero-section-with-media  c-mb-only-6  c-pt-only-6\">    <div class=\"container\">                            <div class=\"row\">                <div class=\"col-lg-6\">                            <h1 class=\"h1  text-primary-900 text-start\">        IdoSell    <\/h1>                                                <div class=\"entry-content fz-18 text-gray-700 lh-1-5 c-mt-lg-only-5 c-mt-only-4\">                            <p><span style=\"font-weight: 400;\">Uruchom sw\u00f3j sklep internetowy z platform\u0105 IdoSell. Zacznij sprzeda\u017c B2B i B2C oraz ekspansj\u0119 na rynki zagraniczne.<\/span><\/p>                        <\/div>                                    <\/div>                                    <div class=\"d-flex align-items-center justify-content-center justify-content-lg-end c-pt-lg-only-5 c-pt-xl-0  col-lg-6\">                        <div class=\"acf-block-hero-section-with-media__media-wrapper acf-block-hero-section-with-media__media-wrapper--2 c-mt-only-5 c-mt-lg-0\">                                                        <img decoding=\"async\" width=\"582\" height=\"401\" src=\"https:\/\/messageflow.com\/wp-content\/uploads\/2025\/04\/hero-idosell.png\" class=\"object-fit-cover w-100 h-100\" alt=\"idosell messageflow integration\" srcset=\"https:\/\/messageflow.com\/wp-content\/uploads\/2025\/04\/hero-idosell.png 582w, https:\/\/messageflow.com\/wp-content\/uploads\/2025\/04\/hero-idosell-48x33.png 48w, https:\/\/messageflow.com\/wp-content\/uploads\/2025\/04\/hero-idosell-96x66.png 96w, https:\/\/messageflow.com\/wp-content\/uploads\/2025\/04\/hero-idosell-320x220.png 320w, https:\/\/messageflow.com\/wp-content\/uploads\/2025\/04\/hero-idosell-576x397.png 576w\" sizes=\"(max-width: 582px) 100vw, 582px\" \/>                        <\/div>                    <\/div>                            <\/div>            <\/div><\/section><section id=\"acf-block-columns-grid-block_07321a13c8e3776da952689fa8be16b8\" class=\"acf-block-columns-grid  c-mt-only-8 c-mb-only-8 bg-white\">    <div class=\"container\">                            <div class=\"row row-gap-40px\">                    <div class=\"list-with-icon d-flex flex-column c-row-gap-only-3 justiyfy-content-start align-items-start col-sm-6 col-lg-3 text-gray-700\">        <object type=\"image\/svg+xml\" data=\"https:\/\/messageflow.com\/wp-content\/uploads\/2024\/08\/2MMLyCFzRnlBmVL5UaUj4zk8XKOQG2qmJXlcLQEk.svg\" class=\"content-with-title-and-icon__icon adjustable-element\"><\/object>        <h3 class=\"text-primary-900 text-start fz-18 c-mt-only-2\">        Dostarczalno\u015b\u0107    <\/h3>                        <div class=\"d-flex flex-column gap-12px fz-16 entry-content text-gray-700\">                <p><span style=\"font-weight: 400;\">Skutecznie docieraj do skrzynek odbiorczych. Niezawodna infrastruktura MessageFlow zapewnia najwy\u017csz\u0105 dostarczalno\u015b\u0107 popart\u0105 wysok\u0105 reputacj\u0105 i rozgrzewkami.<\/span><\/p>            <\/div>            <\/div>    <div class=\"list-with-icon d-flex flex-column c-row-gap-only-3 justiyfy-content-start align-items-start col-sm-6 col-lg-3 text-gray-700\">        <object type=\"image\/svg+xml\" data=\"https:\/\/messageflow.com\/wp-content\/uploads\/2024\/08\/fRTuIOJWqW6aIRcXH979CMv2SZuRWspUBuYRM3UW.svg\" class=\"content-with-title-and-icon__icon adjustable-element\"><\/object>        <h3 class=\"text-primary-900 text-start fz-18 c-mt-only-2\">        SMTP w chmurze    <\/h3>                        <div class=\"d-flex flex-column gap-12px fz-16 entry-content text-gray-700\">                <p><span style=\"font-weight: 400;\">Pozosta\u0144 w kontakcie z klientami wykorzystuj\u0105c SMTP w chmurze. Bez dodatkowych ustawie\u0144 czy koszt\u00f3w. Zintegruj si\u0119 i zacznij wysy\u0142a\u0107 wiadomo\u015bci ju\u017c dzi\u015b.<\/span><\/p>            <\/div>            <\/div>    <div class=\"list-with-icon d-flex flex-column c-row-gap-only-3 justiyfy-content-start align-items-start col-sm-6 col-lg-3 text-gray-700\">        <object type=\"image\/svg+xml\" data=\"https:\/\/messageflow.com\/wp-content\/uploads\/2024\/08\/pPwUTFlVT7kBh57TGN2hK5xg4wTo3anjrBmmMP3t.svg\" class=\"content-with-title-and-icon__icon adjustable-element\"><\/object>        <h3 class=\"text-primary-900 text-start fz-18 c-mt-only-2\">        \u0141atwo\u015b\u0107 u\u017cycia    <\/h3>                        <div class=\"d-flex flex-column gap-12px fz-16 entry-content text-gray-700\">                <p><span style=\"font-weight: 400;\">Przyjazna implementacja pozwala Ci zacz\u0105\u0107 od r\u0119ki. Po prostu pod\u0142\u0105cz, ustaw i wysy\u0142aj. Bez potrzeby kodowania lub zb\u0119dnych formalno\u015bci.<\/span><\/p>            <\/div>            <\/div>    <div class=\"list-with-icon d-flex flex-column c-row-gap-only-3 justiyfy-content-start align-items-start col-sm-6 col-lg-3 text-gray-700\">        <object type=\"image\/svg+xml\" data=\"https:\/\/messageflow.com\/wp-content\/uploads\/2024\/08\/4FiF1dsw28hY7rVBIRlPaazYlY4f4CjBjcDORHoI.svg\" class=\"content-with-title-and-icon__icon adjustable-element\"><\/object>        <h3 class=\"text-primary-900 text-start fz-18 c-mt-only-2\">        Wysoka wydajno\u015b\u0107    <\/h3>                        <div class=\"d-flex flex-column gap-12px fz-16 entry-content text-gray-700\">                <p><span style=\"font-weight: 400;\">Z \u0142atwo\u015bci\u0105 wysy\u0142aj wysokie wolumeny wiadomo\u015bci. MessageFlow skaluje wraz ze wzrostem Twojego biznesu, zapewniaj\u0105c szybko\u015b\u0107 i stabilno\u015b\u0107 kampanii.<\/span><\/p>            <\/div>            <\/div>            <\/div>            <\/div><\/section><section id=\"acf-block-call-to-action-with-small-image-block_c2bef60be00d2c4954908cf551909797\" class=\"acf-block-call-to-action-with-small-image    bg-primary-900 c-pt-only-8 c-pb-only-8\" >    <div class=\"container d-flex flex-column align-items-center justify-content-center\">        <div class=\"col-md-9 col-lg-7 d-flex flex-column align-items-center justify-content-center c-row-gap-only-5 text-center\">                        <div class=\"d-flex flex-column gap-12px\">                        <h2 class=\"h2  text-white text-center\">        Jak zacz\u0105\u0107    <\/h2>                                                    <div class=\"entry-content text-white\">                        <p><span style=\"font-weight: 400;\">Sprawd\u017a jak, krok po kroku, zintegrowa\u0107 IdoSell z platform\u0105 MessageFlow. <\/span><\/p>                    <\/div>                            <\/div>                        <div class=\"d-flex c-column-gap-only-4 c-row-gap-only-3 align-items-center flex-wrap justify-content-center\">                        <div class=\"crunch-button-wrapper c-mt-0\">            <a href=\"https:\/\/docs.messageflow.com\/pl\/centrum-pomocy\/integracje\/integracja-z-idosell\" class=\"crunch-button crunch-button__full-background crunch-button__full-background--accent-yellow-color crunch-button__full-background--medium\" target=\"_self\">Zobacz instrukcje<\/a>        <\/div>                                <\/div>        <\/div>    <\/div><\/section><section id=\"acf-block-content-with-media-block_729dab559af8b53d21eaa0babaa0413c\" class=\"acf-block-content-with-media  c-mt-10 c-mb-10 bg-white   js-content-with-media\">    <div class=\"container\">        <div class=\"row c-row-gap-only-5\">            <div class=\"col-lg-6 d-flex flex-column c-row-gap-only-5 align-items-start justify-content-start order-2 order-lg-1 justify-content-lg-start\">                <div>                            <h2 class=\"h2  text-primary-900 text-start\">        Korzy\u015bci <span class=\"text-primary-300\">integracji<\/span>    <\/h2>                    <\/div>                                                    <div class=\"entry-content entry-content--list-with-ticks text-gray-700\">                        <p><span style=\"font-weight: 400;\">Wykorzystaj serwery premium do obs\u0142ugi wiadomo\u015bci e-mail w prosty i skuteczny spos\u00f3b. Ciesz si\u0119 wysok\u0105 dostarczalno\u015bci\u0105 oraz wydajno\u015bci\u0105, dzi\u0119ki kt\u00f3rym b\u0119dziesz m\u00f3c komunikowa\u0107 si\u0119 z klientami sprawnie i bez zak\u0142\u00f3ce\u0144.<\/span><\/p><ul><li><span style=\"color: #6061f6;\"><b>Wi\u0119ksza skuteczno\u015b\u0107 kampanii: <\/b><\/span><span style=\"font-weight: 400;\">Osi\u0105gaj lepsze wska\u017aniki otwar\u0107 i klikni\u0119\u0107 dzi\u0119ki sprawdzonym mechanizmom wysy\u0142ki.<\/span><\/li><li><span style=\"color: #6061f6;\"><b>Wiadomo\u015bci transakcyjne zawsze na czas:<\/b><\/span><span style=\"font-weight: 400;\"> Sprawna wysy\u0142ka potwierdze\u0144 i powiadomie\u0144 zwi\u0119ksza satysfakcj\u0119 klienta i zach\u0119ca do ponownych zakup\u00f3w.<\/span><\/li><li><span style=\"color: #6061f6;\"><b>Gotowo\u015b\u0107 na rozw\u00f3j:<\/b><\/span><span style=\"font-weight: 400;\"> Integracja otwiera drog\u0119 do wdro\u017cenia dodatkowych kana\u0142\u00f3w komunikacji w przysz\u0142o\u015bci: mobile push, RCS, Viber.<\/span><\/li><li><span style=\"color: #6061f6;\"><b>Wi\u0119cej mo\u017cliwo\u015bci w ramach IdoSell:<\/b><\/span><span style=\"font-weight: 400;\"> Rozszerz funkcjonalno\u015b\u0107 swojego sklepu o profesjonaln\u0105 infrastruktur\u0119 do komunikacji bez konieczno\u015bci inwestycji w osobne systemy.<\/span><\/li><\/ul>                    <\/div>                                            <\/div>            <div class=\"d-flex col-lg-6 align-items-center justify-content-center order-1 order-lg-2 justify-content-lg-center align-items-lg-center\">                <div class=\"acf-block-content-with-media__media-wrapper mw-100\">                    <img decoding=\"async\" width=\"768\" height=\"768\" src=\"https:\/\/messageflow.com\/wp-content\/uploads\/2025\/04\/hero-image-integrations_final-768x768.png\" class=\"adjustable-element mh-100\" alt=\"Messageflow integrations graphics\" srcset=\"https:\/\/messageflow.com\/wp-content\/uploads\/2025\/04\/hero-image-integrations_final-768x768.png 768w, https:\/\/messageflow.com\/wp-content\/uploads\/2025\/04\/hero-image-integrations_final-48x48.png 48w, https:\/\/messageflow.com\/wp-content\/uploads\/2025\/04\/hero-image-integrations_final-96x96.png 96w, https:\/\/messageflow.com\/wp-content\/uploads\/2025\/04\/hero-image-integrations_final-320x320.png 320w, https:\/\/messageflow.com\/wp-content\/uploads\/2025\/04\/hero-image-integrations_final-640x640.png 640w, https:\/\/messageflow.com\/wp-content\/uploads\/2025\/04\/hero-image-integrations_final-576x576.png 576w, https:\/\/messageflow.com\/wp-content\/uploads\/2025\/04\/hero-image-integrations_final-991x991.png 991w, https:\/\/messageflow.com\/wp-content\/uploads\/2025\/04\/hero-image-integrations_final-250x250.png 250w, https:\/\/messageflow.com\/wp-content\/uploads\/2025\/04\/hero-image-integrations_final.png 1068w\" sizes=\"(max-width: 768px) 100vw, 768px\" \/>                <\/div>            <\/div>        <\/div>    <\/div><\/section><section id=\"acf-block-accordion-block_c4fafa30663538c313bfd0e295b9d89b\" class=\"acf-block-accordion  c-mt-only-8 c-mb-0 bg-powder-purple c-pt-only-8 c-pb-only-8\">    <div class=\"container\">        <div class=\"row\">            <div class=\"col-lg-12 d-flex flex-column c-row-gap-only-5 \">                                    <div class=\"d-flex flex-column c-row-gap-only-4\">                        <div>                                    <h2 class=\"h3  text-primary-900 text-center\">        FAQ    <\/h2>                            <\/div>                                            <\/div>                                                    <div class=\"accordion js-accordion d-flex flex-column c-row-gap-only-2\" id=\"bootstrap-acf-block-accordion-block_c4fafa30663538c313bfd0e295b9d89b\">                                                                                                        <div id=\"question-1\" class=\"single-row js-single-row border border-gray-100 rounded-2 c-p-only-4 bg-white\">                                <div class=\"single-row__header\">                                    <h3 class=\"single-row__title position-relative\" id=\"heading1\">                                        <button class=\"single-row__button text-start d-block bg-transparent fw-semibold border-0 w-100 fz-18  c-pl-0\" type=\"button\" data-bs-toggle=\"collapse\" data-bs-target=\"#faq-1\" aria-expanded=\"true\" aria-controls=\"faq-1\">                                            Czy integracja MessageFlow z IdoSell wymaga umiej\u0119tno\u015bci technicznych?                                        <\/button>                                    <\/h3>                                <\/div>                                <div id=\"faq-1\" class=\"collapse js-collapse show\" aria-labelledby=\"heading1\" data-bs-parent=\"#bootstrap-acf-block-accordion-block_c4fafa30663538c313bfd0e295b9d89b\">                                    <div class=\"single-row__content entry-content c-mt-only-3 text-gray-700\">                                        <p><span style=\"font-weight: 400\">Nie, integracja MessageFlow z IdoSell nie wymaga umiej\u0119tno\u015bci technicznych. Wystarczy post\u0119powa\u0107 krok po kroku zgodnie z przygotowan\u0105 <a href=\"https:\/\/docs.messageflow.com\/pl\/centrum-pomocy\/integracje\/integracja-z-idosell\">instrukcj\u0105<\/a>.<\/span><\/p>                                    <\/div>                                <\/div>                            <\/div>                                                                                                            <div id=\"question-2\" class=\"single-row js-single-row border border-gray-100 rounded-2 c-p-only-4 bg-white\">                                <div class=\"single-row__header\">                                    <h3 class=\"single-row__title position-relative\" id=\"heading2\">                                        <button class=\"single-row__button text-start d-block bg-transparent fw-semibold border-0 w-100 fz-18 collapsed c-pl-0\" type=\"button\" data-bs-toggle=\"collapse\" data-bs-target=\"#faq-2\" aria-expanded=\"false\" aria-controls=\"faq-2\">                                            Czy wiadomo\u015bci, kt\u00f3re b\u0119d\u0119 wysy\u0142a\u0107, b\u0119d\u0105 podpisane moj\u0105 domen\u0105?                                        <\/button>                                    <\/h3>                                <\/div>                                <div id=\"faq-2\" class=\"collapse js-collapse\" aria-labelledby=\"heading2\" data-bs-parent=\"#bootstrap-acf-block-accordion-block_c4fafa30663538c313bfd0e295b9d89b\">                                    <div class=\"single-row__content entry-content c-mt-only-3 text-gray-700\">                                        <p><span style=\"font-weight: 400\">Tak, wiadomo\u015bci b\u0119d\u0105 podpisane domen\u0105 Klienta. <\/span><span style=\"font-weight: 400\">Aby to by\u0142o mo\u017cliwe, nale\u017cy zautoryzowa\u0107 domen\u0119 w panelu \u2013 <a href=\"https:\/\/docs.messageflow.com\/pl\/kanaly-komunikacji-w-panelu\/e-mail\/kampanie\/autoryzacja-domeny-i-nadawcow\">tutaj znajdziesz instrukcj\u0119<\/a>.<\/span><\/p>                                    <\/div>                                <\/div>                            <\/div>                                                                                                            <div id=\"question-3\" class=\"single-row js-single-row border border-gray-100 rounded-2 c-p-only-4 bg-white\">                                <div class=\"single-row__header\">                                    <h3 class=\"single-row__title position-relative\" id=\"heading3\">                                        <button class=\"single-row__button text-start d-block bg-transparent fw-semibold border-0 w-100 fz-18 collapsed c-pl-0\" type=\"button\" data-bs-toggle=\"collapse\" data-bs-target=\"#faq-3\" aria-expanded=\"false\" aria-controls=\"faq-3\">                                            Jak wygl\u0105da wsparcie techniczne po dokonaniu integracji?                                        <\/button>                                    <\/h3>                                <\/div>                                <div id=\"faq-3\" class=\"collapse js-collapse\" aria-labelledby=\"heading3\" data-bs-parent=\"#bootstrap-acf-block-accordion-block_c4fafa30663538c313bfd0e295b9d89b\">                                    <div class=\"single-row__content entry-content c-mt-only-3 text-gray-700\">                                        <p><span style=\"font-weight: 400\">W ka\u017cdej chwili mo\u017cesz skontaktowa\u0107 si\u0119 z naszym supportem <a href=\"mailto:support@messageflow.com\">support@messageflow.com<\/a>.<\/span><\/p>                                    <\/div>                                <\/div>                            <\/div>                                                                                                            <div id=\"question-4\" class=\"single-row js-single-row border border-gray-100 rounded-2 c-p-only-4 bg-white\">                                <div class=\"single-row__header\">                                    <h3 class=\"single-row__title position-relative\" id=\"heading4\">                                        <button class=\"single-row__button text-start d-block bg-transparent fw-semibold border-0 w-100 fz-18 collapsed c-pl-0\" type=\"button\" data-bs-toggle=\"collapse\" data-bs-target=\"#faq-4\" aria-expanded=\"false\" aria-controls=\"faq-4\">                                            Czy mog\u0119 \u015bledzi\u0107 statystyki wysy\u0142ek i wska\u017aniki dostarczalno\u015bci?                                        <\/button>                                    <\/h3>                                <\/div>                                <div id=\"faq-4\" class=\"collapse js-collapse\" aria-labelledby=\"heading4\" data-bs-parent=\"#bootstrap-acf-block-accordion-block_c4fafa30663538c313bfd0e295b9d89b\">                                    <div class=\"single-row__content entry-content c-mt-only-3 text-gray-700\">                                        <p><span style=\"font-weight: 400\">Tak, mo\u017cesz na bie\u017c\u0105co \u015bledzi\u0107 statystyki wysy\u0142ek oraz wska\u017aniki dostarczalno\u015bci w zak\u0142adce Raporty e-maili &#8211; <a href=\"https:\/\/docs.messageflow.com\/pl\/kanaly-api\/e-mail-api\/raport-e-maili\">tutaj znajdziesz instrukcj\u0119<\/a>.<\/span><\/p>                                    <\/div>                                <\/div>                            <\/div>                                                                        <\/div>                            <\/div>        <\/div>    <\/div><\/section><div class=\"container\"><div class=\"row\"><div class=\"col-12\"><div class=\"entry-content\"><p><\/p><\/div><\/div><\/div><\/div>","protected":false},"excerpt":{"rendered":"","protected":false},"author":11,"featured_media":0,"parent":10564,"menu_order":0,"comment_status":"closed","ping_status":"closed","template":"","meta":{"_acf_changed":false,"footnotes":""},"class_list":["post-10834","page","type-page","status-publish","hentry"],"acf":[],"_links":{"self":[{"href":"https:\/\/messageflow.com\/pl\/wp-json\/wp\/v2\/pages\/10834","targetHints":{"allow":["GET"]}}],"collection":[{"href":"https:\/\/messageflow.com\/pl\/wp-json\/wp\/v2\/pages"}],"about":[{"href":"https:\/\/messageflow.com\/pl\/wp-json\/wp\/v2\/types\/page"}],"author":[{"embeddable":true,"href":"https:\/\/messageflow.com\/pl\/wp-json\/wp\/v2\/users\/11"}],"replies":[{"embeddable":true,"href":"https:\/\/messageflow.com\/pl\/wp-json\/wp\/v2\/comments?post=10834"}],"version-history":[{"count":5,"href":"https:\/\/messageflow.com\/pl\/wp-json\/wp\/v2\/pages\/10834\/revisions"}],"predecessor-version":[{"id":15162,"href":"https:\/\/messageflow.com\/pl\/wp-json\/wp\/v2\/pages\/10834\/revisions\/15162"}],"up":[{"embeddable":true,"href":"https:\/\/messageflow.com\/pl\/wp-json\/wp\/v2\/pages\/10564"}],"wp:attachment":[{"href":"https:\/\/messageflow.com\/pl\/wp-json\/wp\/v2\/media?parent=10834"}],"curies":[{"name":"wp","href":"https:\/\/api.w.org\/{rel}","templated":true}]}}