{"id":10652,"date":"2025-04-14T11:06:28","date_gmt":"2025-04-14T11:06:28","guid":{"rendered":"https:\/\/messageflow.com\/?page_id=10652"},"modified":"2026-02-13T10:30:42","modified_gmt":"2026-02-13T10:30:42","slug":"integracja-messageflow-i-salesmanago","status":"publish","type":"page","link":"https:\/\/messageflow.com\/pl\/integracje\/integracja-messageflow-i-salesmanago\/","title":{"rendered":"Integracja MessageFlow i SALESmanago dla automatyzacji komunikacji marketingowej"},"content":{"rendered":"<section id=\"acf-block-hero-section-with-media-block_4dbf592cd26efbefe370f2139b55f7b6\" class=\"position-relative js-hero acf-block-hero-section-with-media  c-mb-0 c-pt-only-6\">    <div class=\"container\">                <h1 class=\"h1  text-primary-900 text-center acf-block-hero-section-with-media__title\">        Integracja MessageFlow i SALESmanago<br \/>dla automatyzacji komunikacji marketingowej<br \/>    <\/h1>                        <div class=\"row c-mt-only-5 c-mt-lg-7 c-pt-lg-3\">                <div class=\"col-lg-6 order-2 order-lg-1\">                                                                <div class=\"entry-content fz-18 text-gray-700 lh-1-5 c-mt-lg-only-5\">                            <p><span style=\"font-weight: 400;\">MessageFlow mo\u017cna od teraz zintegrowa\u0107 z popularn\u0105 platform\u0105 SALESmanago! Stanowi to kolejny wa\u017cny krok na naszej drodze do oferowania kompleksowych i skutecznych rozwi\u0105za\u0144 komunikacyjnych dla sektora e-commerce.<\/span><\/p>                        <\/div>                                    <\/div>                                    <div class=\"d-flex align-items-center justify-content-center justify-content-lg-end c-pt-lg-only-5 c-pt-xl-0 order-1 order-lg-2 col-lg-6\">                        <div class=\"acf-block-hero-section-with-media__media-wrapper acf-block-hero-section-with-media__media-wrapper--1 overflow-hidden c-mb-only-5 c-mb-lg-0 rounded-24px\">                                                        <img decoding=\"async\" width=\"768\" height=\"602\" src=\"https:\/\/messageflow.com\/wp-content\/uploads\/2025\/04\/SALESmanago_logo-2-768x602.png\" class=\"object-fit-cover w-100 h-100\" alt=\"SALESmanago logo\" srcset=\"https:\/\/messageflow.com\/wp-content\/uploads\/2025\/04\/SALESmanago_logo-2-768x602.png 768w, https:\/\/messageflow.com\/wp-content\/uploads\/2025\/04\/SALESmanago_logo-2-48x38.png 48w, https:\/\/messageflow.com\/wp-content\/uploads\/2025\/04\/SALESmanago_logo-2-96x75.png 96w, https:\/\/messageflow.com\/wp-content\/uploads\/2025\/04\/SALESmanago_logo-2-320x251.png 320w, https:\/\/messageflow.com\/wp-content\/uploads\/2025\/04\/SALESmanago_logo-2-640x501.png 640w, https:\/\/messageflow.com\/wp-content\/uploads\/2025\/04\/SALESmanago_logo-2-576x451.png 576w, https:\/\/messageflow.com\/wp-content\/uploads\/2025\/04\/SALESmanago_logo-2-991x776.png 991w, https:\/\/messageflow.com\/wp-content\/uploads\/2025\/04\/SALESmanago_logo-2.png 1080w\" sizes=\"(max-width: 768px) 100vw, 768px\" \/>                        <\/div>                    <\/div>                            <\/div>            <\/div><\/section>    <div id=\"acf-block-default-content-block_1d2f3d39a94f89646524fc2c2196751b\" class=\"acf-block-default-content  bg-white text-gray-700  c-mt-0 c-mb-only-8\">        <div class=\"container\">            <div class=\"entry-content lh-1-75  entry-content--18\">                <h2><b>Czym jest SALESmanago?<\/b><\/h2><p><strong>SALESmanago to platforma customer engagement, kt\u00f3ra wspiera firmy z bran\u017cy e-commerce w zwi\u0119kszaniu sprzeda\u017cy.<\/strong> Robi to poprzez umo\u017cliwienie im dok\u0142adnego zrozumienia ich klient\u00f3w oraz personalizacj\u0119 komunikacji.<\/p><p>\u0141\u0105czy ona w sobie funkcje customer data platform i marketing automation, pozwalaj\u0105c na zbieranie danych w czasie rzeczywistym oraz automatyzacj\u0119 dzia\u0142a\u0144 marketingowych. Z jej rozwi\u0105za\u0144 korzysta ponad 2000 firm w 50 krajach, w tym szereg globalnych marek.<\/p><h2><b>Korzy\u015bci z integracji MessageFlow z SALESmanago<\/b><\/h2><p>Integracja MessageFlow z SALESmanago otwiera nowe mo\u017cliwo\u015bci dla firm e-commerce, kt\u00f3re chc\u0105 prowadzi\u0107 sp\u00f3jn\u0105 i skuteczn\u0105 komunikacj\u0119 z klientami. <strong>Dzi\u0119ki pe\u0142nej automatyzacji wysy\u0142ki SMS-\u00f3w oraz e-maili poprzez SMTP mo\u017cliwe jest szybkie i precyzyjne docieranie do odbiorc\u00f3w z odpowiednimi tre\u015bciami w odpowiednim czasie.<\/strong><\/p><p>Synchronizacja komunikacji z kampaniami prowadzonymi w SALESmanago pozwala na pe\u0142n\u0105 kontrol\u0119 nad ca\u0142ym procesem marketingowym z poziomu jednej platformy. Dodatkowo integracja umo\u017cliwia wykorzystanie danych behawioralnych i transakcyjnych do personalizacji komunikat\u00f3w, co realnie wp\u0142ywa na wzrost zaanga\u017cowania i sprzeda\u017cy. Ca\u0142o\u015b\u0107 przek\u0142ada si\u0119 na wygod\u0119, skuteczno\u015b\u0107 i pe\u0142n\u0105 synergi\u0119 dzia\u0142a\u0144 marketingowych w ramach jednej platformy.<\/p><h2><b>Jak skorzysta\u0107 z integracji?<\/b><\/h2><p>Je\u017celi chcesz zintegrowa\u0107 MessageFlow z SALESmanago, skontaktuj si\u0119 z nami pod adresem <a href=\"mailto:support@messageflow.com\">support@messageflow.com<\/a> i za\u0142\u00f3\u017c swoje konto.<\/p><p>Nast\u0119pnie, w panelu SALESmanago, przejd\u017a do zak\u0142adki Ustawienia &gt; Integracje &gt; Bramka SMS i wybierz us\u0142ug\u0119 MessageFlow. Doko\u0144cz konfiguracj\u0119, podaj\u0105c klucze API w wyznaczonym polu. Dzi\u0119ki poprawnemu skonfigurowaniu kluczy API po\u0142\u0105czenie kont w SALESmanago stanie si\u0119 aktywne i b\u0119dziesz w stanie korzysta\u0107 z integracji MessageFlow.<\/p>            <\/div>        <\/div>    <\/div><section id=\"acf-block-text-call-to-action-with-logo-block_1b71513792ffd20c733570ad88bae7c4\" class=\"text-call-to-action-with-logo acf-block-text-call-to-action-with-logo  c-pt-only-8 c-pb-only-8 bg-primary-900\">    <div class=\"container\">        <div class=\"row\">            <div class=\"col-lg-8 c-pr-lg-0 d-flex flex-column c-row-gap-only-5\">                                    <a href=\"https:\/\/messageflow.com\/pl\/\"                        class=\"text-call-to-action-with-logo__logo hover-opacity-0-75\">                        <object type=\"image\/svg+xml\" data=\"https:\/\/messageflow.com\/wp-content\/uploads\/2024\/08\/logo-white.svg\" class=\"w-100 h-100 d-block object-fit-cover\"><\/object>                    <\/a>                                        <h2 class=\"h3  text-white text-start\">        Wybierz <span class=\"text-accent-green-500\">kompleksowe rozwi\u0105zanie<\/span> dla komunikacji wielokana\u0142owej    <\/h2>                        <div class=\"d-flex align-items-center gap-3\">                                <div class=\"crunch-button-wrapper c-mt-0\">            <a href=\"https:\/\/messageflow.com\/pl\/zarezerwuj-demo\/\" class=\"crunch-button crunch-button__full-background crunch-button__full-background--accent-yellow-color crunch-button__full-background--medium\" target=\"_self\">Zarezerwuj demo<\/a>        <\/div>                        <\/div>            <\/div>        <\/div>    <\/div><\/section><div class=\"text-call-to-action-with-logo__decor w-100\"><\/div>","protected":false},"excerpt":{"rendered":"","protected":false},"author":11,"featured_media":0,"parent":10564,"menu_order":0,"comment_status":"closed","ping_status":"closed","template":"","meta":{"_acf_changed":false,"footnotes":""},"class_list":["post-10652","page","type-page","status-publish","hentry"],"acf":[],"_links":{"self":[{"href":"https:\/\/messageflow.com\/pl\/wp-json\/wp\/v2\/pages\/10652","targetHints":{"allow":["GET"]}}],"collection":[{"href":"https:\/\/messageflow.com\/pl\/wp-json\/wp\/v2\/pages"}],"about":[{"href":"https:\/\/messageflow.com\/pl\/wp-json\/wp\/v2\/types\/page"}],"author":[{"embeddable":true,"href":"https:\/\/messageflow.com\/pl\/wp-json\/wp\/v2\/users\/11"}],"replies":[{"embeddable":true,"href":"https:\/\/messageflow.com\/pl\/wp-json\/wp\/v2\/comments?post=10652"}],"version-history":[{"count":6,"href":"https:\/\/messageflow.com\/pl\/wp-json\/wp\/v2\/pages\/10652\/revisions"}],"predecessor-version":[{"id":15170,"href":"https:\/\/messageflow.com\/pl\/wp-json\/wp\/v2\/pages\/10652\/revisions\/15170"}],"up":[{"embeddable":true,"href":"https:\/\/messageflow.com\/pl\/wp-json\/wp\/v2\/pages\/10564"}],"wp:attachment":[{"href":"https:\/\/messageflow.com\/pl\/wp-json\/wp\/v2\/media?parent=10652"}],"curies":[{"name":"wp","href":"https:\/\/api.w.org\/{rel}","templated":true}]}}