{"id":10564,"date":"2025-04-08T14:55:17","date_gmt":"2025-04-08T14:55:17","guid":{"rendered":"https:\/\/messageflow.com\/integrations\/"},"modified":"2025-10-23T07:32:55","modified_gmt":"2025-10-23T07:32:55","slug":"integracje","status":"publish","type":"page","link":"https:\/\/messageflow.com\/pl\/integracje\/","title":{"rendered":"Integracje"},"content":{"rendered":"<section id=\"acf-block-hero-section-with-media-block_d39fe74199cfed118aebc3a4827f4589\" class=\"position-relative js-hero acf-block-hero-section-with-media  c-mb-only-6  c-pt-only-6\">    <div class=\"container\">                            <div class=\"row\">                <div class=\"col-lg-6\">                            <h1 class=\"h1  text-primary-900 text-start\">        Zwi\u0119ksz skuteczno\u015b\u0107 narz\u0119dzi, z kt\u00f3rych ju\u017c korzystasz    <\/h1>                                                <div class=\"entry-content fz-18 text-gray-700 lh-1-5 c-mt-lg-only-5 c-mt-only-4\">                            <p><span style=\"font-weight: 400;\">MessageFlow z \u0142atwo\u015bci\u0105 \u0142\u0105czy si\u0119 z platformami, kt\u00f3re znasz i cenisz. Nasza integracja pomaga usprawni\u0107 komunikacj\u0119, zautomatyzowa\u0107 procesy marketingowe i sprawnie skalowa\u0107 zaanga\u017cowanie odbiorc\u00f3w. Wspieramy Twoje dzia\u0142ania w obszarach zarz\u0105dzania kampaniami, analizy wynik\u00f3w, czy synchronizacji danych klient\u00f3w, aby\u015b m\u00f3g\u0142 pracowa\u0107 szybciej i m\u0105drzej. Poni\u017cej znajdziesz narz\u0119dzia, dla kt\u00f3rych oferujemy gotowe integracje rozszerzaj\u0105ce ich mo\u017cliwo\u015bci.<\/span><\/p>                        <\/div>                                    <\/div>                                    <div class=\"d-flex align-items-center justify-content-center justify-content-lg-end c-pt-lg-only-5 c-pt-xl-0  col-lg-6\">                        <div class=\"acf-block-hero-section-with-media__media-wrapper acf-block-hero-section-with-media__media-wrapper--2 c-mt-only-5 c-mt-lg-0\">                                                        <img decoding=\"async\" width=\"768\" height=\"768\" src=\"https:\/\/messageflow.com\/wp-content\/uploads\/2025\/04\/hero-image-integrations_final-768x768.png\" class=\"object-fit-cover w-100 h-100\" alt=\"Messageflow integrations graphics\" srcset=\"https:\/\/messageflow.com\/wp-content\/uploads\/2025\/04\/hero-image-integrations_final-768x768.png 768w, https:\/\/messageflow.com\/wp-content\/uploads\/2025\/04\/hero-image-integrations_final-48x48.png 48w, https:\/\/messageflow.com\/wp-content\/uploads\/2025\/04\/hero-image-integrations_final-96x96.png 96w, https:\/\/messageflow.com\/wp-content\/uploads\/2025\/04\/hero-image-integrations_final-320x320.png 320w, https:\/\/messageflow.com\/wp-content\/uploads\/2025\/04\/hero-image-integrations_final-640x640.png 640w, https:\/\/messageflow.com\/wp-content\/uploads\/2025\/04\/hero-image-integrations_final-576x576.png 576w, https:\/\/messageflow.com\/wp-content\/uploads\/2025\/04\/hero-image-integrations_final-991x991.png 991w, https:\/\/messageflow.com\/wp-content\/uploads\/2025\/04\/hero-image-integrations_final-250x250.png 250w, https:\/\/messageflow.com\/wp-content\/uploads\/2025\/04\/hero-image-integrations_final.png 1068w\" sizes=\"(max-width: 768px) 100vw, 768px\" \/>                        <\/div>                    <\/div>                            <\/div>            <\/div><\/section><section id=\"acf-block-cards-block_a28e063694edaa5a7866783817970dfb\" class=\"acf-block-cards  c-mt-only-9  c-mb-0 bg-gray-50 c-py-only-8\">    <div class=\"container\">        <div class=\"row row--spacing-lg-24px c-row-gap-only-6 justify-content-center justify-content-lg-start\">            <div>                            <\/div>                            <div class=\"col-md-4 col-lg-3\">                    <div class=\"bg-white h-100 d-flex flex-column c-row-gap-only-3 c-p-only-4 rounded-24px\">                                                    <div class=\"aspect-ratio-1-45 mw-100\">                                                                    <img decoding=\"async\" width=\"576\" height=\"403\" src=\"https:\/\/messageflow.com\/wp-content\/uploads\/2025\/03\/IdoSell_integracje_logo.png\" class=\"w-100 h-100 object-fit-cover\" alt=\"IdoSell logo\" srcset=\"https:\/\/messageflow.com\/wp-content\/uploads\/2025\/03\/IdoSell_integracje_logo.png 576w, https:\/\/messageflow.com\/wp-content\/uploads\/2025\/03\/IdoSell_integracje_logo-48x34.png 48w, https:\/\/messageflow.com\/wp-content\/uploads\/2025\/03\/IdoSell_integracje_logo-96x67.png 96w, https:\/\/messageflow.com\/wp-content\/uploads\/2025\/03\/IdoSell_integracje_logo-320x224.png 320w\" sizes=\"(max-width: 576px) 100vw, 576px\" \/>                                                            <\/div>                                                <h2 class=\"fz-20 fw-semibold\">                            IdoSell                        <\/h2>                                                    <div class=\"d-flex flex-column c-row-gap-only-3 fz-16 fw-semibold\">                                <div class=\"d-flex flex-column c-row-gap-only-3 fz-16 fw-semibold\"><p style=\"font-weight: normal;\">Zwi\u0119ksz mo\u017cliwo\u015bci swojego sklepu oraz popraw do\u015bwiadczenie klienta dzi\u0119ki celnym i dostarczanym na czas wiadomo\u015bciom e-mail.<\/p><p><a href=\"https:\/\/messageflow.com\/pl\/integracje\/idosell\/\" target=\"_blank\" rel=\"noopener noreferrer\" style=\"color: #6061F6; text-decoration: none;\">Dowiedz si\u0119 wi\u0119cej \u2192<\/a><\/p><\/div>                                                            <\/div>                                            <\/div>                <\/div>                            <div class=\"col-md-4 col-lg-3\">                    <div class=\"bg-white h-100 d-flex flex-column c-row-gap-only-3 c-p-only-4 rounded-24px\">                                                    <div class=\"aspect-ratio-1-45 mw-100\">                                                                    <img decoding=\"async\" width=\"576\" height=\"403\" src=\"https:\/\/messageflow.com\/wp-content\/uploads\/2025\/07\/Loyalty_Point_logo_integracje.png\" class=\"w-100 h-100 object-fit-cover\" alt=\"\" srcset=\"https:\/\/messageflow.com\/wp-content\/uploads\/2025\/07\/Loyalty_Point_logo_integracje.png 576w, https:\/\/messageflow.com\/wp-content\/uploads\/2025\/07\/Loyalty_Point_logo_integracje-48x34.png 48w, https:\/\/messageflow.com\/wp-content\/uploads\/2025\/07\/Loyalty_Point_logo_integracje-96x67.png 96w, https:\/\/messageflow.com\/wp-content\/uploads\/2025\/07\/Loyalty_Point_logo_integracje-320x224.png 320w\" sizes=\"(max-width: 576px) 100vw, 576px\" \/>                                                            <\/div>                                                <h2 class=\"fz-20 fw-semibold\">                            Loyalty Point                        <\/h2>                                                    <div class=\"d-flex flex-column c-row-gap-only-3 fz-16 fw-semibold\">                                <div class=\"d-flex flex-column c-row-gap-only-3 fz-16 fw-semibold\"><p style=\"font-weight: normal;\">Projektuj i zarz\u0105dzaj programami lojalno\u015bciowymi wspieranymi danymi, aby zwi\u0119kszy\u0107 zaanga\u017cowanie i warto\u015b\u0107 klienta w kana\u0142ach komunikacji.<\/p><\/div>                                                            <\/div>                                            <\/div>                <\/div>                            <div class=\"col-md-4 col-lg-3\">                    <div class=\"bg-white h-100 d-flex flex-column c-row-gap-only-3 c-p-only-4 rounded-24px\">                                                    <div class=\"aspect-ratio-1-45 mw-100\">                                                                    <object type=\"image\/svg+xml\" data=\"https:\/\/messageflow.com\/wp-content\/uploads\/2025\/06\/Azure_logo.svg\" class=\"w-100 h-100 object-fit-cover\"><\/object>                                                            <\/div>                                                <h2 class=\"fz-20 fw-semibold\">                            Microsoft Azure Marketplace                        <\/h2>                                                    <div class=\"d-flex flex-column c-row-gap-only-3 fz-16 fw-semibold\">                                <div class=\"d-flex flex-column c-row-gap-only-3 fz-16 fw-semibold\"><p style=\"font-weight: normal;\">W\u0142\u0105cz komunikacj\u0119 wielokana\u0142ow\u0105 do swojego stacku technologicznego i us\u0142ug przy pomocy jednego RESTful API.<\/p><p><a href=\"https:\/\/messageflow.com\/pl\/partnerstwo\/microsoft-azure-marketplace\/\" target=\"_blank\" rel=\"noopener noreferrer\" style=\"color: #6061F6; text-decoration: none;\">Dowiedz si\u0119 wi\u0119cej \u2192<\/a><\/p><\/div>                                                            <\/div>                                            <\/div>                <\/div>                            <div class=\"col-md-4 col-lg-3\">                    <div class=\"bg-white h-100 d-flex flex-column c-row-gap-only-3 c-p-only-4 rounded-24px\">                                                    <div class=\"aspect-ratio-1-45 mw-100\">                                                                    <img decoding=\"async\" width=\"576\" height=\"403\" src=\"https:\/\/messageflow.com\/wp-content\/uploads\/2025\/03\/Salesforce_integracje_logo.png\" class=\"w-100 h-100 object-fit-cover\" alt=\"Salesforce logo\" srcset=\"https:\/\/messageflow.com\/wp-content\/uploads\/2025\/03\/Salesforce_integracje_logo.png 576w, https:\/\/messageflow.com\/wp-content\/uploads\/2025\/03\/Salesforce_integracje_logo-48x34.png 48w, https:\/\/messageflow.com\/wp-content\/uploads\/2025\/03\/Salesforce_integracje_logo-96x67.png 96w, https:\/\/messageflow.com\/wp-content\/uploads\/2025\/03\/Salesforce_integracje_logo-320x224.png 320w\" sizes=\"(max-width: 576px) 100vw, 576px\" \/>                                                            <\/div>                                                <h2 class=\"fz-20 fw-semibold\">                            Salesforce                        <\/h2>                                                    <div class=\"d-flex flex-column c-row-gap-only-3 fz-16 fw-semibold\">                                <div class=\"d-flex flex-column c-row-gap-only-3 fz-16 fw-semibold\"><p style=\"font-weight: normal;\">Anga\u017cuj\u0105ca, dostarczana na czas marketingowa i transakcyjna globalna komunikacja SMS, kt\u00f3r\u0105 zarz\u0105dzasz z jednego miejsca.<\/p><\/div>                                                            <\/div>                                            <\/div>                <\/div>                            <div class=\"col-md-4 col-lg-3\">                    <div class=\"bg-white h-100 d-flex flex-column c-row-gap-only-3 c-p-only-4 rounded-24px\">                                                    <div class=\"aspect-ratio-1-45 mw-100\">                                                                    <img decoding=\"async\" width=\"576\" height=\"403\" src=\"https:\/\/messageflow.com\/wp-content\/uploads\/2025\/03\/Salesmanago_integracje_logo.png\" class=\"w-100 h-100 object-fit-cover\" alt=\"Salesmanago logo\" srcset=\"https:\/\/messageflow.com\/wp-content\/uploads\/2025\/03\/Salesmanago_integracje_logo.png 576w, https:\/\/messageflow.com\/wp-content\/uploads\/2025\/03\/Salesmanago_integracje_logo-48x34.png 48w, https:\/\/messageflow.com\/wp-content\/uploads\/2025\/03\/Salesmanago_integracje_logo-96x67.png 96w, https:\/\/messageflow.com\/wp-content\/uploads\/2025\/03\/Salesmanago_integracje_logo-320x224.png 320w\" sizes=\"(max-width: 576px) 100vw, 576px\" \/>                                                            <\/div>                                                <h2 class=\"fz-20 fw-semibold\">                            Salesmanago                        <\/h2>                                                    <div class=\"d-flex flex-column c-row-gap-only-3 fz-16 fw-semibold\">                                <div class=\"d-flex flex-column c-row-gap-only-3 fz-16 fw-semibold\"><p style=\"font-weight: normal;\">Zautomatyzuj wysy\u0142k\u0119 SMS-\u00f3w i e-maili oraz zsynchronizuj j\u0105 z innymi dzia\u0142aniami marketingowymi w ramach jednej platformy.<\/p><\/div>                                                            <\/div>                                            <\/div>                <\/div>                            <div class=\"col-md-4 col-lg-3\">                    <div class=\"bg-white h-100 d-flex flex-column c-row-gap-only-3 c-p-only-4 rounded-24px\">                                                    <div class=\"aspect-ratio-1-45 mw-100\">                                                                    <img decoding=\"async\" width=\"576\" height=\"403\" src=\"https:\/\/messageflow.com\/wp-content\/uploads\/2025\/03\/Simon_Data_integracje_logo.png\" class=\"w-100 h-100 object-fit-cover\" alt=\"Simon Data integracje logo\" srcset=\"https:\/\/messageflow.com\/wp-content\/uploads\/2025\/03\/Simon_Data_integracje_logo.png 576w, https:\/\/messageflow.com\/wp-content\/uploads\/2025\/03\/Simon_Data_integracje_logo-48x34.png 48w, https:\/\/messageflow.com\/wp-content\/uploads\/2025\/03\/Simon_Data_integracje_logo-96x67.png 96w, https:\/\/messageflow.com\/wp-content\/uploads\/2025\/03\/Simon_Data_integracje_logo-320x224.png 320w\" sizes=\"(max-width: 576px) 100vw, 576px\" \/>                                                            <\/div>                                                <h2 class=\"fz-20 fw-semibold\">                            Simon Data                        <\/h2>                                                    <div class=\"d-flex flex-column c-row-gap-only-3 fz-16 fw-semibold\">                                <div class=\"d-flex flex-column c-row-gap-only-3 fz-16 fw-semibold\"><p style=\"font-weight: normal;\">Segmentuj swoje grupy docelowe i prowad\u017a z nimi komunikacj\u0119 wielokana\u0142ow\u0105 wykorzystuj\u0105c\u0105 wiadomo\u015bci SMS i mobile push.<\/p><\/div>                                                            <\/div>                                            <\/div>                <\/div>                            <div class=\"col-md-4 col-lg-3\">                    <div class=\"bg-white h-100 d-flex flex-column c-row-gap-only-3 c-p-only-4 rounded-24px\">                                                    <div class=\"aspect-ratio-1-45 mw-100\">                                                                    <img decoding=\"async\" width=\"576\" height=\"403\" src=\"https:\/\/messageflow.com\/wp-content\/uploads\/2025\/03\/Synerise_integracje_logo.png\" class=\"w-100 h-100 object-fit-cover\" alt=\"Synerise logo\" srcset=\"https:\/\/messageflow.com\/wp-content\/uploads\/2025\/03\/Synerise_integracje_logo.png 576w, https:\/\/messageflow.com\/wp-content\/uploads\/2025\/03\/Synerise_integracje_logo-48x34.png 48w, https:\/\/messageflow.com\/wp-content\/uploads\/2025\/03\/Synerise_integracje_logo-96x67.png 96w, https:\/\/messageflow.com\/wp-content\/uploads\/2025\/03\/Synerise_integracje_logo-320x224.png 320w\" sizes=\"(max-width: 576px) 100vw, 576px\" \/>                                                            <\/div>                                                <h2 class=\"fz-20 fw-semibold\">                            Synerise                        <\/h2>                                                    <div class=\"d-flex flex-column c-row-gap-only-3 fz-16 fw-semibold\">                                <div class=\"d-flex flex-column c-row-gap-only-3 fz-16 fw-semibold\"><p style=\"font-weight: normal;\">Ustawiaj i zarz\u0105dzaj kampaniami SMS obejmuj\u0105cymi wiadomo\u015bci marketingowe oraz transakcyjne wysy\u0142ane w odpowiedzi na dzia\u0142ania klient\u00f3w.<\/p><p><a href=\"https:\/\/messageflow.com\/pl\/integracje\/synerise\/\" target=\"_blank\" rel=\"noopener noreferrer\" style=\"color: #6061F6; text-decoration: none;\">Dowiedz si\u0119 wi\u0119cej \u2192<\/a><\/p><\/div>                                                            <\/div>                                            <\/div>                <\/div>                            <div class=\"col-md-4 col-lg-3\">                    <div class=\"bg-white h-100 d-flex flex-column c-row-gap-only-3 c-p-only-4 rounded-24px\">                                                    <div class=\"aspect-ratio-1-45 mw-100\">                                                                    <img decoding=\"async\" width=\"576\" height=\"403\" src=\"https:\/\/messageflow.com\/wp-content\/uploads\/2025\/03\/User.com_integracje_logo.png\" class=\"w-100 h-100 object-fit-cover\" alt=\"User.com logo\" srcset=\"https:\/\/messageflow.com\/wp-content\/uploads\/2025\/03\/User.com_integracje_logo.png 576w, https:\/\/messageflow.com\/wp-content\/uploads\/2025\/03\/User.com_integracje_logo-48x34.png 48w, https:\/\/messageflow.com\/wp-content\/uploads\/2025\/03\/User.com_integracje_logo-96x67.png 96w, https:\/\/messageflow.com\/wp-content\/uploads\/2025\/03\/User.com_integracje_logo-320x224.png 320w\" sizes=\"(max-width: 576px) 100vw, 576px\" \/>                                                            <\/div>                                                <h2 class=\"fz-20 fw-semibold\">                            User.com                        <\/h2>                                                    <div class=\"d-flex flex-column c-row-gap-only-3 fz-16 fw-semibold\">                                <div class=\"d-flex flex-column c-row-gap-only-3 fz-16 fw-semibold\"><p style=\"font-weight: normal;\">Zwi\u0119ksz satysfakcj\u0119 i zaanga\u017cowanie u\u017cytkownik\u00f3w oraz konwersje na ka\u017cdym etapie lejka dzi\u0119ki zautomatyzowanym wiadomo\u015bciom SMS i e-mail.<\/p><\/div>                                                            <\/div>                                            <\/div>                <\/div>                    <\/div>    <\/div><\/section><section id=\"acf-block-call-to-action-with-small-image-block_16ed5fd211161fda6d1c364017cf382b\" class=\"acf-block-call-to-action-with-small-image    bg-primary-50 c-pt-only-8 c-pb-only-8\" >    <div class=\"container d-flex flex-column align-items-center justify-content-center\">        <div class=\"col-md-9 col-lg-7 d-flex flex-column align-items-center justify-content-center c-row-gap-only-5 text-center\">                        <div class=\"d-flex flex-column gap-12px\">                        <h2 class=\"h3  text-primary-900 text-center\">        Zwi\u0119ksz zasi\u0119g z MessageFlow    <\/h2>                                                    <div class=\"entry-content text-gray-700\">                        <p><span style=\"font-weight: 400;\">Usprawnij swoj\u0105 strategi\u0119 komunikacji, kluczow\u0105 dla budowania lojalno\u015bci i zaanga\u017cowania klient\u00f3w. Po\u0142\u0105cz MessageFlow z platform\u0105, kt\u00f3rej ju\u017c u\u017cywasz, aby automatyzowa\u0107, skalowa\u0107 i personalizowa\u0107 do\u015bwiadczenia klient\u00f3w w wielu kana\u0142ach.<\/span><\/p>                    <\/div>                            <\/div>                        <div class=\"d-flex c-column-gap-only-4 c-row-gap-only-3 align-items-center flex-wrap justify-content-center\">                        <div class=\"crunch-button-wrapper c-mt-0\">            <a href=\"https:\/\/messageflow.com\/pl\/zarezerwuj-demo\/\" class=\"crunch-button crunch-button__full-background crunch-button__full-background--accent-yellow-color crunch-button__full-background--medium\" target=\"_self\">Um\u00f3w si\u0119 na demo<\/a>        <\/div>                                <\/div>        <\/div>    <\/div><\/section>","protected":false},"excerpt":{"rendered":"","protected":false},"author":11,"featured_media":0,"parent":0,"menu_order":0,"comment_status":"closed","ping_status":"closed","template":"","meta":{"_acf_changed":false,"footnotes":""},"class_list":["post-10564","page","type-page","status-publish","hentry"],"acf":[],"_links":{"self":[{"href":"https:\/\/messageflow.com\/pl\/wp-json\/wp\/v2\/pages\/10564","targetHints":{"allow":["GET"]}}],"collection":[{"href":"https:\/\/messageflow.com\/pl\/wp-json\/wp\/v2\/pages"}],"about":[{"href":"https:\/\/messageflow.com\/pl\/wp-json\/wp\/v2\/types\/page"}],"author":[{"embeddable":true,"href":"https:\/\/messageflow.com\/pl\/wp-json\/wp\/v2\/users\/11"}],"replies":[{"embeddable":true,"href":"https:\/\/messageflow.com\/pl\/wp-json\/wp\/v2\/comments?post=10564"}],"version-history":[{"count":10,"href":"https:\/\/messageflow.com\/pl\/wp-json\/wp\/v2\/pages\/10564\/revisions"}],"predecessor-version":[{"id":15467,"href":"https:\/\/messageflow.com\/pl\/wp-json\/wp\/v2\/pages\/10564\/revisions\/15467"}],"wp:attachment":[{"href":"https:\/\/messageflow.com\/pl\/wp-json\/wp\/v2\/media?parent=10564"}],"curies":[{"name":"wp","href":"https:\/\/api.w.org\/{rel}","templated":true}]}}