{"id":10090,"date":"2025-03-25T14:36:16","date_gmt":"2025-03-25T14:36:16","guid":{"rendered":"https:\/\/messageflow.com\/?page_id=10090"},"modified":"2025-11-26T12:37:50","modified_gmt":"2025-11-26T12:37:50","slug":"marketing-konwersacyjny-2025","status":"publish","type":"page","link":"https:\/\/messageflow.com\/pl\/marketing-konwersacyjny-2025\/","title":{"rendered":"Przewodnik po marketingu konwersacyjnym 2025"},"content":{"rendered":"<section id=\"acf-block-hero-section-with-media-block_329710b1594d4de833fe7d9194dce986\" class=\"position-relative js-hero acf-block-hero-section-with-media  c-mb-only-6 c-pt-only-6\">    <div class=\"container\">            <span class=\"h6 d-block text-primary-300 text-center\">ZWI\u0118KSZ KONWERSJ\u0118 I SPRZEDA\u017b<\/span>        <h1 class=\"h1 c-mt-20px text-primary-900 text-center acf-block-hero-section-with-media__title\">        Pobierz nasz e-book o <br \/><span class=\"text-primary-300\">marketingu konwersacyjnym!<\/span>    <\/h1>                        <div class=\"row c-mt-only-5 c-mt-lg-7 c-pt-lg-3\">                <div class=\"col-lg-6 order-2 order-lg-1\">                                                                <div class=\"entry-content fz-18 text-gray-700 lh-1-5 c-mt-lg-only-5\">                            <p><span style=\"font-weight: 400;\">Nasz autorski e-book to <em><strong>niezb\u0119dne kompendium wiedzy dla ka\u017cdego marketera<\/strong><\/em>, kt\u00f3ry chce wykorzysta\u0107 pe\u0142en potencja\u0142 marketingu konwersacyjnego w strategii swojej firmy.\u00a0<\/span><\/p><p>Przedstawiamy w nim konkretne rozwi\u0105zania i taktyki, kt\u00f3re pozwol\u0105 Ci <em><strong>zwi\u0119kszy\u0107 konwersj\u0119 o nawet 40%<\/strong><\/em> i zbudowa\u0107 g\u0142\u0119bsze relacje z klientami.<\/p>                        <\/div>                    <div class=\"d-flex gap-3 flex-wrap align-items-end\">        <div class=\"crunch-button-wrapper c-mt-0\">            <a href=\"#form\" class=\"crunch-button crunch-button__full-background crunch-button__full-background--accent-yellow-color crunch-button__full-background--medium c-mt-only-4 c-mt-lg-only-5\" target=\"_self\">Pobierz za darmo!<\/a>        <\/div>    <\/div>                <\/div>                                    <div class=\"d-flex align-items-center justify-content-center justify-content-lg-end c-pt-lg-only-5 c-pt-xl-0 order-1 order-lg-2 col-lg-6\">                        <div class=\"acf-block-hero-section-with-media__media-wrapper acf-block-hero-section-with-media__media-wrapper--1 overflow-hidden c-mb-only-5 c-mb-lg-0 rounded-24px\">                                                        <img decoding=\"async\" width=\"540\" height=\"405\" src=\"https:\/\/messageflow.com\/wp-content\/uploads\/2025\/03\/Mockup-3.png\" class=\"object-fit-cover w-100 h-100\" alt=\"Ok\u0142adka ksi\u0105\u017cka - Tw\u00f3j przewodnik po Marketingu Konwersacyjnym 2025\" srcset=\"https:\/\/messageflow.com\/wp-content\/uploads\/2025\/03\/Mockup-3.png 540w, https:\/\/messageflow.com\/wp-content\/uploads\/2025\/03\/Mockup-3-48x36.png 48w, https:\/\/messageflow.com\/wp-content\/uploads\/2025\/03\/Mockup-3-96x72.png 96w, https:\/\/messageflow.com\/wp-content\/uploads\/2025\/03\/Mockup-3-320x240.png 320w\" sizes=\"(max-width: 540px) 100vw, 540px\" \/>                        <\/div>                    <\/div>                            <\/div>            <\/div><\/section><section id=\"acf-block-list-with-image-block_26289eb3d20559ae108f42b4619380df\" class=\"acf-block-list-with-image  c-mt-9 c-mb-9 bg-gray-50 c-pt-only-8 c-pb-only-8\">    <div class=\"container\">                <h2 class=\"h2  text-primary-900 text-center br-lg-up\">        Najlepsze porady i eksperci w jednym e-booku    <\/h2>                        <div class=\"row c-row-gap-only-6 c-mt-only-6\">                <div class=\"col-lg-6 d-flex flex-column c-row-gap-only-5 order-1\">                        <ul class=\"list-with-ticks list-unstyled d-flex flex-column justify-content-start align-items-start fz-18 list-with-ticks--18 fw-medium\">                    <li class=\"list-with-ticks__item position-relative\">                                <span class=\"text-gray-700\">Szczeg\u00f3\u0142owy przewodnik po kluczowych kana\u0142ach marketingu konwersacyjnego.<\/span>            <\/li>                    <li class=\"list-with-ticks__item position-relative\">                                <span class=\"text-gray-700\">Kompleksowy przegl\u0105d ekosystemu platform komunikacyjnych w 2025 roku.<\/span>            <\/li>                    <li class=\"list-with-ticks__item position-relative\">                                <span class=\"text-gray-700\">Strategia ochrony bezpiecze\u0144stwa danych w kontek\u015bcie rosn\u0105cych wymaga\u0144 regulacyjnych i oczekiwa\u0144 klient\u00f3w<\/span>            <\/li>                    <li class=\"list-with-ticks__item position-relative\">                                <span class=\"text-gray-700\">&#8230; i wiele wi\u0119cej!<\/span>            <\/li>            <\/ul>                                            <div class=\"entry-content text-gray-700\">                            <p><span style=\"font-weight: 400;\">Ten kompleksowy przewodnik po marketingu konwersacyjnym jest efektem wsp\u00f3\u0142pracy z czo\u0142owymi specjalistami z <\/span><a href=\"https:\/\/webmetric.com\/\" target=\"_blank\" rel=\"noopener\"><b>Webmetric<\/b><\/a><span style=\"font-weight: 400;\">, <\/span><a href=\"https:\/\/maxroy.agency\/\" target=\"_blank\" rel=\"noopener\"><b>maxroy<\/b><\/a><span style=\"font-weight: 400;\">, <\/span><a href=\"https:\/\/www.themomentum.ai\/\" target=\"_blank\" rel=\"noopener\"><b>Momentum<\/b><\/a><span style=\"font-weight: 400;\"> i <\/span><a href=\"https:\/\/talkie.ai\/pl\/\" target=\"_blank\" rel=\"noopener\"><b>Talkie.ai<\/b><\/a><span style=\"font-weight: 400;\">. Ich cenne spostrze\u017cenia i sprawdzone metody zosta\u0142y zebrane w jednym miejscu, aby zapewni\u0107 ci dost\u0119p do najskuteczniejszych narz\u0119dzi i technik marketingu konwersacyjnego!<\/span><\/p>                        <\/div>                                    <\/div>                <div class=\"col-lg-6 d-flex align-items-center justify-content-center justify-content-lg-start order-2\">                    <img decoding=\"async\" width=\"543\" height=\"499\" src=\"https:\/\/messageflow.com\/wp-content\/uploads\/2025\/03\/Report.png\" class=\"adjustable-element\" alt=\"Ok\u0142adka e-booka - Tw\u00f3j przewodnik po Marketingu Konwersacyjnym 2025\" srcset=\"https:\/\/messageflow.com\/wp-content\/uploads\/2025\/03\/Report.png 543w, https:\/\/messageflow.com\/wp-content\/uploads\/2025\/03\/Report-48x44.png 48w, https:\/\/messageflow.com\/wp-content\/uploads\/2025\/03\/Report-96x88.png 96w, https:\/\/messageflow.com\/wp-content\/uploads\/2025\/03\/Report-320x294.png 320w\" sizes=\"(max-width: 543px) 100vw, 543px\" \/>                <\/div>            <\/div>            <\/div><\/section><section id=\"form\" class=\"acf-block-content-with-media    c-mb-6 bg-white\">    <div class=\"container\">        <div class=\"row c-row-gap-only-6\">            <div class=\"col-lg-6 c-pr-lg-only-6 c-pr-xl-only-8 d-flex align-items-center justify-content-start order-2 order-lg-1\">                <img decoding=\"async\" width=\"768\" height=\"858\" src=\"https:\/\/messageflow.com\/wp-content\/uploads\/2025\/03\/LP-Quote-768x858.png\" class=\"adjustable-element d-block\" alt=\"Cytat Tomasz Pakulski\" srcset=\"https:\/\/messageflow.com\/wp-content\/uploads\/2025\/03\/LP-Quote-768x858.png 768w, https:\/\/messageflow.com\/wp-content\/uploads\/2025\/03\/LP-Quote-48x54.png 48w, https:\/\/messageflow.com\/wp-content\/uploads\/2025\/03\/LP-Quote-96x107.png 96w, https:\/\/messageflow.com\/wp-content\/uploads\/2025\/03\/LP-Quote-320x357.png 320w, https:\/\/messageflow.com\/wp-content\/uploads\/2025\/03\/LP-Quote-640x715.png 640w, https:\/\/messageflow.com\/wp-content\/uploads\/2025\/03\/LP-Quote-576x643.png 576w, https:\/\/messageflow.com\/wp-content\/uploads\/2025\/03\/LP-Quote-1152x1286.png 1152w, https:\/\/messageflow.com\/wp-content\/uploads\/2025\/03\/LP-Quote-1536x1715.png 1536w, https:\/\/messageflow.com\/wp-content\/uploads\/2025\/03\/LP-Quote-991x1107.png 991w, https:\/\/messageflow.com\/wp-content\/uploads\/2025\/03\/LP-Quote-1080x1206.png 1080w, https:\/\/messageflow.com\/wp-content\/uploads\/2025\/03\/LP-Quote.png 1620w\" sizes=\"(max-width: 768px) 100vw, 768px\" \/>            <\/div>            <div class=\"col-lg-6 d-flex flex-column c-row-gap-only-5 align-items-start justify-content-center order-1 order-lg-2\">                <div>                            <h2 class=\"h3  text-primary-900 text-start\">        Pobierz nasz e-book i wyprzed\u017a konkurencj\u0119!    <\/h2>                    <\/div>                <script>var gform;gform||(document.addEventListener(\"gform_main_scripts_loaded\",function(){gform.scriptsLoaded=!0}),document.addEventListener(\"gform\/theme\/scripts_loaded\",function(){gform.themeScriptsLoaded=!0}),window.addEventListener(\"DOMContentLoaded\",function(){gform.domLoaded=!0}),gform={domLoaded:!1,scriptsLoaded:!1,themeScriptsLoaded:!1,isFormEditor:()=>\"function\"==typeof InitializeEditor,callIfLoaded:function(o){return!(!gform.domLoaded||!gform.scriptsLoaded||!gform.themeScriptsLoaded&&!gform.isFormEditor()||(gform.isFormEditor()&&console.warn(\"The use of gform.initializeOnLoaded() is deprecated in the form editor context and will be removed in Gravity Forms 3.1.\"),o(),0))},initializeOnLoaded:function(o){gform.callIfLoaded(o)||(document.addEventListener(\"gform_main_scripts_loaded\",()=>{gform.scriptsLoaded=!0,gform.callIfLoaded(o)}),document.addEventListener(\"gform\/theme\/scripts_loaded\",()=>{gform.themeScriptsLoaded=!0,gform.callIfLoaded(o)}),window.addEventListener(\"DOMContentLoaded\",()=>{gform.domLoaded=!0,gform.callIfLoaded(o)}))},hooks:{action:{},filter:{}},addAction:function(o,r,e,t){gform.addHook(\"action\",o,r,e,t)},addFilter:function(o,r,e,t){gform.addHook(\"filter\",o,r,e,t)},doAction:function(o){gform.doHook(\"action\",o,arguments)},applyFilters:function(o){return gform.doHook(\"filter\",o,arguments)},removeAction:function(o,r){gform.removeHook(\"action\",o,r)},removeFilter:function(o,r,e){gform.removeHook(\"filter\",o,r,e)},addHook:function(o,r,e,t,n){null==gform.hooks[o][r]&&(gform.hooks[o][r]=[]);var d=gform.hooks[o][r];null==n&&(n=r+\"_\"+d.length),gform.hooks[o][r].push({tag:n,callable:e,priority:t=null==t?10:t})},doHook:function(r,o,e){var t;if(e=Array.prototype.slice.call(e,1),null!=gform.hooks[r][o]&&((o=gform.hooks[r][o]).sort(function(o,r){return o.priority-r.priority}),o.forEach(function(o){\"function\"!=typeof(t=o.callable)&&(t=window[t]),\"action\"==r?t.apply(null,e):e[0]=t.apply(null,e)})),\"filter\"==r)return e[0]},removeHook:function(o,r,t,n){var e;null!=gform.hooks[o][r]&&(e=(e=gform.hooks[o][r]).filter(function(o,r,e){return!!(null!=n&&n!=o.tag||null!=t&&t!=o.priority)}),gform.hooks[o][r]=e)}});<\/script>                <div class='gf_browser_gecko gform_wrapper gravity-theme gform-theme--no-framework' data-form-theme='gravity-theme' data-form-index='0' id='gform_wrapper_40' ><div id='gf_40' class='gform_anchor' tabindex='-1'><\/div><form method='post' enctype='multipart\/form-data' target='gform_ajax_frame_40' id='gform_40'  action='\/pl\/wp-json\/wp\/v2\/pages\/10090#gf_40' data-formid='40' novalidate><div class='gf_invisible ginput_recaptchav3' data-sitekey='6LewmlUqAAAAACw72GSTEdswuxtL36U24QLBMv4w' data-tabindex='0'><input id=\"input_abc9673fa7130763ceb742bf9992bdd6\" class=\"gfield_recaptcha_response\" type=\"hidden\" name=\"input_abc9673fa7130763ceb742bf9992bdd6\" value=\"\"\/><\/div>                        <div class='gform-body gform_body'><div id='gform_fields_40' class='gform_fields top_label form_sublabel_below description_below validation_below'><div id=\"field_40_4\" class=\"gfield gfield--type-honeypot gform_validation_container field_sublabel_below gfield--has-description field_description_below field_validation_below gfield_visibility_visible\"  ><label class='gfield_label gform-field-label' for='input_40_4'>Instagram<\/label><div class='ginput_container'><input name='input_4' id='input_40_4' type='text' value='' autocomplete='new-password'\/><\/div><div class='gfield_description' id='gfield_description_40_4'>To pole jest u\u017cywane do walidacji i powinno pozosta\u0107 niezmienione.<\/div><\/div><div id=\"field_40_1\" class=\"gfield gfield--type-email gfield--input-type-email gfield_contains_required field_sublabel_below gfield--no-description field_description_below field_validation_below gfield_visibility_visible\"  ><label class='gfield_label gform-field-label' for='input_40_1'>Wpisz sw\u00f3j adres e-mail<span class=\"gfield_required\"><span class=\"gfield_required gfield_required_text\">(wymagane)<\/span><\/span><\/label><div class='ginput_container ginput_container_email'>                            <input name='input_1' id='input_40_1' type='email' value='' class='large'    aria-required=\"true\" aria-invalid=\"false\"  \/>                        <\/div><\/div><fieldset id=\"field_40_2\" class=\"gfield gfield--type-consent gfield--type-choice gfield--input-type-consent gfield_contains_required field_sublabel_below gfield--no-description field_description_below hidden_label field_validation_below gfield_visibility_visible\"  ><legend class='gfield_label gform-field-label gfield_label_before_complex' >Consent<span class=\"gfield_required\"><span class=\"gfield_required gfield_required_text\">(wymagane)<\/span><\/span><\/legend><div class='ginput_container ginput_container_consent'><input name='input_2.1' id='input_40_2_1' type='checkbox' value='1'   aria-required=\"true\" aria-invalid=\"false\"   \/> <label class=\"gform-field-label gform-field-label--type-inline gfield_consent_label\" for='input_40_2_1' >Wyra\u017cam zgod\u0119 na otrzymywanie dalszych wiadomo\u015bci od MessageFlow.<span class=\"gfield_required gfield_required_text\">(wymagane)<\/span><\/label><input type='hidden' name='input_2.2' value='Wyra\u017cam zgod\u0119 na otrzymywanie dalszych wiadomo\u015bci od MessageFlow.' class='gform_hidden' \/><input type='hidden' name='input_2.3' value='7' class='gform_hidden' \/><\/div><\/fieldset><div id=\"field_40_3\" class=\"gfield gfield--type-html gfield--input-type-html privacy-policy gfield_html gfield_html_formatted gfield_no_follows_desc field_sublabel_below gfield--no-description field_description_below field_validation_below gfield_visibility_visible\"  ><p>Zobowi\u0105zujemy si\u0119 chroni\u0107 Twoj\u0105 prywatno\u015b\u0107. MessageFlow wykorzystuje podane informacje wy\u0142\u0105cznie do kontaktowania si\u0119 z u\u017cytkownikami w sprawie odpowiednich tre\u015bci, produkt\u00f3w i us\u0142ug. U\u017cytkownik mo\u017ce w dowolnym momencie zrezygnowa\u0107 z subskrypcji tych wiadomo\u015bci. Wi\u0119cej informacji mo\u017cna znale\u017a\u0107 w naszej <a href=\"https:\/\/messageflow.com\/pl\/polityka-prywatnosci\/\" target=\"_blank\">Polityce prywatno\u015bci<\/a>.<\/p><\/div><\/div><\/div>        <div class='gform-footer gform_footer top_label'> <button type=\"submit\" id=\"gform_submit_button_40\" class=\"gform_button button crunch-button crunch-button__full-background crunch-button__full-background--accent-yellow-color crunch-button__full-background--medium\" onclick=\"gform.submission.handleButtonClick(this);\" data-submission-type=\"submit\">Pobierz za darmo!<\/button> <input type='hidden' name='gform_ajax' value='form_id=40&amp;title=&amp;description=&amp;tabindex=0&amp;theme=gravity-theme&amp;styles=[]&amp;hash=1c37e0abb01012494d22e71e5d78a192' \/>            <input type='hidden' class='gform_hidden' name='gform_submission_method' data-js='gform_submission_method_40' value='iframe' \/>            <input type='hidden' class='gform_hidden' name='gform_theme' data-js='gform_theme_40' id='gform_theme_40' value='gravity-theme' \/>            <input type='hidden' class='gform_hidden' name='gform_style_settings' data-js='gform_style_settings_40' id='gform_style_settings_40' value='[]' \/>            <input type='hidden' class='gform_hidden' name='is_submit_40' value='1' \/>            <input type='hidden' class='gform_hidden' name='gform_submit' value='40' \/>                        <input type='hidden' class='gform_hidden' name='gform_currency' data-currency='PLN' value='Y17OrrmczocY3u1v1\/ECKlX7OEiixZFLXSCLDmbb3amsDDVS83U9dnh4YDSE2MyIkd5Lsl5UIZW08ngf4uBmabAU1trIQCfI3U9pJq5s\/Na8gWY=' \/>            <input type='hidden' class='gform_hidden' name='gform_unique_id' value='' \/>            <input type='hidden' class='gform_hidden' name='state_40' value='WyJ7XCIyLjFcIjpcIjFiNDdiMzM2YzAyNTVmNzgwY2MyOGQzY2I4MTJjZWYyXCIsXCIyLjJcIjpcIjk5YmEwZjZiOTBjMjU2YmY3OTZkODU1Y2JiZmIxZjA3XCIsXCIyLjNcIjpcIjQzOTQyYTQ1NDRmODQxYWFhOTY4ZGJmYjU3Y2MxODEyXCJ9IiwiNzk3ZmFlMmNiOTcxZjhlOWZjZjgzMTBlMDgzOTllOWYiXQ==' \/>            <input type='hidden' autocomplete='off' class='gform_hidden' name='gform_target_page_number_40' id='gform_target_page_number_40' value='0' \/>            <input type='hidden' autocomplete='off' class='gform_hidden' name='gform_source_page_number_40' id='gform_source_page_number_40' value='1' \/>            <input type='hidden' name='gform_field_values' value='' \/>                    <\/div>                        <\/form>                        <\/div>                <iframe style='display:none;width:0px;height:0px;' src='about:blank' name='gform_ajax_frame_40' id='gform_ajax_frame_40' title='Ten element iframe zawiera logik\u0119 wymagan\u0105 do obs\u0142ugi Gravity Forms u\u017cywaj\u0105cych technologii Ajax.'><\/iframe>                <script>gform.initializeOnLoaded( function() {gformInitSpinner( 40, 'data:image\/gif;base64,R0lGODlhAQABAIAAAAAAAP\/\/\/yH5BAEAAAAALAAAAAABAAEAAAIBRAA7', true );jQuery('#gform_ajax_frame_40').on('load',function(){var contents = jQuery(this).contents().find('*').html();var is_postback = contents.indexOf('GF_AJAX_POSTBACK') >= 0;if(!is_postback){return;}var form_content = jQuery(this).contents().find('#gform_wrapper_40');var is_confirmation = jQuery(this).contents().find('#gform_confirmation_wrapper_40').length > 0;var is_redirect = contents.indexOf('gformRedirect(){') >= 0;var is_form = form_content.length > 0 && ! is_redirect && ! is_confirmation;var mt = parseInt(jQuery('html').css('margin-top'), 10) + parseInt(jQuery('body').css('margin-top'), 10) + 100;if(is_form){jQuery('#gform_wrapper_40').html(form_content.html());if(form_content.hasClass('gform_validation_error')){jQuery('#gform_wrapper_40').addClass('gform_validation_error');} else {jQuery('#gform_wrapper_40').removeClass('gform_validation_error');}setTimeout( function() { \/* delay the scroll by 50 milliseconds to fix a bug in chrome *\/ jQuery(document).scrollTop(jQuery('#gform_wrapper_40').offset().top - mt); }, 50 );if(window['gformInitDatepicker']) {gformInitDatepicker();}if(window['gformInitPriceFields']) {gformInitPriceFields();}var current_page = jQuery('#gform_source_page_number_40').val();gformInitSpinner( 40, 'data:image\/gif;base64,R0lGODlhAQABAIAAAAAAAP\/\/\/yH5BAEAAAAALAAAAAABAAEAAAIBRAA7', true );jQuery(document).trigger('gform_page_loaded', [40, current_page]);window['gf_submitting_40'] = false;}else if(!is_redirect){var confirmation_content = jQuery(this).contents().find('.GF_AJAX_POSTBACK').html();if(!confirmation_content){confirmation_content = contents;}jQuery('#gform_wrapper_40').replaceWith(confirmation_content);jQuery(document).scrollTop(jQuery('#gf_40').offset().top - mt);jQuery(document).trigger('gform_confirmation_loaded', [40]);window['gf_submitting_40'] = false;wp.a11y.speak(jQuery('#gform_confirmation_message_40').text());}else{jQuery('#gform_40').append(contents);if(window['gformRedirect']) {gformRedirect();}}jQuery(document).trigger(\"gform_pre_post_render\", [{ formId: \"40\", currentPage: \"current_page\", abort: function() { this.preventDefault(); } }]);        if (event && event.defaultPrevented) {                return;        }        const gformWrapperDiv = document.getElementById( \"gform_wrapper_40\" );        if ( gformWrapperDiv ) {            const visibilitySpan = document.createElement( \"span\" );            visibilitySpan.id = \"gform_visibility_test_40\";            gformWrapperDiv.insertAdjacentElement( \"afterend\", visibilitySpan );        }        const visibilityTestDiv = document.getElementById( \"gform_visibility_test_40\" );        let postRenderFired = false;        function triggerPostRender() {            if ( postRenderFired ) {                return;            }            postRenderFired = true;            gform.core.triggerPostRenderEvents( 40, current_page );            if ( visibilityTestDiv ) {                visibilityTestDiv.parentNode.removeChild( visibilityTestDiv );            }        }        function debounce( func, wait, immediate ) {            var timeout;            return function() {                var context = this, args = arguments;                var later = function() {                    timeout = null;                    if ( !immediate ) func.apply( context, args );                };                var callNow = immediate && !timeout;                clearTimeout( timeout );                timeout = setTimeout( later, wait );                if ( callNow ) func.apply( context, args );            };        }        const debouncedTriggerPostRender = debounce( function() {            triggerPostRender();        }, 200 );        if ( visibilityTestDiv && visibilityTestDiv.offsetParent === null ) {            const observer = new MutationObserver( ( mutations ) => {                mutations.forEach( ( mutation ) => {                    if ( mutation.type === 'attributes' && visibilityTestDiv.offsetParent !== null ) {                        debouncedTriggerPostRender();                        observer.disconnect();                    }                });            });            observer.observe( document.body, {                attributes: true,                childList: false,                subtree: true,                attributeFilter: [ 'style', 'class' ],            });        } else {            triggerPostRender();        }    } );} );<\/script>            <\/div>        <\/div>    <\/div><\/section><div class=\"container\"><div class=\"row\"><div class=\"col-12\"><div class=\"entry-content\"><p><\/p><\/div><\/div><\/div><\/div>","protected":false},"excerpt":{"rendered":"","protected":false},"author":11,"featured_media":0,"parent":0,"menu_order":0,"comment_status":"closed","ping_status":"closed","template":"","meta":{"_acf_changed":false,"footnotes":""},"class_list":["post-10090","page","type-page","status-publish","hentry"],"acf":[],"_links":{"self":[{"href":"https:\/\/messageflow.com\/pl\/wp-json\/wp\/v2\/pages\/10090","targetHints":{"allow":["GET"]}}],"collection":[{"href":"https:\/\/messageflow.com\/pl\/wp-json\/wp\/v2\/pages"}],"about":[{"href":"https:\/\/messageflow.com\/pl\/wp-json\/wp\/v2\/types\/page"}],"author":[{"embeddable":true,"href":"https:\/\/messageflow.com\/pl\/wp-json\/wp\/v2\/users\/11"}],"replies":[{"embeddable":true,"href":"https:\/\/messageflow.com\/pl\/wp-json\/wp\/v2\/comments?post=10090"}],"version-history":[{"count":46,"href":"https:\/\/messageflow.com\/pl\/wp-json\/wp\/v2\/pages\/10090\/revisions"}],"predecessor-version":[{"id":14790,"href":"https:\/\/messageflow.com\/pl\/wp-json\/wp\/v2\/pages\/10090\/revisions\/14790"}],"wp:attachment":[{"href":"https:\/\/messageflow.com\/pl\/wp-json\/wp\/v2\/media?parent=10090"}],"curies":[{"name":"wp","href":"https:\/\/api.w.org\/{rel}","templated":true}]}}