{"id":10086,"date":"2025-03-28T08:42:01","date_gmt":"2025-03-28T08:42:01","guid":{"rendered":"https:\/\/messageflow.com\/?page_id=10086"},"modified":"2025-03-28T08:44:08","modified_gmt":"2025-03-28T08:44:08","slug":"integracja-messageflow-z-idosell","status":"publish","type":"page","link":"https:\/\/messageflow.com\/pl\/integracja-messageflow-z-idosell\/","title":{"rendered":"Integracja MessageFlow z IdoSell: Nowe mo\u017cliwo\u015bci dla Twojego e-commerce"},"content":{"rendered":"<section id=\"acf-block-hero-section-with-media-block_0407a895de649db2c1e8782dfdcfe11e\" class=\"position-relative js-hero acf-block-hero-section-with-media  c-mb-0 c-pt-only-6\">    <div class=\"container\">                <h1 class=\"h1  text-primary-900 text-center acf-block-hero-section-with-media__title\">        Integracja MessageFlow z IdoSell: <br \/>Nowe mo\u017cliwo\u015bci dla Twojego e-commerce    <\/h1>                        <div class=\"row c-mt-only-5 c-mt-lg-7 c-pt-lg-3\">                <div class=\"col-lg-6 order-2 order-lg-1\">                                                                <div class=\"entry-content fz-18 text-gray-700 lh-1-5 c-mt-lg-only-5\">                            <p>Informujemy, \u017ce od dzi\u015b dost\u0119pna jest integracja MessageFlow z platform\u0105 IdoSell. Integracja ta stanowi kolejny krok w naszej misji dostarczania kompleksowych rozwi\u0105za\u0144 komunikacyjnych dla bran\u017cy e-commerce.<\/p>                        <\/div>                                    <\/div>                                    <div class=\"d-flex align-items-center justify-content-center justify-content-lg-end c-pt-lg-only-5 c-pt-xl-0 order-1 order-lg-2 col-lg-6\">                        <div class=\"acf-block-hero-section-with-media__media-wrapper acf-block-hero-section-with-media__media-wrapper--1 overflow-hidden c-mb-only-5 c-mb-lg-0 rounded-24px\">                                                        <img decoding=\"async\" width=\"768\" height=\"602\" src=\"https:\/\/messageflow.com\/wp-content\/uploads\/2025\/03\/IdoSell_logo-2-768x602.png\" class=\"object-fit-cover w-100 h-100\" alt=\"IdoSell logo du\u017ce\" srcset=\"https:\/\/messageflow.com\/wp-content\/uploads\/2025\/03\/IdoSell_logo-2-768x602.png 768w, https:\/\/messageflow.com\/wp-content\/uploads\/2025\/03\/IdoSell_logo-2-48x38.png 48w, https:\/\/messageflow.com\/wp-content\/uploads\/2025\/03\/IdoSell_logo-2-96x75.png 96w, https:\/\/messageflow.com\/wp-content\/uploads\/2025\/03\/IdoSell_logo-2-320x251.png 320w, https:\/\/messageflow.com\/wp-content\/uploads\/2025\/03\/IdoSell_logo-2-640x501.png 640w, https:\/\/messageflow.com\/wp-content\/uploads\/2025\/03\/IdoSell_logo-2-576x451.png 576w, https:\/\/messageflow.com\/wp-content\/uploads\/2025\/03\/IdoSell_logo-2-991x776.png 991w, https:\/\/messageflow.com\/wp-content\/uploads\/2025\/03\/IdoSell_logo-2.png 1080w\" sizes=\"(max-width: 768px) 100vw, 768px\" \/>                        <\/div>                    <\/div>                            <\/div>            <\/div><\/section>    <div id=\"acf-block-default-content-block_22db758cf334da7abb34477ea396befa\" class=\"acf-block-default-content  bg-white text-gray-700  c-mt-0 c-mb-only-8\">        <div class=\"container\">            <div class=\"entry-content lh-1-75  entry-content--18\">                <h2><b>Czym jest IdoSell?<\/b><\/h2><p><b>IdoSell to zaawansowana platforma e-commerce, kt\u00f3ra umo\u017cliwia przedsi\u0119biorcom tworzenie i prowadzenie profesjonalnych sklep\u00f3w internetowych.<\/b><span style=\"font-weight: 400;\"> Rozwi\u0105zanie to wyr\u00f3\u017cnia si\u0119 szerokim wachlarzem funkcjonalno\u015bci, w tym zarz\u0105dzaniem produktami, obs\u0142ug\u0105 zam\u00f3wie\u0144, integracj\u0105 z systemami p\u0142atno\u015bci oraz narz\u0119dziami marketingowymi.\u00a0<\/span><\/p><p><span style=\"font-weight: 400;\">IdoSell cieszy si\u0119 zaufaniem tysi\u0119cy firm w Polsce i za granic\u0105, oferuj\u0105c stabilne i skalowalne rozwi\u0105zanie dostosowane do potrzeb zar\u00f3wno ma\u0142ych, jak i du\u017cych przedsi\u0119biorstw.<\/span><\/p><h2><b>Korzy\u015bci z integracji MessageFlow z IdoSell<\/b><\/h2><p><span style=\"font-weight: 400;\">Integracja MessageFlow z platform\u0105 IdoSell przynosi szereg wymiernych korzy\u015bci dla w\u0142a\u015bcicieli sklep\u00f3w internetowych.<\/span><\/p><p><span style=\"font-weight: 400;\">Jedn\u0105 z kluczowych zalet integracji jest wyj\u0105tkowa szybko\u015b\u0107 dostarczania e-maili transakcyjnych. Klienci otrzymuj\u0105 potwierdzenia zam\u00f3wie\u0144, informacje o statusie przesy\u0142ki czy przypomnienia o porzuconych koszykach praktycznie w czasie rzeczywistym. <\/span><b>Ta natychmiastowa komunikacja buduje zaufanie i znacz\u0105co zwi\u0119ksza prawdopodobie\u0144stwo, \u017ce klient powr\u00f3ci do sklepu przy kolejnych zakupach.<\/b><\/p><p><span style=\"font-weight: 400;\">Integraln\u0105 cz\u0119\u015bci\u0105 naszej strategii rozwoju jest sta\u0142e poszerzanie mo\u017cliwo\u015bci dla u\u017cytkownik\u00f3w IdoSell. W najbli\u017cszej przysz\u0142o\u015bci planujemy udost\u0119pnienie nowych kana\u0142\u00f3w komunikacji, takich jak powiadomienia mobile push, RCS i Viber. <\/span><b>Dzi\u0119ki temu w\u0142a\u015bciciele sklep\u00f3w b\u0119d\u0105 mogli dotrze\u0107 do swoich klient\u00f3w za pomoc\u0105 ich preferowanych kana\u0142\u00f3w komunikacji, co dodatkowo zwi\u0119kszy efektywno\u015b\u0107 ich dzia\u0142a\u0144 marketingowych i wzmocni ich relacje z klientami.<\/b><\/p><h2><b>Jak skorzysta\u0107 z integracji?<\/b><\/h2><p><b>Je\u015bli jeste\u015b zainteresowany integracj\u0105 MessageFlow z Twoim sklepem na platformie IdoSell, zach\u0119camy do <\/b><a href=\"https:\/\/messageflow.com\/pl\/kontakt\/\"><b>bezpo\u015bredniego kontaktu z naszym zespo\u0142em<\/b><\/a><b>! <\/b><span style=\"font-weight: 400;\">Nasi specjali\u015bci z przyjemno\u015bci\u0105 odpowiedz\u0105 na wszystkie Twoje pytania i przedstawi\u0105 szczeg\u00f3\u0142owe informacje dotycz\u0105ce procesu integracji.<\/span><\/p>            <\/div>        <\/div>    <\/div><section id=\"acf-block-text-call-to-action-with-logo-block_8b31a8296bd45ea073df743b9abe9415\" class=\"text-call-to-action-with-logo acf-block-text-call-to-action-with-logo  c-pt-only-8 c-pb-only-8 bg-primary-900\">    <div class=\"container\">        <div class=\"row\">            <div class=\"col-lg-8 c-pr-lg-0 d-flex flex-column c-row-gap-only-5\">                                    <a href=\"https:\/\/messageflow.com\/pl\/\"                        class=\"text-call-to-action-with-logo__logo hover-opacity-0-75\">                        <object type=\"image\/svg+xml\" data=\"https:\/\/messageflow.com\/wp-content\/uploads\/2024\/08\/logo-white.svg\" class=\"w-100 h-100 d-block object-fit-cover\"><\/object>                    <\/a>                                        <h2 class=\"h3  text-white text-start\">        Wybierz <span class=\"text-accent-green-500\">kompleksowe rozwi\u0105zanie<\/span> dla komunikacji wielokana\u0142owej    <\/h2>                        <div class=\"d-flex align-items-center gap-3\">                                <div class=\"crunch-button-wrapper c-mt-0\">            <a href=\"https:\/\/messageflow.com\/pl\/zarezerwuj-demo\/\" class=\"crunch-button crunch-button__full-background crunch-button__full-background--accent-yellow-color crunch-button__full-background--medium\" target=\"_self\">Zarezerwuj demo<\/a>        <\/div>                        <\/div>            <\/div>        <\/div>    <\/div><\/section><div class=\"text-call-to-action-with-logo__decor w-100\"><\/div>","protected":false},"excerpt":{"rendered":"","protected":false},"author":11,"featured_media":0,"parent":0,"menu_order":0,"comment_status":"closed","ping_status":"closed","template":"","meta":{"_acf_changed":false,"footnotes":""},"class_list":["post-10086","page","type-page","status-publish","hentry"],"acf":[],"_links":{"self":[{"href":"https:\/\/messageflow.com\/pl\/wp-json\/wp\/v2\/pages\/10086","targetHints":{"allow":["GET"]}}],"collection":[{"href":"https:\/\/messageflow.com\/pl\/wp-json\/wp\/v2\/pages"}],"about":[{"href":"https:\/\/messageflow.com\/pl\/wp-json\/wp\/v2\/types\/page"}],"author":[{"embeddable":true,"href":"https:\/\/messageflow.com\/pl\/wp-json\/wp\/v2\/users\/11"}],"replies":[{"embeddable":true,"href":"https:\/\/messageflow.com\/pl\/wp-json\/wp\/v2\/comments?post=10086"}],"version-history":[{"count":24,"href":"https:\/\/messageflow.com\/pl\/wp-json\/wp\/v2\/pages\/10086\/revisions"}],"predecessor-version":[{"id":10245,"href":"https:\/\/messageflow.com\/pl\/wp-json\/wp\/v2\/pages\/10086\/revisions\/10245"}],"wp:attachment":[{"href":"https:\/\/messageflow.com\/pl\/wp-json\/wp\/v2\/media?parent=10086"}],"curies":[{"name":"wp","href":"https:\/\/api.w.org\/{rel}","templated":true}]}}